{"id":100,"date":"2025-04-10T08:09:55","date_gmt":"2025-04-10T08:09:55","guid":{"rendered":"https:\/\/luxury.qweb.com.vn\/?page_id=100"},"modified":"2025-09-06T02:46:50","modified_gmt":"2025-09-06T02:46:50","slug":"dang-ky","status":"publish","type":"page","link":"https:\/\/luxuryprojects.vn\/vi\/dang-ky\/","title":{"rendered":"\u0110\u0103ng k\u00fd"},"content":{"rendered":"\n  <div class=\"banner has-hover bg-zoom-long\" id=\"banner-225316745\">\n          <div class=\"banner-inner fill\">\n        <div class=\"banner-bg fill\" >\n            <div class=\"bg fill bg-fill \"><\/div>\n                                    \n                    <\/div>\n\t\t\n        <div class=\"banner-layers container\">\n            <div class=\"fill banner-link\"><\/div>            \n   <div id=\"text-box-404499098\" class=\"text-box banner-layer x50 md-x50 lg-x50 y100 md-y100 lg-y100 res-text\">\n                     <div data-animate=\"fadeInRight\">           <div class=\"text-box-content text dark\">\n              \n              <div class=\"text-inner text-center\">\n                  \n\t<div id=\"text-323298064\" class=\"text text1\">\n\t\t\n<h3><b>\u0110\u0103ng K\u00fd<\/b><\/h3>\n<p>H\u00e3y \u0111\u1ec3 l\u1ea1i th\u00f4ng tin, ch\u00fang t\u00f4i s\u1ebd li\u00ean h\u1ec7 v\u1edbi b\u1ea1n s\u1edbm nh\u1ea5t c\u00f3 th\u1ec3<\/p>\n\t\t\t<\/div>\n\t\n              <\/div>\n           <\/div>\n       <\/div>                     \n<style>\n#text-box-404499098 {\n  width: 100%;\n}\n#text-box-404499098 .text-box-content {\n  font-size: 100%;\n}\n<\/style>\n    <\/div>\n \n        <\/div>\n      <\/div>\n\n            \n<style>\n#banner-225316745 {\n  padding-top: 700px;\n}\n#banner-225316745 .bg.bg-loaded {\n  background-image: url(https:\/\/luxuryprojects.vn\/vi\/wp-content\/uploads\/2025\/04\/pexels-lukas-rychvalsky-2889618.jpg);\n}\n#banner-225316745 .bg {\n  background-position: 64% 100%;\n}\n@media (min-width:550px) {\n  #banner-225316745 {\n    padding-top: 49%;\n  }\n}\n<\/style>\n  <\/div>\n\n\n\t<section class=\"section\" id=\"section_205668038\">\n\t\t<div class=\"bg section-bg fill bg-fill  \" >\n\n\t\t\t\n\t\t\t<div class=\"section-bg-overlay absolute fill\"><\/div>\n\t\t\t\n\n\t\t<\/div>\n\n\t\t\n\n\t\t<div class=\"section-content relative\">\n\t\t\t\n<div class=\"row align-center\"  id=\"row-2034074792\">\n\n\t<div id=\"col-582706058\" class=\"col medium-6 small-12 large-6\"  >\n\t\t\t\t<div class=\"col-inner dark\"  >\n\t\t\t\n\t\t\t\n\t<div id=\"text-2861109254\" class=\"text\">\n\t\t\n<h3>T\u01af V\u1ea4N MI\u1ec4N PH\u00cd<\/h3>\n\t\t\n<style>\n#text-2861109254 {\n  font-size: 1.1rem;\n  text-align: center;\n}\n@media (min-width:550px) {\n  #text-2861109254 {\n    font-size: 1.3rem;\n  }\n}\n<\/style>\n\t<\/div>\n\t\n<p data-start=\"641\" data-end=\"734\">\u0110\u1ed9i ng\u0169 Jim&#8217;s Luxury Properties s\u1eb5n s\u00e0ng h\u1ed7 tr\u1ee3 b\u1ea1n:<\/p>\n<ul data-start=\"737\" data-end=\"831\">\n<li data-start=\"737\" data-end=\"765\">\n<p data-start=\"739\" data-end=\"765\">Th\u00f4ng tin d\u1ef1 \u00e1n m\u1edbi nh\u1ea5t<\/p>\n<\/li>\n<li data-start=\"768\" data-end=\"796\">\n<p data-start=\"770\" data-end=\"796\">Gi\u1ea3i ph\u00e1p \u0111\u1ea7u t\u01b0 ph\u00f9 h\u1ee3p<\/p>\n<\/li>\n<li data-start=\"799\" data-end=\"827\">\n<p data-start=\"801\" data-end=\"827\">H\u1ed7 tr\u1ee3 ph\u00e1p l\u00fd minh b\u1ea1ch<\/p>\n<\/li>\n<\/ul>\n<p data-start=\"834\" data-end=\"886\">H\u00e3y \u0111\u1ec3 l\u1ea1i th\u00f4ng tin \u0111\u1ec3 \u0111\u01b0\u1ee3c k\u1ebft n\u1ed1i ngay h\u00f4m nay!<\/p>\n\n<div class=\"wpcf7 no-js\" id=\"wpcf7-f584-o1\" lang=\"vi\" dir=\"ltr\" data-wpcf7-id=\"584\">\n<div class=\"screen-reader-response\"><p role=\"status\" aria-live=\"polite\" aria-atomic=\"true\"><\/p> <ul><\/ul><\/div>\n<form action=\"\/vi\/wp-json\/wp\/v2\/pages\/100#wpcf7-f584-o1\" method=\"post\" class=\"wpcf7-form init\" aria-label=\"Form li\u00ean h\u1ec7\" novalidate=\"novalidate\" data-status=\"init\">\n<div style=\"display: none;\">\n<input type=\"hidden\" name=\"_wpcf7\" value=\"584\" \/>\n<input type=\"hidden\" name=\"_wpcf7_version\" value=\"6.0.6\" \/>\n<input type=\"hidden\" name=\"_wpcf7_locale\" value=\"vi\" \/>\n<input type=\"hidden\" name=\"_wpcf7_unit_tag\" value=\"wpcf7-f584-o1\" \/>\n<input type=\"hidden\" name=\"_wpcf7_container_post\" value=\"0\" \/>\n<input type=\"hidden\" name=\"_wpcf7_posted_data_hash\" value=\"\" \/>\n<input type=\"hidden\" name=\"_wpcf7_recaptcha_response\" value=\"\" \/>\n<\/div>\n<p><label> H\u1ecd v\u00e0 t\u00ean<br \/>\n<span class=\"wpcf7-form-control-wrap\" data-name=\"your-name\"><input size=\"40\" maxlength=\"400\" class=\"wpcf7-form-control wpcf7-text wpcf7-validates-as-required\" aria-required=\"true\" aria-invalid=\"false\" placeholder=\"Nh\u1eadp h\u1ecd v\u00e0 t\u00ean c\u1ee7a b\u1ea1n\" value=\"\" type=\"text\" name=\"your-name\" \/><\/span><br \/>\n<\/label>\n<\/p>\n<p><label> S\u1ed1 \u0111i\u1ec7n tho\u1ea1i<br \/>\n<span class=\"wpcf7-form-control-wrap\" data-name=\"your-phone\"><input size=\"40\" maxlength=\"400\" class=\"wpcf7-form-control wpcf7-tel wpcf7-validates-as-required wpcf7-text wpcf7-validates-as-tel\" aria-required=\"true\" aria-invalid=\"false\" placeholder=\"Nh\u1eadp s\u1ed1 \u0111i\u1ec7n tho\u1ea1i c\u1ee7a b\u1ea1n\" value=\"\" type=\"tel\" name=\"your-phone\" \/><\/span><br \/>\n<\/label>\n<\/p>\n<p><label> Email<br \/>\n<span class=\"wpcf7-form-control-wrap\" data-name=\"your-email\"><input size=\"40\" maxlength=\"400\" class=\"wpcf7-form-control wpcf7-email wpcf7-validates-as-required wpcf7-text wpcf7-validates-as-email\" aria-required=\"true\" aria-invalid=\"false\" placeholder=\"Nh\u1eadp \u0111\u1ecba ch\u1ec9 email c\u1ee7a b\u1ea1n\" value=\"\" type=\"email\" name=\"your-email\" \/><\/span><br \/>\n<\/label>\n<\/p>\n<p><label> Qu\u1ed1c gia<br \/>\n<span class=\"wpcf7-form-control-wrap\" data-name=\"your-country\"><input size=\"40\" maxlength=\"400\" class=\"wpcf7-form-control wpcf7-text wpcf7-validates-as-required\" aria-required=\"true\" aria-invalid=\"false\" placeholder=\"Nh\u1eadp qu\u1ed1c gia c\u1ee7a b\u1ea1n\" value=\"\" type=\"text\" name=\"your-country\" \/><\/span><br \/>\n<\/label>\n<\/p>\n<p><label> Quan t\u00e2m \u0111\u1ea7u t\u01b0<br \/>\n<span class=\"wpcf7-form-control-wrap\" data-name=\"your-message\"><textarea cols=\"40\" rows=\"10\" maxlength=\"2000\" class=\"wpcf7-form-control wpcf7-textarea\" aria-invalid=\"false\" placeholder=\"Chia s\u1ebb l\u0129nh v\u1ef1c \u0111\u1ea7u t\u01b0 b\u1ea1n quan t\u00e2m\" name=\"your-message\"><\/textarea><\/span><br \/>\n<\/label>\n<\/p>\n<p><input class=\"wpcf7-form-control wpcf7-submit has-spinner\" type=\"submit\" value=\"G\u1eedi th\u00f4ng tin\" \/>\n<\/p><div class=\"wpcf7-response-output\" aria-hidden=\"true\"><\/div>\n<\/form>\n<\/div>\n\n\t\t<\/div>\n\t\t\t\t\t<\/div>\n\n\t\n<\/div>\n\t\t<\/div>\n\n\t\t\n<style>\n#section_205668038 {\n  padding-top: 30px;\n  padding-bottom: 30px;\n  background-color: rgb(0,0,0);\n}\n#section_205668038 .section-bg-overlay {\n  background-color: rgba(0, 0, 0, 0.4);\n}\n#section_205668038 .section-bg.bg-loaded {\n  background-image: url(https:\/\/luxuryprojects.vn\/vi\/wp-content\/uploads\/2025\/04\/z6497951473123_62440bd65c7137cc055ab62d66ee2731.jpg);\n}\n<\/style>\n\t<\/section>\n\t\n","protected":false},"excerpt":{"rendered":"","protected":false},"author":1,"featured_media":0,"parent":0,"menu_order":0,"comment_status":"closed","ping_status":"closed","template":"page-transparent-header-light.php","meta":{"footnotes":""},"class_list":["post-100","page","type-page","status-publish","hentry"],"yoast_head":"<!-- This site is optimized with the Yoast SEO Premium plugin v21.4 (Yoast SEO v24.9) - https:\/\/yoast.com\/wordpress\/plugins\/seo\/ -->\n<title>\u0110\u0103ng k\u00fd - LUXURY PROJECTS<\/title>\n<meta name=\"description\" content=\"We curate the most exclusive real estate developments in Vietnam \u2013 from luxury beachfront apartments in Da Nang to private villas in Hoi An and Phu Quoc. Guided by the vision of \u201cLuxury Living with Smart Investments\u201d, we bridge the gap between high-end lifestyle and long-term financial returns. Luxury Projects\" \/>\n<meta name=\"robots\" content=\"index, follow, max-snippet:-1, max-image-preview:large, max-video-preview:-1\" \/>\n<link rel=\"canonical\" href=\"https:\/\/luxuryprojects.vn\/vi\/dang-ky\/\" \/>\n<meta property=\"og:locale\" content=\"vi_VN\" \/>\n<meta property=\"og:type\" content=\"article\" \/>\n<meta property=\"og:title\" content=\"\u0110\u0103ng k\u00fd\" \/>\n<meta property=\"og:description\" content=\"We curate the most exclusive real estate developments in Vietnam \u2013 from luxury beachfront apartments in Da Nang to private villas in Hoi An and Phu Quoc. Guided by the vision of \u201cLuxury Living with Smart Investments\u201d, we bridge the gap between high-end lifestyle and long-term financial returns. Luxury Projects\" \/>\n<meta property=\"og:url\" content=\"https:\/\/luxuryprojects.vn\/vi\/dang-ky\/\" \/>\n<meta property=\"og:site_name\" content=\"LUXURY PROJECTS\" \/>\n<meta property=\"article:modified_time\" content=\"2025-09-06T02:46:50+00:00\" \/>\n<meta name=\"twitter:card\" content=\"summary_large_image\" \/>\n<meta name=\"twitter:label1\" content=\"\u01af\u1edbc t\u00ednh th\u1eddi gian \u0111\u1ecdc\" \/>\n\t<meta name=\"twitter:data1\" content=\"1 ph\u00fat\" \/>\n<script type=\"application\/ld+json\" class=\"yoast-schema-graph\">{\"@context\":\"https:\/\/schema.org\",\"@graph\":[{\"@type\":\"WebPage\",\"@id\":\"https:\/\/luxuryprojects.vn\/vi\/dang-ky\/\",\"url\":\"https:\/\/luxuryprojects.vn\/vi\/dang-ky\/\",\"name\":\"\u0110\u0103ng k\u00fd - LUXURY PROJECTS\",\"isPartOf\":{\"@id\":\"https:\/\/luxuryprojects.vn\/vi\/#website\"},\"datePublished\":\"2025-04-10T08:09:55+00:00\",\"dateModified\":\"2025-09-06T02:46:50+00:00\",\"description\":\"We curate the most exclusive real estate developments in Vietnam \u2013 from luxury beachfront apartments in Da Nang to private villas in Hoi An and Phu Quoc. Guided by the vision of \u201cLuxury Living with Smart Investments\u201d, we bridge the gap between high-end lifestyle and long-term financial returns. Luxury Projects\",\"breadcrumb\":{\"@id\":\"https:\/\/luxuryprojects.vn\/vi\/dang-ky\/#breadcrumb\"},\"inLanguage\":\"vi\",\"potentialAction\":[{\"@type\":\"ReadAction\",\"target\":[\"https:\/\/luxuryprojects.vn\/vi\/dang-ky\/\"]}]},{\"@type\":\"BreadcrumbList\",\"@id\":\"https:\/\/luxuryprojects.vn\/vi\/dang-ky\/#breadcrumb\",\"itemListElement\":[{\"@type\":\"ListItem\",\"position\":1,\"name\":\"Home\",\"item\":\"https:\/\/luxuryprojects.vn\/vi\/\"},{\"@type\":\"ListItem\",\"position\":2,\"name\":\"\u0110\u0103ng k\u00fd\"}]},{\"@type\":\"WebSite\",\"@id\":\"https:\/\/luxuryprojects.vn\/vi\/#website\",\"url\":\"https:\/\/luxuryprojects.vn\/vi\/\",\"name\":\"LUXURY PROJECTS\",\"description\":\"Turning Dreams Into Addresses\",\"potentialAction\":[{\"@type\":\"SearchAction\",\"target\":{\"@type\":\"EntryPoint\",\"urlTemplate\":\"https:\/\/luxuryprojects.vn\/vi\/?s={search_term_string}\"},\"query-input\":{\"@type\":\"PropertyValueSpecification\",\"valueRequired\":true,\"valueName\":\"search_term_string\"}}],\"inLanguage\":\"vi\"}]}<\/script>\n<!-- \/ Yoast SEO Premium plugin. -->","yoast_head_json":{"title":"\u0110\u0103ng k\u00fd - LUXURY PROJECTS","description":"We curate the most exclusive real estate developments in Vietnam \u2013 from luxury beachfront apartments in Da Nang to private villas in Hoi An and Phu Quoc. Guided by the vision of \u201cLuxury Living with Smart Investments\u201d, we bridge the gap between high-end lifestyle and long-term financial returns. Luxury Projects","robots":{"index":"index","follow":"follow","max-snippet":"max-snippet:-1","max-image-preview":"max-image-preview:large","max-video-preview":"max-video-preview:-1"},"canonical":"https:\/\/luxuryprojects.vn\/vi\/dang-ky\/","og_locale":"vi_VN","og_type":"article","og_title":"\u0110\u0103ng k\u00fd","og_description":"We curate the most exclusive real estate developments in Vietnam \u2013 from luxury beachfront apartments in Da Nang to private villas in Hoi An and Phu Quoc. Guided by the vision of \u201cLuxury Living with Smart Investments\u201d, we bridge the gap between high-end lifestyle and long-term financial returns. Luxury Projects","og_url":"https:\/\/luxuryprojects.vn\/vi\/dang-ky\/","og_site_name":"LUXURY PROJECTS","article_modified_time":"2025-09-06T02:46:50+00:00","twitter_card":"summary_large_image","twitter_misc":{"\u01af\u1edbc t\u00ednh th\u1eddi gian \u0111\u1ecdc":"1 ph\u00fat"},"schema":{"@context":"https:\/\/schema.org","@graph":[{"@type":"WebPage","@id":"https:\/\/luxuryprojects.vn\/vi\/dang-ky\/","url":"https:\/\/luxuryprojects.vn\/vi\/dang-ky\/","name":"\u0110\u0103ng k\u00fd - LUXURY PROJECTS","isPartOf":{"@id":"https:\/\/luxuryprojects.vn\/vi\/#website"},"datePublished":"2025-04-10T08:09:55+00:00","dateModified":"2025-09-06T02:46:50+00:00","description":"We curate the most exclusive real estate developments in Vietnam \u2013 from luxury beachfront apartments in Da Nang to private villas in Hoi An and Phu Quoc. Guided by the vision of \u201cLuxury Living with Smart Investments\u201d, we bridge the gap between high-end lifestyle and long-term financial returns. Luxury Projects","breadcrumb":{"@id":"https:\/\/luxuryprojects.vn\/vi\/dang-ky\/#breadcrumb"},"inLanguage":"vi","potentialAction":[{"@type":"ReadAction","target":["https:\/\/luxuryprojects.vn\/vi\/dang-ky\/"]}]},{"@type":"BreadcrumbList","@id":"https:\/\/luxuryprojects.vn\/vi\/dang-ky\/#breadcrumb","itemListElement":[{"@type":"ListItem","position":1,"name":"Home","item":"https:\/\/luxuryprojects.vn\/vi\/"},{"@type":"ListItem","position":2,"name":"\u0110\u0103ng k\u00fd"}]},{"@type":"WebSite","@id":"https:\/\/luxuryprojects.vn\/vi\/#website","url":"https:\/\/luxuryprojects.vn\/vi\/","name":"LUXURY PROJECTS","description":"Turning Dreams Into Addresses","potentialAction":[{"@type":"SearchAction","target":{"@type":"EntryPoint","urlTemplate":"https:\/\/luxuryprojects.vn\/vi\/?s={search_term_string}"},"query-input":{"@type":"PropertyValueSpecification","valueRequired":true,"valueName":"search_term_string"}}],"inLanguage":"vi"}]}},"_links":{"self":[{"href":"https:\/\/luxuryprojects.vn\/vi\/wp-json\/wp\/v2\/pages\/100","targetHints":{"allow":["GET"]}}],"collection":[{"href":"https:\/\/luxuryprojects.vn\/vi\/wp-json\/wp\/v2\/pages"}],"about":[{"href":"https:\/\/luxuryprojects.vn\/vi\/wp-json\/wp\/v2\/types\/page"}],"author":[{"embeddable":true,"href":"https:\/\/luxuryprojects.vn\/vi\/wp-json\/wp\/v2\/users\/1"}],"replies":[{"embeddable":true,"href":"https:\/\/luxuryprojects.vn\/vi\/wp-json\/wp\/v2\/comments?post=100"}],"version-history":[{"count":10,"href":"https:\/\/luxuryprojects.vn\/vi\/wp-json\/wp\/v2\/pages\/100\/revisions"}],"predecessor-version":[{"id":957,"href":"https:\/\/luxuryprojects.vn\/vi\/wp-json\/wp\/v2\/pages\/100\/revisions\/957"}],"wp:attachment":[{"href":"https:\/\/luxuryprojects.vn\/vi\/wp-json\/wp\/v2\/media?parent=100"}],"curies":[{"name":"wp","href":"https:\/\/api.w.org\/{rel}","templated":true}]}}