{"id":102,"date":"2025-04-10T08:10:33","date_gmt":"2025-04-10T08:10:33","guid":{"rendered":"https:\/\/luxury.qweb.com.vn\/?page_id=102"},"modified":"2025-08-23T03:41:13","modified_gmt":"2025-08-23T03:41:13","slug":"ve-chung-toi","status":"publish","type":"page","link":"https:\/\/luxuryprojects.vn\/vi\/ve-chung-toi\/","title":{"rendered":"Gi\u1edbi thi\u1ec7u"},"content":{"rendered":"\n  <div class=\"banner has-hover bg-zoom-long\" id=\"banner-1194916463\">\n          <div class=\"banner-inner fill\">\n        <div class=\"banner-bg fill\" >\n            <div class=\"bg fill bg-fill \"><\/div>\n                                    \n                    <\/div>\n\t\t\n        <div class=\"banner-layers container\">\n            <div class=\"fill banner-link\"><\/div>            \n   <div id=\"text-box-2010578702\" class=\"text-box banner-layer x50 md-x50 lg-x50 y95 md-y95 lg-y95 res-text\">\n                     <div data-animate=\"fadeInRight\">           <div class=\"text-box-content text dark\">\n              \n              <div class=\"text-inner text-center\">\n                  \n\t<div id=\"text-4214694435\" class=\"text text1\">\n\t\t\n<h3><strong>V\u1ec1 ch\u00fang t\u00f4i<\/strong><\/h3>\n\t\t\t<\/div>\n\t\n              <\/div>\n           <\/div>\n       <\/div>                     \n<style>\n#text-box-2010578702 {\n  width: 85%;\n}\n#text-box-2010578702 .text-box-content {\n  font-size: 100%;\n}\n<\/style>\n    <\/div>\n \n        <\/div>\n      <\/div>\n\n            \n<style>\n#banner-1194916463 {\n  padding-top: 700px;\n}\n#banner-1194916463 .bg.bg-loaded {\n  background-image: url(https:\/\/luxuryprojects.vn\/vi\/wp-content\/uploads\/2025\/04\/pexels-pixabay-258154.jpg);\n}\n@media (min-width:550px) {\n  #banner-1194916463 {\n    padding-top: 49%;\n  }\n}\n<\/style>\n  <\/div>\n\n\n\t<section class=\"section has-parallax\" id=\"section_2053026254\">\n\t\t<div class=\"bg section-bg fill bg-fill  \" data-parallax-container=\".section\" data-parallax-background data-parallax=\"-7\">\n\n\t\t\t\n\t\t\t<div class=\"section-bg-overlay absolute fill\"><\/div>\n\t\t\t\n\n\t\t<\/div>\n\n\t\t\n\n\t\t<div class=\"section-content relative\">\n\t\t\t\n<div class=\"row align-middle\"  id=\"row-1842546084\">\n\n\t<div id=\"col-1379022736\" class=\"col medium-4 small-12 large-4\"  >\n\t\t\t\t<div class=\"col-inner text-center\"  >\n\t\t\t\n\t\t\t\n\t<div class=\"img has-hover x md-x lg-x y md-y lg-y\" id=\"image_1755868891\">\n\t\t\t\t\t\t<div data-animate=\"fadeInUp\">\t\t<div class=\"img-inner dark\" >\n\t\t\t<img loading=\"lazy\" decoding=\"async\" width=\"1000\" height=\"1000\" src=\"https:\/\/luxuryprojects.vn\/vi\/wp-content\/uploads\/2025\/04\/logo-2.png\" class=\"attachment-original size-original\" alt=\"\" srcset=\"https:\/\/luxuryprojects.vn\/vi\/wp-content\/uploads\/2025\/04\/logo-2.png 1000w, https:\/\/luxuryprojects.vn\/vi\/wp-content\/uploads\/2025\/04\/logo-2-300x300.png 300w, https:\/\/luxuryprojects.vn\/vi\/wp-content\/uploads\/2025\/04\/logo-2-600x600.png 600w, https:\/\/luxuryprojects.vn\/vi\/wp-content\/uploads\/2025\/04\/logo-2-100x100.png 100w\" sizes=\"auto, (max-width: 1000px) 100vw, 1000px\" \/>\t\t\t\t\t\t\n\t\t\t\t\t<\/div>\n\t\t<\/div>\t\t\t\t\t\t\n<style>\n#image_1755868891 {\n  width: 55%;\n}\n<\/style>\n\t<\/div>\n\t\n\t\t<\/div>\n\t\t\t\t\t<\/div>\n\n\t\n\n\t<div id=\"col-88818955\" class=\"col medium-8 small-12 large-8\"  >\n\t\t\t\t<div class=\"col-inner dark\"  >\n\t\t\t\n\t\t\t\n<h2 data-start=\"136\" data-end=\"157\">LUXURY PROJECTS<\/h2>\n<p data-start=\"159\" data-end=\"643\">T\u1ea1i <strong data-start=\"163\" data-end=\"182\">Luxury Projects<\/strong>, ch\u00fang t\u00f4i kh\u00f4ng ch\u1ec9 d\u1eebng l\u1ea1i \u1edf vi\u1ec7c mang \u0111\u1ebfn nh\u1eefng s\u1ea3n ph\u1ea9m b\u1ea5t \u0111\u1ed9ng s\u1ea3n th\u00f4ng th\u01b0\u1eddng, m\u00e0 c\u00f2n ki\u1ebfn t\u1ea1o s\u1ef1 k\u1ebft h\u1ee3p ho\u00e0n h\u1ea3o gi\u1eefa <strong data-start=\"312\" data-end=\"355\">\u0111\u1eb3ng c\u1ea5p, ti\u1ec7n nghi v\u00e0 gi\u00e1 tr\u1ecb b\u1ec1n v\u1eefng<\/strong>. Danh m\u1ee5c d\u1ef1 \u00e1n \u0111\u01b0\u1ee3c tuy\u1ec3n ch\u1ecdn k\u1ef9 l\u01b0\u1ee1ng, \u0111\u00e1p \u1ee9ng nh\u1eefng ti\u00eau chu\u1ea9n kh\u1eaft khe nh\u1ea5t v\u1ec1 <strong data-start=\"440\" data-end=\"480\">thi\u1ebft k\u1ebf, v\u1ecb tr\u00ed v\u00e0 ti\u1ec1m n\u0103ng \u0111\u1ea7u t\u01b0<\/strong>. M\u1ed7i c\u00f4ng tr\u00ecnh \u0111\u1ec1u \u0111\u01b0\u1ee3c l\u1ef1a ch\u1ecdn kh\u00f4ng ch\u1ec9 b\u1edfi v\u1ebb \u0111\u1eb9p ki\u1ebfn tr\u00fac v\u00e0 h\u1ec7 ti\u1ec7n \u00edch cao c\u1ea5p, m\u00e0 c\u00f2n b\u1edfi kh\u1ea3 n\u0103ng t\u1ea1o ra <strong data-start=\"597\" data-end=\"640\">gi\u00e1 tr\u1ecb sinh l\u1eddi \u1ed5n \u0111\u1ecbnh theo th\u1eddi gian<\/strong>.<\/p>\n<p data-start=\"645\" data-end=\"1086\">V\u1edbi <strong data-start=\"649\" data-end=\"682\">am hi\u1ec3u th\u1ecb tr\u01b0\u1eddng \u0111\u1ecba ph\u01b0\u01a1ng<\/strong> k\u1ebft h\u1ee3p c\u00f9ng <strong data-start=\"696\" data-end=\"716\">t\u1ea7m nh\u00ecn qu\u1ed1c t\u1ebf<\/strong>, ch\u00fang t\u00f4i mang \u0111\u1ebfn d\u1ecbch v\u1ee5 t\u01b0 v\u1ea5n c\u00e1 nh\u00e2n h\u00f3a d\u00e0nh cho nh\u1eefng kh\u00e1ch h\u00e0ng tinh t\u1ebf, t\u00ecm ki\u1ebfm s\u1ef1 c\u00e2n b\u1eb1ng gi\u1eefa <strong data-start=\"825\" data-end=\"856\">tr\u1ea3i nghi\u1ec7m s\u1ed1ng th\u01b0\u1ee3ng l\u01b0u<\/strong> v\u00e0 <strong data-start=\"860\" data-end=\"894\">t\u0103ng tr\u01b0\u1edfng t\u00e0i ch\u00ednh b\u1ec1n v\u1eefng<\/strong>. D\u00f9 \u0111\u00f3 l\u00e0 <strong data-start=\"905\" data-end=\"939\">ng\u00f4i nh\u00e0 ngh\u1ec9 d\u01b0\u1ee1ng sang tr\u1ecdng<\/strong>, <strong data-start=\"941\" data-end=\"967\">t\u00e0i s\u1ea3n \u0111\u1ea7u t\u01b0 l\u00e2u d\u00e0i<\/strong>, hay <strong data-start=\"973\" data-end=\"996\">ch\u1ed1n an c\u01b0 l\u00fd t\u01b0\u1edfng<\/strong>, Luxury Projects lu\u00f4n cam k\u1ebft \u0111\u1eb7t n\u1ec1n t\u1ea3ng tr\u00ean <strong data-start=\"1045\" data-end=\"1083\">ch\u1ea5t l\u01b0\u1ee3ng, chi\u1ebfn l\u01b0\u1ee3c v\u00e0 ni\u1ec1m tin<\/strong>.<\/p>\n\t\t<\/div>\n\t\t\t\t\t<\/div>\n\n\t\n<\/div>\n\t\t<\/div>\n\n\t\t\n<style>\n#section_2053026254 {\n  padding-top: 60px;\n  padding-bottom: 60px;\n}\n#section_2053026254 .section-bg-overlay {\n  background-color: rgba(0, 0, 0, 0.65);\n}\n#section_2053026254 .section-bg.bg-loaded {\n  background-image: url(https:\/\/luxuryprojects.vn\/vi\/wp-content\/uploads\/2025\/04\/z6497414976941_c22e5098cd807312388679d38933d9fb.jpg);\n}\n#section_2053026254 .section-bg {\n  background-position: 46% 2%;\n}\n<\/style>\n\t<\/section>\n\t\n\t<section class=\"section\" id=\"section_1210332794\">\n\t\t<div class=\"bg section-bg fill bg-fill  bg-loaded\" >\n\n\t\t\t\n\t\t\t\n\t\t\t\n\n\t\t<\/div>\n\n\t\t\n\n\t\t<div class=\"section-content relative\">\n\t\t\t\n<div class=\"row align-middle\"  id=\"row-407688792\">\n\n\t<div id=\"col-281712709\" class=\"col medium-4 small-12 large-4\"  >\n\t\t\t\t<div class=\"col-inner text-center\"  >\n\t\t\t\n\t\t\t\n\t<div id=\"text-1028886020\" class=\"text\">\n\t\t\n<h2 class=\"thin-font\" data-start=\"80\" data-end=\"95\"><strong data-start=\"80\" data-end=\"93\">H\u1ecfi &amp; \u0110\u00e1p<\/strong><\/h2>\n<p class=\"thin-font\" data-start=\"97\" data-end=\"183\">M\u1ed9t s\u1ed1 c\u00e2u h\u1ecfi v\u00e0 c\u00e2u tr\u1ea3 l\u1eddi c\u00f3 th\u1ec3 gi\u00fap b\u1ea1n gi\u1ea3i quy\u1ebft nh\u1eefng v\u1ea5n \u0111\u1ec1 \u0111ang g\u1eb7p ph\u1ea3i.<\/p>\n\t\t\n<style>\n#text-1028886020 {\n  font-size: 1.2rem;\n}\n<\/style>\n\t<\/div>\n\t\n\t\t<\/div>\n\t\t\t\t\t<\/div>\n\n\t\n\n\t<div id=\"col-87421532\" class=\"col medium-8 small-12 large-8\"  >\n\t\t\t\t<div class=\"col-inner\"  >\n\t\t\t\n\t\t\t\n<div class=\"accordion\">\n\t<div id=\"accordion-3940112447\" class=\"accordion-item\">\n\t\t<a id=\"accordion-3940112447-label\" class=\"accordion-title plain active\" href=\"#accordion-item-t\u1ea1i-sao-\u0110\u00e0-n\u1eb5ng-l\u00e0-vi\u00ean-ng\u1ecdc-\u1ea9n-c\u1ee7a-\u0110\u00f4ng-nam-\u00c1?\" aria-expanded=\"true\" aria-controls=\"accordion-3940112447-content\" >\n\t\t\t<button class=\"toggle\" aria-label=\"Chuy\u1ec3n \u0111\u1ed5i\"><i class=\"icon-angle-down\"><\/i><\/button>\n\t\t\t<span>T\u1ea1i sao \u0110\u00e0 N\u1eb5ng l\u00e0 vi\u00ean ng\u1ecdc \u1ea9n c\u1ee7a \u0110\u00f4ng Nam \u00c1?<\/span>\n\t\t<\/a>\n\t\t<div id=\"accordion-3940112447-content\" class=\"accordion-inner\" style=\"display: block;\" aria-labelledby=\"accordion-3940112447-label\" >\n\t\t\t\n<p class=\"thin-font\" data-start=\"87\" data-end=\"461\">\u0110\u00e0 N\u1eb5ng l\u00e0 vi\u00ean ng\u1ecdc \u1ea9n c\u1ee7a \u0110\u00f4ng Nam \u00c1 nh\u1edd <strong data-start=\"130\" data-end=\"228\">s\u1ef1 h\u00f2a quy\u1ec7n hi\u1ebfm c\u00f3 gi\u1eefa v\u1ebb \u0111\u1eb9p thi\u00ean nhi\u00ean, b\u1ea3n s\u1eafc v\u0103n h\u00f3a phong ph\u00fa v\u00e0 s\u1ef1 tinh t\u1ebf hi\u1ec7n \u0111\u1ea1i<\/strong>. N\u1eb1m gi\u1eefa <strong data-start=\"239\" data-end=\"264\">v\u1ebb c\u1ed5 k\u00ednh c\u1ee7a H\u1ed9i An<\/strong> v\u00e0 <strong data-start=\"268\" data-end=\"298\">di s\u1ea3n ho\u00e0ng tri\u1ec1u c\u1ee7a Hu\u1ebf<\/strong>, \u0110\u00e0 N\u1eb5ng s\u1edf h\u1eefu nh\u1eefng b\u00e3i bi\u1ec3n nguy\u00ean s\u01a1, n\u1ec1n \u1ea9m th\u1ef1c s\u00f4i \u0111\u1ed9ng v\u00e0 c\u01a1 s\u1edf h\u1ea1 t\u1ea7ng \u0111\u1eb3ng c\u1ea5p th\u1ebf gi\u1edbi \u2013 <strong data-start=\"399\" data-end=\"458\">t\u1ea5t c\u1ea3 m\u00e0 kh\u00f4ng qu\u00e1 \u0111\u00f4ng \u0111\u00fac nh\u01b0 c\u00e1c th\u00e0nh ph\u1ed1 l\u1edbn kh\u00e1c<\/strong>. V\u1edbi danh ti\u1ebfng \u0111ang ng\u00e0y c\u00e0ng \u0111\u01b0\u1ee3c kh\u1eb3ng \u0111\u1ecbnh l\u00e0 <strong data-start=\"512\" data-end=\"562\">trung t\u00e2m s\u1ed1ng sang tr\u1ecdng v\u00e0 \u0111\u1ea7u t\u01b0 th\u00f4ng minh<\/strong>, \u0110\u00e0 N\u1eb5ng kh\u00f4ng ch\u1ec9 l\u00e0 \u0111i\u1ec3m \u0111\u1ebfn m\u00e0 c\u00f2n l\u00e0 <strong data-start=\"604\" data-end=\"688\">l\u1ed1i s\u1ed1ng d\u00e0nh cho nh\u1eefng ai t\u00ecm ki\u1ebfm s\u1ef1 ch\u00e2n th\u1ef1c, thanh l\u1ecbch v\u00e0 gi\u00e1 tr\u1ecb b\u1ec1n v\u1eefng<\/strong> \u2013 t\u1ea5t c\u1ea3 g\u00f3i g\u1ecdn trong m\u1ed9t n\u01a1i tuy\u1ec7t v\u1eddi.<\/p>\n\t\t<\/div>\n\t<\/div>\n\t\n\t<div id=\"accordion-4072809028\" class=\"accordion-item\">\n\t\t<a id=\"accordion-4072809028-label\" class=\"accordion-title plain\" href=\"#accordion-item-3-sai-l\u1ea7m-c\u1ea7n-tr\u00e1nh-khi-ng\u01b0\u1eddi-n\u01b0\u1edbc-ngo\u00e0i-mua-b\u1ea5t-\u0110\u1ed9ng-s\u1ea3n\" aria-expanded=\"false\" aria-controls=\"accordion-4072809028-content\" >\n\t\t\t<button class=\"toggle\" aria-label=\"Chuy\u1ec3n \u0111\u1ed5i\"><i class=\"icon-angle-down\"><\/i><\/button>\n\t\t\t<span>3 Sai L\u1ea7m C\u1ea7n Tr\u00e1nh Khi Ng\u01b0\u1eddi N\u01b0\u1edbc Ngo\u00e0i Mua B\u1ea5t \u0110\u1ed9ng S\u1ea3n<\/span>\n\t\t<\/a>\n\t\t<div id=\"accordion-4072809028-content\" class=\"accordion-inner\" aria-labelledby=\"accordion-4072809028-label\" >\n\t\t\t\n<p data-start=\"107\" data-end=\"431\"><strong data-start=\"107\" data-end=\"140\">1. B\u1ecf qua c\u00e1c h\u1ea1n ch\u1ebf ph\u00e1p l\u00fd<\/strong><br data-start=\"140\" data-end=\"143\" \/>Ng\u01b0\u1eddi n\u01b0\u1edbc ngo\u00e0i th\u01b0\u1eddng \u0111\u00e1nh gi\u00e1 th\u1ea5p c\u00e1c quy \u0111\u1ecbnh v\u1ec1 s\u1edf h\u1eefu b\u1ea5t \u0111\u1ed9ng s\u1ea3n t\u1ea1i Vi\u1ec7t Nam. M\u1eb7c d\u00f9 b\u1ea1n c\u00f3 th\u1ec3 s\u1edf h\u1eefu t\u00e0i s\u1ea3n, nh\u01b0ng c\u00f3 <strong data-start=\"274\" data-end=\"321\">gi\u1edbi h\u1ea1n v\u1ec1 quy\u1ec1n s\u1eed d\u1ee5ng \u0111\u1ea5t v\u00e0 lo\u1ea1i d\u1ef1 \u00e1n<\/strong>. Lu\u00f4n <strong data-start=\"328\" data-end=\"378\">tham kh\u1ea3o \u00fd ki\u1ebfn chuy\u00ean gia ph\u00e1p l\u00fd \u0111\u1ecba ph\u01b0\u01a1ng<\/strong> \u0111\u1ec3 \u0111\u1ea3m b\u1ea3o tu\u00e2n th\u1ee7 v\u00e0 tr\u00e1nh nh\u1eefng r\u1ee7i ro t\u1ed1n k\u00e9m.<\/p>\n<p data-start=\"433\" data-end=\"746\"><strong data-start=\"433\" data-end=\"486\">2. B\u1ecf qua b\u01b0\u1edbc th\u1ea9m \u0111\u1ecbnh k\u1ef9 l\u01b0\u1ee1ng (Due Diligence)<\/strong><br data-start=\"486\" data-end=\"489\" \/>\u0110\u1eebng ch\u1ec9 d\u1ef1a v\u00e0o nh\u1eefng <strong data-start=\"512\" data-end=\"564\">t\u1edd r\u01a1i sang tr\u1ecdng ho\u1eb7c b\u00e0i thuy\u1ebft tr\u00ecnh b\u00e1n h\u00e0ng<\/strong>. H\u00e3y t\u00ecm hi\u1ec3u <strong data-start=\"579\" data-end=\"671\">uy t\u00edn c\u1ee7a ch\u1ee7 \u0111\u1ea7u t\u01b0, t\u00ecnh tr\u1ea1ng ph\u00e1p l\u00fd d\u1ef1 \u00e1n, ti\u1ebfn \u0111\u1ed9 x\u00e2y d\u1ef1ng v\u00e0 minh b\u1ea1ch t\u00e0i ch\u00ednh<\/strong>. Thi\u1ebfu nghi\u00ean c\u1ee9u c\u00f3 th\u1ec3 d\u1eabn \u0111\u1ebfn <strong data-start=\"705\" data-end=\"743\">giao nh\u00e0 ch\u1eadm ho\u1eb7c r\u1eafc r\u1ed1i ph\u00e1p l\u00fd<\/strong>.<\/p>\n<p data-start=\"748\" data-end=\"1076\"><strong data-start=\"748\" data-end=\"791\">3. Ch\u1ec9 t\u1eadp trung v\u00e0o l\u1ee3i nhu\u1eadn ng\u1eafn h\u1ea1n<\/strong><br data-start=\"791\" data-end=\"794\" \/>M\u1ed9t s\u1ed1 nh\u00e0 \u0111\u1ea7u t\u01b0 ch\u1ec9 ch\u00fa tr\u1ecdng v\u00e0o <strong data-start=\"830\" data-end=\"855\">l\u1ee3i nhu\u1eadn nhanh ch\u00f3ng<\/strong> m\u00e0 b\u1ecf qua <strong data-start=\"866\" data-end=\"947\">xu h\u01b0\u1edbng th\u1ecb tr\u01b0\u1eddng d\u00e0i h\u1ea1n, ti\u1ec1m n\u0103ng cho thu\u00ea, hay t\u00ednh b\u1ec1n v\u1eefng c\u1ee7a v\u1ecb tr\u00ed<\/strong>. \u0110\u1ea7u t\u01b0 th\u00f4ng minh t\u1ea1i Vi\u1ec7t Nam c\u1ea7n <strong data-start=\"984\" data-end=\"1035\">c\u00e2n b\u1eb1ng gi\u1eefa gi\u00e1 tr\u1ecb s\u1ed1ng v\u00e0 l\u1ee3i nhu\u1eadn \u1ed5n \u0111\u1ecbnh<\/strong>, lu\u00f4n ngh\u0129 \u0111\u1ebfn <strong data-start=\"1051\" data-end=\"1073\">b\u1ee9c tranh t\u1ed5ng th\u1ec3<\/strong>.<\/p>\n\t\t<\/div>\n\t<\/div>\n\t\n\t<div id=\"accordion-3213058510\" class=\"accordion-item\">\n\t\t<a id=\"accordion-3213058510-label\" class=\"accordion-title plain\" href aria-expanded=\"false\" aria-controls=\"accordion-3213058510-content\" >\n\t\t\t<button class=\"toggle\" aria-label=\"Chuy\u1ec3n \u0111\u1ed5i\"><i class=\"icon-angle-down\"><\/i><\/button>\n\t\t\t<span>Lu\u1eadt B\u1ea5t \u0110\u1ed9ng S\u1ea3n Vi\u1ec7t Nam: H\u01b0\u1edbng D\u1eabn Nhanh Cho Nh\u00e0 \u0110\u1ea7u T\u01b0 Qu\u1ed1c T\u1ebf<\/span>\n\t\t<\/a>\n\t\t<div id=\"accordion-3213058510-content\" class=\"accordion-inner\" aria-labelledby=\"accordion-3213058510-label\" >\n\t\t\t\n<p data-start=\"101\" data-end=\"173\"><strong data-start=\"101\" data-end=\"171\">Lu\u1eadt B\u1ea5t \u0110\u1ed9ng S\u1ea3n Vi\u1ec7t Nam: H\u01b0\u1edbng D\u1eabn Nhanh Cho Nh\u00e0 \u0110\u1ea7u T\u01b0 Qu\u1ed1c T\u1ebf<\/strong><\/p>\n<p data-start=\"175\" data-end=\"566\">Vi\u1ec7t Nam ch\u00e0o \u0111\u00f3n c\u00e1c nh\u00e0 \u0111\u1ea7u t\u01b0 n\u01b0\u1edbc ngo\u00e0i, nh\u01b0ng <strong data-start=\"226\" data-end=\"269\">hi\u1ec3u r\u00f5 khung ph\u00e1p l\u00fd l\u00e0 \u0111i\u1ec1u thi\u1ebft y\u1ebfu<\/strong> \u0111\u1ec3 \u0111\u1ea3m b\u1ea3o quy\u1ec1n s\u1edf h\u1eefu b\u1ea5t \u0111\u1ed9ng s\u1ea3n an to\u00e0n v\u00e0 th\u00e0nh c\u00f4ng. M\u1eb7c d\u00f9 ng\u01b0\u1eddi n\u01b0\u1edbc ngo\u00e0i \u0111\u01b0\u1ee3c ph\u00e9p mua <strong data-start=\"368\" data-end=\"391\">b\u1ea5t \u0111\u1ed9ng s\u1ea3n d\u00e2n c\u01b0<\/strong>\u2014nh\u01b0 c\u0103n h\u1ed9 chung c\u01b0 v\u00e0 m\u1ed9t s\u1ed1 nh\u00e0 \u0111\u1ea5t trong c\u00e1c d\u1ef1 \u00e1n \u0111\u01b0\u1ee3c ph\u00ea duy\u1ec7t\u2014nh\u01b0ng <strong data-start=\"467\" data-end=\"509\">quy\u1ec1n s\u1edf h\u1eefu \u0111\u1ea5t v\u1eabn thu\u1ed9c v\u1ec1 Nh\u00e0 n\u01b0\u1edbc<\/strong>, v\u00ec t\u1ea5t c\u1ea3 \u0111\u1ea5t \u0111ai \u1edf Vi\u1ec7t Nam \u0111\u1ec1u do Nh\u00e0 n\u01b0\u1edbc qu\u1ea3n l\u00fd.<\/p>\n<p data-start=\"568\" data-end=\"953\">C\u00e1 nh\u00e2n n\u01b0\u1edbc ngo\u00e0i c\u00f3 th\u1ec3 n\u1eafm gi\u1eef <strong data-start=\"602\" data-end=\"667\">quy\u1ec1n s\u1eed d\u1ee5ng \u0111\u1ea5t theo h\u00ecnh th\u1ee9c thu\u00ea 50 n\u0103m (c\u00f3 th\u1ec3 gia h\u1ea1n)<\/strong>, v\u00e0 <strong data-start=\"672\" data-end=\"700\">quy\u1ec1n s\u1edf h\u1eefu b\u1ecb gi\u1edbi h\u1ea1n<\/strong>: t\u1ed1i \u0111a 30% s\u1ed1 c\u0103n trong m\u1ed9t t\u00f2a chung c\u01b0 ho\u1eb7c 10% s\u1ed1 nh\u00e0 trong m\u1ed9t d\u1ef1 \u00e1n nh\u00e0 \u0111\u1ea5t. Mua b\u1ea5t \u0111\u1ed9ng s\u1ea3n ph\u1ea3i th\u00f4ng qua <strong data-start=\"816\" data-end=\"843\">ch\u1ee7 \u0111\u1ea7u t\u01b0 c\u00f3 gi\u1ea5y ph\u00e9p<\/strong>, v\u00e0 nh\u00e0 \u0111\u1ea7u t\u01b0 n\u00ean <strong data-start=\"863\" data-end=\"950\">\u0111\u1ea3m b\u1ea3o d\u1ef1 \u00e1n c\u00f3 \u0111\u1ea7y \u0111\u1ee7 h\u1ed3 s\u01a1 ph\u00e1p l\u00fd v\u00e0 \u0111\u01b0\u1ee3c ph\u00ea duy\u1ec7t cho ng\u01b0\u1eddi n\u01b0\u1edbc ngo\u00e0i s\u1edf h\u1eefu<\/strong>.<\/p>\n<p data-start=\"955\" data-end=\"1166\">L\u00e0m vi\u1ec7c v\u1edbi <strong data-start=\"968\" data-end=\"1040\">c\u00e1c chuy\u00ean gia ph\u00e1p l\u00fd uy t\u00edn v\u00e0 m\u00f4i gi\u1edbi b\u1ea5t \u0111\u1ed9ng s\u1ea3n chuy\u00ean nghi\u1ec7p<\/strong> s\u1ebd gi\u00fap b\u1ea1n <strong data-start=\"1053\" data-end=\"1105\">tu\u00e2n th\u1ee7 lu\u1eadt ph\u00e1p \u0111\u1ecba ph\u01b0\u01a1ng, gi\u1ea3m thi\u1ec3u r\u1ee7i ro<\/strong>, v\u00e0 mang l\u1ea1i <strong data-start=\"1119\" data-end=\"1163\">s\u1ef1 an t\u00e2m xuy\u00ean su\u1ed1t qu\u00e1 tr\u00ecnh giao d\u1ecbch<\/strong>.<\/p>\n\t\t<\/div>\n\t<\/div>\n\t\n<\/div>\n\t\t<\/div>\n\t\t\t\t\t<\/div>\n\n\t\n<\/div>\n\t\t<\/div>\n\n\t\t\n<style>\n#section_1210332794 {\n  padding-top: 30px;\n  padding-bottom: 30px;\n}\n<\/style>\n\t<\/section>\n\t\n","protected":false},"excerpt":{"rendered":"","protected":false},"author":1,"featured_media":0,"parent":0,"menu_order":0,"comment_status":"closed","ping_status":"closed","template":"page-transparent-header-light.php","meta":{"footnotes":""},"class_list":["post-102","page","type-page","status-publish","hentry"],"yoast_head":"<!-- This site is optimized with the Yoast SEO Premium plugin v21.4 (Yoast SEO v24.9) - https:\/\/yoast.com\/wordpress\/plugins\/seo\/ -->\n<title>Gi\u1edbi thi\u1ec7u - LUXURY PROJECTS<\/title>\n<meta name=\"description\" content=\"We curate the most exclusive real estate developments in Vietnam \u2013 from luxury beachfront apartments in Da Nang to private villas in Hoi An and Phu Quoc. Guided by the vision of \u201cLuxury Living with Smart Investments\u201d, we bridge the gap between high-end lifestyle and long-term financial returns. Luxury Projects\" \/>\n<meta name=\"robots\" content=\"index, follow, max-snippet:-1, max-image-preview:large, max-video-preview:-1\" \/>\n<link rel=\"canonical\" href=\"https:\/\/luxuryprojects.vn\/vi\/ve-chung-toi\/\" \/>\n<meta property=\"og:locale\" content=\"vi_VN\" \/>\n<meta property=\"og:type\" content=\"article\" \/>\n<meta property=\"og:title\" content=\"Gi\u1edbi thi\u1ec7u\" \/>\n<meta property=\"og:description\" content=\"We curate the most exclusive real estate developments in Vietnam \u2013 from luxury beachfront apartments in Da Nang to private villas in Hoi An and Phu Quoc. Guided by the vision of \u201cLuxury Living with Smart Investments\u201d, we bridge the gap between high-end lifestyle and long-term financial returns. Luxury Projects\" \/>\n<meta property=\"og:url\" content=\"https:\/\/luxuryprojects.vn\/vi\/ve-chung-toi\/\" \/>\n<meta property=\"og:site_name\" content=\"LUXURY PROJECTS\" \/>\n<meta property=\"article:modified_time\" content=\"2025-08-23T03:41:13+00:00\" \/>\n<meta name=\"twitter:card\" content=\"summary_large_image\" \/>\n<meta name=\"twitter:label1\" content=\"\u01af\u1edbc t\u00ednh th\u1eddi gian \u0111\u1ecdc\" \/>\n\t<meta name=\"twitter:data1\" content=\"3 ph\u00fat\" \/>\n<script type=\"application\/ld+json\" class=\"yoast-schema-graph\">{\"@context\":\"https:\/\/schema.org\",\"@graph\":[{\"@type\":\"WebPage\",\"@id\":\"https:\/\/luxuryprojects.vn\/vi\/ve-chung-toi\/\",\"url\":\"https:\/\/luxuryprojects.vn\/vi\/ve-chung-toi\/\",\"name\":\"Gi\u1edbi thi\u1ec7u - LUXURY PROJECTS\",\"isPartOf\":{\"@id\":\"https:\/\/luxuryprojects.vn\/vi\/#website\"},\"datePublished\":\"2025-04-10T08:10:33+00:00\",\"dateModified\":\"2025-08-23T03:41:13+00:00\",\"description\":\"We curate the most exclusive real estate developments in Vietnam \u2013 from luxury beachfront apartments in Da Nang to private villas in Hoi An and Phu Quoc. Guided by the vision of \u201cLuxury Living with Smart Investments\u201d, we bridge the gap between high-end lifestyle and long-term financial returns. Luxury Projects\",\"breadcrumb\":{\"@id\":\"https:\/\/luxuryprojects.vn\/vi\/ve-chung-toi\/#breadcrumb\"},\"inLanguage\":\"vi\",\"potentialAction\":[{\"@type\":\"ReadAction\",\"target\":[\"https:\/\/luxuryprojects.vn\/vi\/ve-chung-toi\/\"]}]},{\"@type\":\"BreadcrumbList\",\"@id\":\"https:\/\/luxuryprojects.vn\/vi\/ve-chung-toi\/#breadcrumb\",\"itemListElement\":[{\"@type\":\"ListItem\",\"position\":1,\"name\":\"Home\",\"item\":\"https:\/\/luxuryprojects.vn\/vi\/\"},{\"@type\":\"ListItem\",\"position\":2,\"name\":\"Gi\u1edbi thi\u1ec7u\"}]},{\"@type\":\"WebSite\",\"@id\":\"https:\/\/luxuryprojects.vn\/vi\/#website\",\"url\":\"https:\/\/luxuryprojects.vn\/vi\/\",\"name\":\"LUXURY PROJECTS\",\"description\":\"Turning Dreams Into Addresses\",\"potentialAction\":[{\"@type\":\"SearchAction\",\"target\":{\"@type\":\"EntryPoint\",\"urlTemplate\":\"https:\/\/luxuryprojects.vn\/vi\/?s={search_term_string}\"},\"query-input\":{\"@type\":\"PropertyValueSpecification\",\"valueRequired\":true,\"valueName\":\"search_term_string\"}}],\"inLanguage\":\"vi\"}]}<\/script>\n<!-- \/ Yoast SEO Premium plugin. -->","yoast_head_json":{"title":"Gi\u1edbi thi\u1ec7u - LUXURY PROJECTS","description":"We curate the most exclusive real estate developments in Vietnam \u2013 from luxury beachfront apartments in Da Nang to private villas in Hoi An and Phu Quoc. Guided by the vision of \u201cLuxury Living with Smart Investments\u201d, we bridge the gap between high-end lifestyle and long-term financial returns. Luxury Projects","robots":{"index":"index","follow":"follow","max-snippet":"max-snippet:-1","max-image-preview":"max-image-preview:large","max-video-preview":"max-video-preview:-1"},"canonical":"https:\/\/luxuryprojects.vn\/vi\/ve-chung-toi\/","og_locale":"vi_VN","og_type":"article","og_title":"Gi\u1edbi thi\u1ec7u","og_description":"We curate the most exclusive real estate developments in Vietnam \u2013 from luxury beachfront apartments in Da Nang to private villas in Hoi An and Phu Quoc. Guided by the vision of \u201cLuxury Living with Smart Investments\u201d, we bridge the gap between high-end lifestyle and long-term financial returns. Luxury Projects","og_url":"https:\/\/luxuryprojects.vn\/vi\/ve-chung-toi\/","og_site_name":"LUXURY PROJECTS","article_modified_time":"2025-08-23T03:41:13+00:00","twitter_card":"summary_large_image","twitter_misc":{"\u01af\u1edbc t\u00ednh th\u1eddi gian \u0111\u1ecdc":"3 ph\u00fat"},"schema":{"@context":"https:\/\/schema.org","@graph":[{"@type":"WebPage","@id":"https:\/\/luxuryprojects.vn\/vi\/ve-chung-toi\/","url":"https:\/\/luxuryprojects.vn\/vi\/ve-chung-toi\/","name":"Gi\u1edbi thi\u1ec7u - LUXURY PROJECTS","isPartOf":{"@id":"https:\/\/luxuryprojects.vn\/vi\/#website"},"datePublished":"2025-04-10T08:10:33+00:00","dateModified":"2025-08-23T03:41:13+00:00","description":"We curate the most exclusive real estate developments in Vietnam \u2013 from luxury beachfront apartments in Da Nang to private villas in Hoi An and Phu Quoc. Guided by the vision of \u201cLuxury Living with Smart Investments\u201d, we bridge the gap between high-end lifestyle and long-term financial returns. Luxury Projects","breadcrumb":{"@id":"https:\/\/luxuryprojects.vn\/vi\/ve-chung-toi\/#breadcrumb"},"inLanguage":"vi","potentialAction":[{"@type":"ReadAction","target":["https:\/\/luxuryprojects.vn\/vi\/ve-chung-toi\/"]}]},{"@type":"BreadcrumbList","@id":"https:\/\/luxuryprojects.vn\/vi\/ve-chung-toi\/#breadcrumb","itemListElement":[{"@type":"ListItem","position":1,"name":"Home","item":"https:\/\/luxuryprojects.vn\/vi\/"},{"@type":"ListItem","position":2,"name":"Gi\u1edbi thi\u1ec7u"}]},{"@type":"WebSite","@id":"https:\/\/luxuryprojects.vn\/vi\/#website","url":"https:\/\/luxuryprojects.vn\/vi\/","name":"LUXURY PROJECTS","description":"Turning Dreams Into Addresses","potentialAction":[{"@type":"SearchAction","target":{"@type":"EntryPoint","urlTemplate":"https:\/\/luxuryprojects.vn\/vi\/?s={search_term_string}"},"query-input":{"@type":"PropertyValueSpecification","valueRequired":true,"valueName":"search_term_string"}}],"inLanguage":"vi"}]}},"_links":{"self":[{"href":"https:\/\/luxuryprojects.vn\/vi\/wp-json\/wp\/v2\/pages\/102","targetHints":{"allow":["GET"]}}],"collection":[{"href":"https:\/\/luxuryprojects.vn\/vi\/wp-json\/wp\/v2\/pages"}],"about":[{"href":"https:\/\/luxuryprojects.vn\/vi\/wp-json\/wp\/v2\/types\/page"}],"author":[{"embeddable":true,"href":"https:\/\/luxuryprojects.vn\/vi\/wp-json\/wp\/v2\/users\/1"}],"replies":[{"embeddable":true,"href":"https:\/\/luxuryprojects.vn\/vi\/wp-json\/wp\/v2\/comments?post=102"}],"version-history":[{"count":11,"href":"https:\/\/luxuryprojects.vn\/vi\/wp-json\/wp\/v2\/pages\/102\/revisions"}],"predecessor-version":[{"id":714,"href":"https:\/\/luxuryprojects.vn\/vi\/wp-json\/wp\/v2\/pages\/102\/revisions\/714"}],"wp:attachment":[{"href":"https:\/\/luxuryprojects.vn\/vi\/wp-json\/wp\/v2\/media?parent=102"}],"curies":[{"name":"wp","href":"https:\/\/api.w.org\/{rel}","templated":true}]}}