{"id":104,"date":"2025-04-10T08:10:47","date_gmt":"2025-04-10T08:10:47","guid":{"rendered":"https:\/\/luxury.qweb.com.vn\/?page_id=104"},"modified":"2025-09-03T02:17:38","modified_gmt":"2025-09-03T02:17:38","slug":"lien-he","status":"publish","type":"page","link":"https:\/\/luxuryprojects.vn\/vi\/lien-he\/","title":{"rendered":"Li\u00ean h\u1ec7"},"content":{"rendered":"\n  <div class=\"banner has-hover bg-zoom-long\" id=\"banner-1239126913\">\n          <div class=\"banner-inner fill\">\n        <div class=\"banner-bg fill\" >\n            <div class=\"bg fill bg-fill \"><\/div>\n                                    \n                    <\/div>\n\t\t\n        <div class=\"banner-layers container\">\n            <div class=\"fill banner-link\"><\/div>            \n   <div id=\"text-box-2088834388\" class=\"text-box banner-layer x50 md-x50 lg-x50 y95 md-y95 lg-y95 res-text\">\n                     <div data-animate=\"fadeInRight\">           <div class=\"text-box-content text dark\">\n              \n              <div class=\"text-inner text-center\">\n                  \n\t<div id=\"text-827603046\" class=\"text text1\">\n\t\t\n<h3><strong>Li\u00ean h\u1ec7<\/strong><\/h3>\n\t\t\t<\/div>\n\t\n              <\/div>\n           <\/div>\n       <\/div>                     \n<style>\n#text-box-2088834388 {\n  width: 85%;\n}\n#text-box-2088834388 .text-box-content {\n  font-size: 100%;\n}\n<\/style>\n    <\/div>\n \n        <\/div>\n      <\/div>\n\n            \n<style>\n#banner-1239126913 {\n  padding-top: 700px;\n}\n#banner-1239126913 .bg.bg-loaded {\n  background-image: url(https:\/\/luxuryprojects.vn\/vi\/wp-content\/uploads\/2025\/04\/bg-hotel.jpg);\n}\n@media (min-width:550px) {\n  #banner-1239126913 {\n    padding-top: 49%;\n  }\n}\n<\/style>\n  <\/div>\n\n\n\t<section class=\"section\" id=\"section_720230514\">\n\t\t<div class=\"bg section-bg fill bg-fill  bg-loaded\" >\n\n\t\t\t\n\t\t\t\n\t\t\t\n\n\t\t<\/div>\n\n\t\t\n\n\t\t<div class=\"section-content relative\">\n\t\t\t\n<div class=\"row align-middle\"  id=\"row-54175891\">\n\n\t<div id=\"col-1000069193\" class=\"col medium-4 small-12 large-4\"  >\n\t\t\t\t<div class=\"col-inner text-center\"  >\n\t\t\t\n\t\t\t\n\n  <div class=\"banner has-hover has-parallax\" id=\"banner-46072690\">\n          <div class=\"banner-inner fill\">\n        <div class=\"banner-bg fill\" data-parallax=\"-7\" data-parallax-container=\".banner\" data-parallax-background>\n            <div class=\"bg fill bg-fill \"><\/div>\n                        <div class=\"overlay\"><\/div>            \n                    <\/div>\n\t\t\n        <div class=\"banner-layers container\">\n            <div class=\"fill banner-link\"><\/div>            \n   <div id=\"text-box-1249029349\" class=\"text-box banner-layer x50 md-x50 lg-x50 y50 md-y50 lg-y50 res-text\">\n                                <div class=\"text-box-content text dark\">\n              \n              <div class=\"text-inner text-center\">\n                  \n\t<div class=\"img has-hover x md-x lg-x y md-y lg-y\" id=\"image_1283123120\">\n\t\t\t\t\t\t\t\t<div class=\"img-inner dark\" >\n\t\t\t<img loading=\"lazy\" decoding=\"async\" width=\"1000\" height=\"1000\" src=\"https:\/\/luxuryprojects.vn\/vi\/wp-content\/uploads\/2025\/04\/logo-2.png\" class=\"attachment-large size-large\" alt=\"\" srcset=\"https:\/\/luxuryprojects.vn\/vi\/wp-content\/uploads\/2025\/04\/logo-2.png 1000w, https:\/\/luxuryprojects.vn\/vi\/wp-content\/uploads\/2025\/04\/logo-2-300x300.png 300w, https:\/\/luxuryprojects.vn\/vi\/wp-content\/uploads\/2025\/04\/logo-2-600x600.png 600w, https:\/\/luxuryprojects.vn\/vi\/wp-content\/uploads\/2025\/04\/logo-2-100x100.png 100w\" sizes=\"auto, (max-width: 1000px) 100vw, 1000px\" \/>\t\t\t\t\t\t\n\t\t\t\t\t<\/div>\n\t\t\t\t\t\t\t\t\n<style>\n#image_1283123120 {\n  width: 100%;\n}\n<\/style>\n\t<\/div>\n\t\n              <\/div>\n           <\/div>\n                            \n<style>\n#text-box-1249029349 {\n  width: 60%;\n}\n#text-box-1249029349 .text-box-content {\n  font-size: 100%;\n}\n<\/style>\n    <\/div>\n \n        <\/div>\n      <\/div>\n\n            \n<style>\n#banner-46072690 {\n  padding-top: 132.76%;\n}\n#banner-46072690 .bg.bg-loaded {\n  background-image: url(https:\/\/luxuryprojects.vn\/vi\/wp-content\/uploads\/2025\/04\/z6546756143566_fd59f7c3ab1b56eb3f0d6b3c74fea3b8.jpg);\n}\n#banner-46072690 .overlay {\n  background-color: rgba(0,0,0,.5);\n}\n#banner-46072690 .bg {\n  background-position: 100% 0%;\n}\n<\/style>\n  <\/div>\n\n\n\t\t<\/div>\n\t\t\t\t\t<\/div>\n\n\t\n\n\t<div id=\"col-1677706794\" class=\"col medium-8 small-12 large-8\"  >\n\t\t\t\t<div class=\"col-inner\"  >\n\t\t\t\n\t\t\t\n\t<div id=\"text-2921016339\" class=\"text\">\n\t\t\n<h3 class=\"uppercase\">LI\u00caN H\u1ec6 \u0110\u1ec2 \u0110\u01af\u1ee2C T\u01af V\u1ea4N MI\u1ec4N PH\u00cd<\/h3>\n\t\t\n<style>\n#text-2921016339 {\n  font-size: 1.5rem;\n  text-align: center;\n}\n@media (min-width:550px) {\n  #text-2921016339 {\n    text-align: center;\n  }\n}\n<\/style>\n\t<\/div>\n\t\n<div class=\"text-center\"><div class=\"is-divider divider clearfix\" style=\"max-width:50px;height:5px;background-color:rgb(0, 0, 0);\"><\/div><\/div>\n\t<div id=\"text-4077134200\" class=\"text\">\n\t\t\n<p style=\"text-align: center;\">\u0110\u1ec3 \u0111\u01b0\u1ee3c t\u01b0 v\u1ea5n chi ti\u1ebft ho\u1eb7c t\u00ecm hi\u1ec3u th\u00eam v\u1ec1 c\u00e1c d\u1ecbch v\u1ee5 c\u1ee7a ch\u00fang t\u00f4i, vui l\u00f2ng li\u00ean h\u1ec7 v\u1edbi Jim&#8217;s Luxury Projects. \u0110\u1ed9i ng\u0169 chuy\u00ean gia t\u1eadn t\u00e2m lu\u00f4n s\u1eb5n s\u00e0ng \u0111\u1ed3ng h\u00e0nh c\u00f9ng b\u1ea1n trong t\u1eebng b\u01b0\u1edbc \u0111i. H\u00e3y k\u1ebft n\u1ed1i ngay h\u00f4m nay \u2013 ch\u00fang t\u00f4i h\u00e2n h\u1ea1nh \u0111\u01b0\u1ee3c hi\u1ec7n th\u1ef1c h\u00f3a t\u1ea7m nh\u00ecn c\u1ee7a b\u1ea1n.<\/p>\n\t\t\n<style>\n#text-4077134200 {\n  text-align: center;\n}\n@media (min-width:550px) {\n  #text-4077134200 {\n    text-align: center;\n  }\n}\n<\/style>\n\t<\/div>\n\t\n<div class=\"row\"  id=\"row-975432201\">\n\n\t<div id=\"col-1967142179\" class=\"col medium-4 small-12 large-4\"  >\n\t\t\t\t<div class=\"col-inner\"  >\n\t\t\t\n\t\t\t\n\n\t\t<div class=\"icon-box featured-box icon icon-box-center text-center\"  >\n\t\t\t\t\t<div class=\"icon-box-img\" style=\"width: 60px\">\n\t\t\t\t<div class=\"icon\">\n\t\t\t\t\t<div class=\"icon-inner\" >\n\t\t\t\t\t\t<img loading=\"lazy\" decoding=\"async\" width=\"300\" height=\"300\" src=\"https:\/\/luxuryprojects.vn\/vi\/wp-content\/uploads\/2025\/04\/id-card.png\" class=\"attachment-medium size-medium\" alt=\"\" srcset=\"https:\/\/luxuryprojects.vn\/vi\/wp-content\/uploads\/2025\/04\/id-card.png 512w, https:\/\/luxuryprojects.vn\/vi\/wp-content\/uploads\/2025\/04\/id-card-300x300.png 300w, https:\/\/luxuryprojects.vn\/vi\/wp-content\/uploads\/2025\/04\/id-card-100x100.png 100w\" sizes=\"auto, (max-width: 300px) 100vw, 300px\" \/>\t\t\t\t\t<\/div>\n\t\t\t\t<\/div>\n\t\t\t<\/div>\n\t\t\t\t<div class=\"icon-box-text last-reset\">\n\t\t\t\t\t\t\t\t\t\n<h3>Chuy\u00ean gia t\u01b0 v\u1ea5n<\/h3>\n<p>L\u00ea B\u00e1 Ho\u00e0ng<\/p>\n\t\t<\/div>\n\t<\/div>\n\t\n\t\n\t\t<\/div>\n\t\t\t\t\t<\/div>\n\n\t\n\n\t<div id=\"col-1334338653\" class=\"col medium-4 small-12 large-4\"  >\n\t\t\t\t<div class=\"col-inner\"  >\n\t\t\t\n\t\t\t\n\n\t\t<div class=\"icon-box featured-box icon-box-center text-center\"  >\n\t\t\t\t\t<div class=\"icon-box-img\" style=\"width: 60px\">\n\t\t\t\t<div class=\"icon\">\n\t\t\t\t\t<div class=\"icon-inner\" >\n\t\t\t\t\t\t<img loading=\"lazy\" decoding=\"async\" width=\"300\" height=\"300\" src=\"https:\/\/luxuryprojects.vn\/vi\/wp-content\/uploads\/2025\/04\/phone-call.png\" class=\"attachment-medium size-medium\" alt=\"\" srcset=\"https:\/\/luxuryprojects.vn\/vi\/wp-content\/uploads\/2025\/04\/phone-call.png 512w, https:\/\/luxuryprojects.vn\/vi\/wp-content\/uploads\/2025\/04\/phone-call-300x300.png 300w, https:\/\/luxuryprojects.vn\/vi\/wp-content\/uploads\/2025\/04\/phone-call-100x100.png 100w\" sizes=\"auto, (max-width: 300px) 100vw, 300px\" \/>\t\t\t\t\t<\/div>\n\t\t\t\t<\/div>\n\t\t\t<\/div>\n\t\t\t\t<div class=\"icon-box-text last-reset\">\n\t\t\t\t\t\t\t\t\t\n<h3>S\u1ed1 \u0111i\u1ec7n tho\u1ea1i<\/h3>\n<p>+84 935 333 888<\/p>\n\t\t<\/div>\n\t<\/div>\n\t\n\t\n\t\t<\/div>\n\t\t\t\t\t<\/div>\n\n\t\n\n\t<div id=\"col-1797272915\" class=\"col medium-4 small-12 large-4\"  >\n\t\t\t\t<div class=\"col-inner\"  >\n\t\t\t\n\t\t\t\n\n\t\t<div class=\"icon-box featured-box icon-box-center text-center\"  >\n\t\t\t\t\t<div class=\"icon-box-img\" style=\"width: 60px\">\n\t\t\t\t<div class=\"icon\">\n\t\t\t\t\t<div class=\"icon-inner\" >\n\t\t\t\t\t\t<img loading=\"lazy\" decoding=\"async\" width=\"300\" height=\"300\" src=\"https:\/\/luxuryprojects.vn\/vi\/wp-content\/uploads\/2025\/04\/mail.png\" class=\"attachment-medium size-medium\" alt=\"\" srcset=\"https:\/\/luxuryprojects.vn\/vi\/wp-content\/uploads\/2025\/04\/mail.png 512w, https:\/\/luxuryprojects.vn\/vi\/wp-content\/uploads\/2025\/04\/mail-300x300.png 300w, https:\/\/luxuryprojects.vn\/vi\/wp-content\/uploads\/2025\/04\/mail-100x100.png 100w\" sizes=\"auto, (max-width: 300px) 100vw, 300px\" \/>\t\t\t\t\t<\/div>\n\t\t\t\t<\/div>\n\t\t\t<\/div>\n\t\t\t\t<div class=\"icon-box-text last-reset\">\n\t\t\t\t\t\t\t\t\t\n<h3>Email<\/h3>\n<p>lebahoangdn@yahoo.com<\/p>\n\t\t<\/div>\n\t<\/div>\n\t\n\t\n\t\t<\/div>\n\t\t\t\t\t<\/div>\n\n\t\n<\/div>\n<div class=\"social-icons follow-icons full-width text-center\" style=\"font-size:130%\"><a href=\"https:\/\/www.facebook.com\/luxuryprojects.vn\" target=\"_blank\" data-label=\"Facebook\" class=\"icon plain facebook tooltip\" title=\"Theo d\u00f5i tr\u00ean Facebook\" aria-label=\"Theo d\u00f5i tr\u00ean Facebook\" rel=\"noopener nofollow\" ><i class=\"icon-facebook\" ><\/i><\/a><a href=\"https:\/\/www.instagram.com\/luxuryprojects.vn\/\" target=\"_blank\" data-label=\"Instagram\" class=\"icon plain instagram tooltip\" title=\"Theo d\u00f5i tr\u00ean Instagram\" aria-label=\"Theo d\u00f5i tr\u00ean Instagram\" rel=\"noopener nofollow\" ><i class=\"icon-instagram\" ><\/i><\/a><\/div>\n\t\t<\/div>\n\t\t\t\t\t<\/div>\n\n\t\n<\/div>\n\t\t<\/div>\n\n\t\t\n<style>\n#section_720230514 {\n  padding-top: 60px;\n  padding-bottom: 60px;\n}\n<\/style>\n\t<\/section>\n\t\n","protected":false},"excerpt":{"rendered":"","protected":false},"author":1,"featured_media":0,"parent":0,"menu_order":0,"comment_status":"closed","ping_status":"closed","template":"page-transparent-header-light.php","meta":{"footnotes":""},"class_list":["post-104","page","type-page","status-publish","hentry"],"yoast_head":"<!-- This site is optimized with the Yoast SEO Premium plugin v21.4 (Yoast SEO v24.9) - https:\/\/yoast.com\/wordpress\/plugins\/seo\/ -->\n<title>Li\u00ean h\u1ec7 - LUXURY PROJECTS<\/title>\n<meta name=\"description\" content=\"We curate the most exclusive real estate developments in Vietnam \u2013 from luxury beachfront apartments in Da Nang to private villas in Hoi An and Phu Quoc. Guided by the vision of \u201cLuxury Living with Smart Investments\u201d, we bridge the gap between high-end lifestyle and long-term financial returns. Luxury Projects\" \/>\n<meta name=\"robots\" content=\"index, follow, max-snippet:-1, max-image-preview:large, max-video-preview:-1\" \/>\n<link rel=\"canonical\" href=\"https:\/\/luxuryprojects.vn\/vi\/lien-he\/\" \/>\n<meta property=\"og:locale\" content=\"vi_VN\" \/>\n<meta property=\"og:type\" content=\"article\" \/>\n<meta property=\"og:title\" content=\"Li\u00ean h\u1ec7\" \/>\n<meta property=\"og:description\" content=\"We curate the most exclusive real estate developments in Vietnam \u2013 from luxury beachfront apartments in Da Nang to private villas in Hoi An and Phu Quoc. Guided by the vision of \u201cLuxury Living with Smart Investments\u201d, we bridge the gap between high-end lifestyle and long-term financial returns. Luxury Projects\" \/>\n<meta property=\"og:url\" content=\"https:\/\/luxuryprojects.vn\/vi\/lien-he\/\" \/>\n<meta property=\"og:site_name\" content=\"LUXURY PROJECTS\" \/>\n<meta property=\"article:modified_time\" content=\"2025-09-03T02:17:38+00:00\" \/>\n<meta name=\"twitter:card\" content=\"summary_large_image\" \/>\n<meta name=\"twitter:label1\" content=\"\u01af\u1edbc t\u00ednh th\u1eddi gian \u0111\u1ecdc\" \/>\n\t<meta name=\"twitter:data1\" content=\"1 ph\u00fat\" \/>\n<script type=\"application\/ld+json\" class=\"yoast-schema-graph\">{\"@context\":\"https:\/\/schema.org\",\"@graph\":[{\"@type\":\"WebPage\",\"@id\":\"https:\/\/luxuryprojects.vn\/vi\/lien-he\/\",\"url\":\"https:\/\/luxuryprojects.vn\/vi\/lien-he\/\",\"name\":\"Li\u00ean h\u1ec7 - LUXURY PROJECTS\",\"isPartOf\":{\"@id\":\"https:\/\/luxuryprojects.vn\/vi\/#website\"},\"datePublished\":\"2025-04-10T08:10:47+00:00\",\"dateModified\":\"2025-09-03T02:17:38+00:00\",\"description\":\"We curate the most exclusive real estate developments in Vietnam \u2013 from luxury beachfront apartments in Da Nang to private villas in Hoi An and Phu Quoc. Guided by the vision of \u201cLuxury Living with Smart Investments\u201d, we bridge the gap between high-end lifestyle and long-term financial returns. Luxury Projects\",\"breadcrumb\":{\"@id\":\"https:\/\/luxuryprojects.vn\/vi\/lien-he\/#breadcrumb\"},\"inLanguage\":\"vi\",\"potentialAction\":[{\"@type\":\"ReadAction\",\"target\":[\"https:\/\/luxuryprojects.vn\/vi\/lien-he\/\"]}]},{\"@type\":\"BreadcrumbList\",\"@id\":\"https:\/\/luxuryprojects.vn\/vi\/lien-he\/#breadcrumb\",\"itemListElement\":[{\"@type\":\"ListItem\",\"position\":1,\"name\":\"Home\",\"item\":\"https:\/\/luxuryprojects.vn\/vi\/\"},{\"@type\":\"ListItem\",\"position\":2,\"name\":\"Li\u00ean h\u1ec7\"}]},{\"@type\":\"WebSite\",\"@id\":\"https:\/\/luxuryprojects.vn\/vi\/#website\",\"url\":\"https:\/\/luxuryprojects.vn\/vi\/\",\"name\":\"LUXURY PROJECTS\",\"description\":\"Turning Dreams Into Addresses\",\"potentialAction\":[{\"@type\":\"SearchAction\",\"target\":{\"@type\":\"EntryPoint\",\"urlTemplate\":\"https:\/\/luxuryprojects.vn\/vi\/?s={search_term_string}\"},\"query-input\":{\"@type\":\"PropertyValueSpecification\",\"valueRequired\":true,\"valueName\":\"search_term_string\"}}],\"inLanguage\":\"vi\"}]}<\/script>\n<!-- \/ Yoast SEO Premium plugin. -->","yoast_head_json":{"title":"Li\u00ean h\u1ec7 - LUXURY PROJECTS","description":"We curate the most exclusive real estate developments in Vietnam \u2013 from luxury beachfront apartments in Da Nang to private villas in Hoi An and Phu Quoc. Guided by the vision of \u201cLuxury Living with Smart Investments\u201d, we bridge the gap between high-end lifestyle and long-term financial returns. Luxury Projects","robots":{"index":"index","follow":"follow","max-snippet":"max-snippet:-1","max-image-preview":"max-image-preview:large","max-video-preview":"max-video-preview:-1"},"canonical":"https:\/\/luxuryprojects.vn\/vi\/lien-he\/","og_locale":"vi_VN","og_type":"article","og_title":"Li\u00ean h\u1ec7","og_description":"We curate the most exclusive real estate developments in Vietnam \u2013 from luxury beachfront apartments in Da Nang to private villas in Hoi An and Phu Quoc. Guided by the vision of \u201cLuxury Living with Smart Investments\u201d, we bridge the gap between high-end lifestyle and long-term financial returns. Luxury Projects","og_url":"https:\/\/luxuryprojects.vn\/vi\/lien-he\/","og_site_name":"LUXURY PROJECTS","article_modified_time":"2025-09-03T02:17:38+00:00","twitter_card":"summary_large_image","twitter_misc":{"\u01af\u1edbc t\u00ednh th\u1eddi gian \u0111\u1ecdc":"1 ph\u00fat"},"schema":{"@context":"https:\/\/schema.org","@graph":[{"@type":"WebPage","@id":"https:\/\/luxuryprojects.vn\/vi\/lien-he\/","url":"https:\/\/luxuryprojects.vn\/vi\/lien-he\/","name":"Li\u00ean h\u1ec7 - LUXURY PROJECTS","isPartOf":{"@id":"https:\/\/luxuryprojects.vn\/vi\/#website"},"datePublished":"2025-04-10T08:10:47+00:00","dateModified":"2025-09-03T02:17:38+00:00","description":"We curate the most exclusive real estate developments in Vietnam \u2013 from luxury beachfront apartments in Da Nang to private villas in Hoi An and Phu Quoc. Guided by the vision of \u201cLuxury Living with Smart Investments\u201d, we bridge the gap between high-end lifestyle and long-term financial returns. Luxury Projects","breadcrumb":{"@id":"https:\/\/luxuryprojects.vn\/vi\/lien-he\/#breadcrumb"},"inLanguage":"vi","potentialAction":[{"@type":"ReadAction","target":["https:\/\/luxuryprojects.vn\/vi\/lien-he\/"]}]},{"@type":"BreadcrumbList","@id":"https:\/\/luxuryprojects.vn\/vi\/lien-he\/#breadcrumb","itemListElement":[{"@type":"ListItem","position":1,"name":"Home","item":"https:\/\/luxuryprojects.vn\/vi\/"},{"@type":"ListItem","position":2,"name":"Li\u00ean h\u1ec7"}]},{"@type":"WebSite","@id":"https:\/\/luxuryprojects.vn\/vi\/#website","url":"https:\/\/luxuryprojects.vn\/vi\/","name":"LUXURY PROJECTS","description":"Turning Dreams Into Addresses","potentialAction":[{"@type":"SearchAction","target":{"@type":"EntryPoint","urlTemplate":"https:\/\/luxuryprojects.vn\/vi\/?s={search_term_string}"},"query-input":{"@type":"PropertyValueSpecification","valueRequired":true,"valueName":"search_term_string"}}],"inLanguage":"vi"}]}},"_links":{"self":[{"href":"https:\/\/luxuryprojects.vn\/vi\/wp-json\/wp\/v2\/pages\/104","targetHints":{"allow":["GET"]}}],"collection":[{"href":"https:\/\/luxuryprojects.vn\/vi\/wp-json\/wp\/v2\/pages"}],"about":[{"href":"https:\/\/luxuryprojects.vn\/vi\/wp-json\/wp\/v2\/types\/page"}],"author":[{"embeddable":true,"href":"https:\/\/luxuryprojects.vn\/vi\/wp-json\/wp\/v2\/users\/1"}],"replies":[{"embeddable":true,"href":"https:\/\/luxuryprojects.vn\/vi\/wp-json\/wp\/v2\/comments?post=104"}],"version-history":[{"count":17,"href":"https:\/\/luxuryprojects.vn\/vi\/wp-json\/wp\/v2\/pages\/104\/revisions"}],"predecessor-version":[{"id":880,"href":"https:\/\/luxuryprojects.vn\/vi\/wp-json\/wp\/v2\/pages\/104\/revisions\/880"}],"wp:attachment":[{"href":"https:\/\/luxuryprojects.vn\/vi\/wp-json\/wp\/v2\/media?parent=104"}],"curies":[{"name":"wp","href":"https:\/\/api.w.org\/{rel}","templated":true}]}}