{"id":121,"date":"2025-04-10T08:58:30","date_gmt":"2025-04-10T08:58:30","guid":{"rendered":"https:\/\/luxury.qweb.com.vn\/?post_type=product&#038;p=121"},"modified":"2025-08-22T06:31:12","modified_gmt":"2025-08-22T06:31:12","slug":"filmore-danang","status":"publish","type":"product","link":"https:\/\/luxuryprojects.vn\/vi\/projects\/filmore-danang\/","title":{"rendered":"THE FILMORE \u0110\u00c0 N\u1eb4NG"},"content":{"rendered":"<h2 class=\"thin-font\" data-start=\"54\" data-end=\"74\"><em><strong>T\u1ed5ng quan D\u1ef1 \u00e1n<\/strong><\/em><\/h2>\n<ul>\n<li style=\"list-style-type: none;\">\n<ul>\n<li class=\"thin-font\" data-start=\"76\" data-end=\"141\"><strong data-start=\"76\" data-end=\"91\">Ch\u1ee7 \u0111\u1ea7u t\u01b0:<\/strong> C\u00f4ng ty C\u1ed5 ph\u1ea7n Ph\u00e1t tri\u1ec3n B\u1ea5t \u0111\u1ed9ng s\u1ea3n Filmore<\/li>\n<li class=\"thin-font\" data-start=\"143\" data-end=\"200\"><strong data-start=\"143\" data-end=\"161\">Di\u1ec7n t\u00edch \u0111\u1ea5t:<\/strong> 1.504 m\u00b2; <strong data-start=\"172\" data-end=\"192\">M\u1eadt \u0111\u1ed9 x\u00e2y d\u1ef1ng:<\/strong> 55,6%<\/li>\n<li class=\"thin-font\" data-start=\"202\" data-end=\"252\"><strong data-start=\"202\" data-end=\"213\">Quy m\u00f4:<\/strong> 1 t\u00f2a th\u00e1p, 25 t\u1ea7ng n\u1ed5i + 3 t\u1ea7ng h\u1ea7m<\/li>\n<li class=\"thin-font\" data-start=\"254\" data-end=\"310\"><strong data-start=\"254\" data-end=\"273\">T\u1ed5ng s\u1ed1 c\u0103n h\u1ed9:<\/strong> 206 c\u0103n h\u1ed9 h\u1ea1ng sang (48 \u2013 125 m\u00b2)<\/li>\n<li class=\"thin-font\" data-start=\"312\" data-end=\"376\"><strong data-start=\"312\" data-end=\"333\">D\u1ef1 ki\u1ebfn b\u00e0n giao:<\/strong> Qu\u00fd 3\/2023 (\u0111\u00e3 ho\u00e0n th\u00e0nh gi\u1eefa n\u0103m 2023)<\/li>\n<\/ul>\n<\/li>\n<\/ul>\n<p class=\"thin-font\" data-start=\"312\" data-end=\"376\"><img loading=\"lazy\" decoding=\"async\" class=\"wp-image-655 aligncenter\" src=\"https:\/\/luxuryprojects.vn\/vi\/wp-content\/uploads\/2025\/04\/imgi_26_brochure_vietnamese-20211224085159.jpg\" alt=\"\" width=\"1300\" height=\"946\" srcset=\"https:\/\/luxuryprojects.vn\/vi\/wp-content\/uploads\/2025\/04\/imgi_26_brochure_vietnamese-20211224085159.jpg 1120w, https:\/\/luxuryprojects.vn\/vi\/wp-content\/uploads\/2025\/04\/imgi_26_brochure_vietnamese-20211224085159-600x437.jpg 600w\" sizes=\"auto, (max-width: 1300px) 100vw, 1300px\" \/><\/p>\n<h2 class=\"thin-font\" data-start=\"383\" data-end=\"404\"><em><strong>V\u1ecb tr\u00ed &amp; K\u1ebft n\u1ed1i<\/strong><\/em><\/h2>\n<p class=\"thin-font\" style=\"padding-left: 40px;\" data-start=\"406\" data-end=\"460\"><strong data-start=\"406\" data-end=\"418\">\u0110\u1ecba ch\u1ec9:<\/strong> \u0110\u01b0\u1eddng B\u1ea1ch \u0110\u1eb1ng, Qu\u1eadn H\u1ea3i Ch\u00e2u, \u0110\u00e0 N\u1eb5ng<\/p>\n<p class=\"thin-font\" style=\"padding-left: 40px;\" data-start=\"462\" data-end=\"508\"><strong data-start=\"462\" data-end=\"506\">Ti\u1ec7n \u00edch xung quanh trong b\u00e1n k\u00ednh 3 km:<\/strong><\/p>\n<ul>\n<li style=\"list-style-type: none;\">\n<ul data-start=\"509\" data-end=\"688\">\n<li data-start=\"509\" data-end=\"535\">\n<p data-start=\"511\" data-end=\"535\">6 trung t\u00e2m th\u01b0\u01a1ng m\u1ea1i<\/p>\n<\/li>\n<li data-start=\"536\" data-end=\"552\">\n<p data-start=\"538\" data-end=\"552\">12 b\u1ec7nh vi\u1ec7n<\/p>\n<\/li>\n<li data-start=\"553\" data-end=\"574\">\n<p data-start=\"555\" data-end=\"574\">H\u01a1n 20 tr\u01b0\u1eddng h\u1ecdc<\/p>\n<\/li>\n<li data-start=\"575\" data-end=\"609\">\n<p data-start=\"577\" data-end=\"609\">H\u01a1n 20 \u0111i\u1ec3m du l\u1ecbch &amp; gi\u1ea3i tr\u00ed<\/p>\n<\/li>\n<li data-start=\"610\" data-end=\"646\">\n<p data-start=\"612\" data-end=\"646\">H\u01a1n 30 nh\u00e0 h\u00e0ng &amp; lounge cao c\u1ea5p<\/p>\n<\/li>\n<li data-start=\"647\" data-end=\"688\">\n<p data-start=\"649\" data-end=\"688\">H\u01a1n 100 qu\u00e1n c\u00e0 ph\u00ea &amp; \u1ea9m th\u1ef1c \u0111\u1eb7c s\u1ea3n<\/p>\n<\/li>\n<\/ul>\n<\/li>\n<\/ul>\n<p class=\"thin-font\" style=\"padding-left: 40px;\" data-start=\"690\" data-end=\"740\"><strong data-start=\"690\" data-end=\"738\">Kho\u1ea3ng c\u00e1ch l\u00e1i xe \u0111\u1ebfn c\u00e1c \u0111\u1ecba \u0111i\u1ec3m n\u1ed5i b\u1eadt:<\/strong><\/p>\n<ul>\n<li style=\"list-style-type: none;\">\n<ul data-start=\"741\" data-end=\"915\">\n<li data-start=\"741\" data-end=\"773\">\n<p data-start=\"743\" data-end=\"773\">1 ph\u00fat \u2192 Ph\u1ed1 \u0111i b\u1ed9 B\u1ea1ch \u0110\u1eb1ng<\/p>\n<\/li>\n<li data-start=\"774\" data-end=\"795\">\n<p data-start=\"776\" data-end=\"795\">2 ph\u00fat \u2192 C\u1ea7u R\u1ed3ng<\/p>\n<\/li>\n<li data-start=\"796\" data-end=\"818\">\n<p data-start=\"798\" data-end=\"818\">4 ph\u00fat \u2192 Asia Park<\/p>\n<\/li>\n<li data-start=\"819\" data-end=\"843\">\n<p data-start=\"821\" data-end=\"843\">7 ph\u00fat \u2192 Bi\u1ec3n M\u1ef9 Kh\u00ea<\/p>\n<\/li>\n<li data-start=\"844\" data-end=\"877\">\n<p data-start=\"846\" data-end=\"877\">8 ph\u00fat \u2192 Trung t\u00e2m H\u00e0nh ch\u00ednh<\/p>\n<\/li>\n<li data-start=\"878\" data-end=\"915\">\n<p data-start=\"880\" data-end=\"915\">10 ph\u00fat \u2192 S\u00e2n bay Qu\u1ed1c t\u1ebf \u0110\u00e0 N\u1eb5ng<\/p>\n<\/li>\n<\/ul>\n<\/li>\n<\/ul>\n<p class=\"thin-font\"><img loading=\"lazy\" decoding=\"async\" class=\"alignnone wp-image-654\" src=\"https:\/\/luxuryprojects.vn\/vi\/wp-content\/uploads\/2025\/04\/imgi_27_anh-chup-man-hinh-2021-12-24-luc-160403-20211224090446.png\" alt=\"\" width=\"600\" height=\"484\" srcset=\"https:\/\/luxuryprojects.vn\/vi\/wp-content\/uploads\/2025\/04\/imgi_27_anh-chup-man-hinh-2021-12-24-luc-160403-20211224090446.png 812w, https:\/\/luxuryprojects.vn\/vi\/wp-content\/uploads\/2025\/04\/imgi_27_anh-chup-man-hinh-2021-12-24-luc-160403-20211224090446-600x484.png 600w\" sizes=\"auto, (max-width: 600px) 100vw, 600px\" \/><img loading=\"lazy\" decoding=\"async\" class=\"alignnone wp-image-652\" src=\"https:\/\/luxuryprojects.vn\/vi\/wp-content\/uploads\/2025\/04\/imgi_130_vitri-20211224090725-1.jpg\" alt=\"\" width=\"600\" height=\"568\" srcset=\"https:\/\/luxuryprojects.vn\/vi\/wp-content\/uploads\/2025\/04\/imgi_130_vitri-20211224090725-1.jpg 1047w, https:\/\/luxuryprojects.vn\/vi\/wp-content\/uploads\/2025\/04\/imgi_130_vitri-20211224090725-1-600x568.jpg 600w\" sizes=\"auto, (max-width: 600px) 100vw, 600px\" \/><\/p>\n<hr data-start=\"917\" data-end=\"920\" \/>\n<h2 class=\"thin-font\" data-start=\"922\" data-end=\"946\"><em><strong>Thi\u1ebft k\u1ebf &amp; Ti\u1ec7n \u00edch<\/strong><\/em><\/h2>\n<p class=\"thin-font\" style=\"padding-left: 40px;\" data-start=\"948\" data-end=\"1085\"><strong data-start=\"948\" data-end=\"970\">\u00dd t\u01b0\u1edfng ki\u1ebfn tr\u00fac:<\/strong> L\u1ea5y c\u1ea3m h\u1ee9ng t\u1eeb h\u00ecnh t\u01b0\u1ee3ng \u201cC\u00e1 ch\u00e9p h\u00f3a R\u1ed3ng\u201d \u2014 m\u1eb7t \u0111\u1ee9ng t\u00f2a nh\u00e0 mang h\u00ecnh d\u00e1ng R\u1ed3ng bay, n\u1ed9i th\u1ea5t gi\u00e0u c\u1ea3m x\u00fac.<\/p>\n<p class=\"thin-font\" style=\"padding-left: 40px;\" data-start=\"1087\" data-end=\"1110\"><strong data-start=\"1087\" data-end=\"1108\">Ti\u1ec7n \u00edch n\u1ed9i khu:<\/strong><\/p>\n<ul>\n<li style=\"list-style-type: none;\">\n<ul data-start=\"1111\" data-end=\"1274\">\n<li data-start=\"1111\" data-end=\"1171\">\n<p data-start=\"1113\" data-end=\"1171\">S\u1ea3nh \u0111\u00f3n ch\u00ednh, s\u1ea3nh lobby sang tr\u1ecdng, c\u1eeda h\u00e0ng ti\u1ec7n \u00edch<\/p>\n<\/li>\n<li data-start=\"1172\" data-end=\"1234\">\n<p data-start=\"1174\" data-end=\"1234\">H\u1ed3 b\u01a1i v\u00f4 c\u1ef1c v\u1ea3y r\u1ed3ng (khu ng\u01b0\u1eddi l\u1edbn &amp; tr\u1ebb em ri\u00eang bi\u1ec7t)<\/p>\n<\/li>\n<li data-start=\"1235\" data-end=\"1274\">\n<p data-start=\"1237\" data-end=\"1274\">Sky gym, Nucalm, khu BBQ ngo\u00e0i tr\u1eddi<\/p>\n<\/li>\n<\/ul>\n<\/li>\n<\/ul>\n<p class=\"thin-font\"><img loading=\"lazy\" decoding=\"async\" class=\"alignnone wp-image-664\" src=\"https:\/\/luxuryprojects.vn\/vi\/wp-content\/uploads\/2025\/04\/42.png\" alt=\"\" width=\"400\" height=\"208\" srcset=\"https:\/\/luxuryprojects.vn\/vi\/wp-content\/uploads\/2025\/04\/42.png 1024w, https:\/\/luxuryprojects.vn\/vi\/wp-content\/uploads\/2025\/04\/42-600x312.png 600w\" sizes=\"auto, (max-width: 400px) 100vw, 400px\" \/><img loading=\"lazy\" decoding=\"async\" class=\"alignnone wp-image-665\" src=\"https:\/\/luxuryprojects.vn\/vi\/wp-content\/uploads\/2025\/04\/43.png\" alt=\"\" width=\"400\" height=\"208\" srcset=\"https:\/\/luxuryprojects.vn\/vi\/wp-content\/uploads\/2025\/04\/43.png 1024w, https:\/\/luxuryprojects.vn\/vi\/wp-content\/uploads\/2025\/04\/43-600x312.png 600w\" sizes=\"auto, (max-width: 400px) 100vw, 400px\" \/><img loading=\"lazy\" decoding=\"async\" class=\"alignnone wp-image-666\" src=\"https:\/\/luxuryprojects.vn\/vi\/wp-content\/uploads\/2025\/04\/44.png\" alt=\"\" width=\"400\" height=\"208\" srcset=\"https:\/\/luxuryprojects.vn\/vi\/wp-content\/uploads\/2025\/04\/44.png 1024w, https:\/\/luxuryprojects.vn\/vi\/wp-content\/uploads\/2025\/04\/44-600x312.png 600w\" sizes=\"auto, (max-width: 400px) 100vw, 400px\" \/> <img loading=\"lazy\" decoding=\"async\" class=\"alignnone wp-image-667\" src=\"https:\/\/luxuryprojects.vn\/vi\/wp-content\/uploads\/2025\/04\/45.png\" alt=\"\" width=\"400\" height=\"208\" srcset=\"https:\/\/luxuryprojects.vn\/vi\/wp-content\/uploads\/2025\/04\/45.png 1024w, https:\/\/luxuryprojects.vn\/vi\/wp-content\/uploads\/2025\/04\/45-600x312.png 600w\" sizes=\"auto, (max-width: 400px) 100vw, 400px\" \/><img loading=\"lazy\" decoding=\"async\" class=\"alignnone wp-image-668\" src=\"https:\/\/luxuryprojects.vn\/vi\/wp-content\/uploads\/2025\/04\/46.png\" alt=\"\" width=\"400\" height=\"208\" srcset=\"https:\/\/luxuryprojects.vn\/vi\/wp-content\/uploads\/2025\/04\/46.png 1024w, https:\/\/luxuryprojects.vn\/vi\/wp-content\/uploads\/2025\/04\/46-600x312.png 600w\" sizes=\"auto, (max-width: 400px) 100vw, 400px\" \/><img loading=\"lazy\" decoding=\"async\" class=\"alignnone wp-image-669\" src=\"https:\/\/luxuryprojects.vn\/vi\/wp-content\/uploads\/2025\/04\/47.png\" alt=\"\" width=\"400\" height=\"208\" srcset=\"https:\/\/luxuryprojects.vn\/vi\/wp-content\/uploads\/2025\/04\/47.png 1024w, https:\/\/luxuryprojects.vn\/vi\/wp-content\/uploads\/2025\/04\/47-600x312.png 600w\" sizes=\"auto, (max-width: 400px) 100vw, 400px\" \/><\/p>\n<hr data-start=\"1276\" data-end=\"1279\" \/>\n<h2 class=\"thin-font\" data-start=\"1281\" data-end=\"1314\"><em><strong>Lo\u1ea1i h\u00ecnh c\u0103n h\u1ed9 &amp; Di\u1ec7n t\u00edch<\/strong><\/em><\/h2>\n<ul>\n<li style=\"list-style-type: none;\">\n<ul data-start=\"1316\" data-end=\"1464\">\n<li data-start=\"1316\" data-end=\"1349\">\n<p data-start=\"1318\" data-end=\"1349\"><strong data-start=\"1318\" data-end=\"1326\">1PN:<\/strong> ~48 \u2013 51 m\u00b2 (78 c\u0103n)<\/p>\n<\/li>\n<li data-start=\"1350\" data-end=\"1384\">\n<p data-start=\"1352\" data-end=\"1384\"><strong data-start=\"1352\" data-end=\"1360\">2PN:<\/strong> ~71 \u2013 80 m\u00b2 (124 c\u0103n)<\/p>\n<\/li>\n<li data-start=\"1385\" data-end=\"1424\">\n<p data-start=\"1387\" data-end=\"1424\"><strong data-start=\"1387\" data-end=\"1400\">3PN Loft:<\/strong> ~122 \u2013 125 m\u00b2 (4 c\u0103n)<\/p>\n<\/li>\n<li data-start=\"1425\" data-end=\"1464\">\n<p data-start=\"1427\" data-end=\"1464\"><strong data-start=\"1427\" data-end=\"1440\">T\u00f9y ch\u1ecdn:<\/strong> Dual Key, c\u0103n h\u1ed9 Loft<\/p>\n<\/li>\n<\/ul>\n<\/li>\n<\/ul>\n<p class=\"thin-font\"><img loading=\"lazy\" decoding=\"async\" class=\"size-full wp-image-662 aligncenter\" src=\"https:\/\/luxuryprojects.vn\/vi\/wp-content\/uploads\/2025\/04\/imgi_87_mat-bang-tang-10-15-20220907084830.jpg\" alt=\"\" width=\"566\" height=\"400\" \/><\/p>\n<p class=\"thin-font\" style=\"text-align: center;\"><em>M\u1eb7t b\u1eb1ng c\u0103n h\u1ed9 \u0111i\u1ec3n h\u00ecnh c\u1ee7a The Filmore \u0110\u00e0 N\u1eb5ng<\/em><\/p>\n<hr data-start=\"1466\" data-end=\"1469\" \/>\n<h2 class=\"thin-font\" data-start=\"1471\" data-end=\"1502\"><em><strong>\u0110\u01a1n v\u1ecb Thi\u1ebft k\u1ebf &amp; Thi c\u00f4ng<\/strong><\/em><\/h2>\n<ul>\n<li style=\"list-style-type: none;\">\n<ul data-start=\"1504\" data-end=\"1720\">\n<li data-start=\"1504\" data-end=\"1556\">\n<p data-start=\"1506\" data-end=\"1556\"><strong data-start=\"1506\" data-end=\"1529\">T\u1ed5ng th\u1ea7u x\u00e2y d\u1ef1ng:<\/strong> Delta Construction Group<\/p>\n<\/li>\n<li data-start=\"1557\" data-end=\"1622\">\n<p data-start=\"1559\" data-end=\"1622\"><strong data-start=\"1559\" data-end=\"1593\">Thi\u1ebft k\u1ebf ki\u1ebfn tr\u00fac &amp; n\u1ed9i th\u1ea5t:<\/strong> Mercurio Lab &amp; The ID Dept<\/p>\n<\/li>\n<li data-start=\"1623\" data-end=\"1650\">\n<p data-start=\"1625\" data-end=\"1650\"><strong data-start=\"1625\" data-end=\"1639\">C\u1ea3nh quan:<\/strong> Landarch<\/p>\n<\/li>\n<li data-start=\"1651\" data-end=\"1679\">\n<p data-start=\"1653\" data-end=\"1679\"><strong data-start=\"1653\" data-end=\"1668\">Chi\u1ebfu s\u00e1ng:<\/strong> Lightbox<\/p>\n<\/li>\n<li data-start=\"1680\" data-end=\"1720\">\n<p data-start=\"1682\" data-end=\"1720\"><strong data-start=\"1682\" data-end=\"1703\">Qu\u1ea3n l\u00fd v\u1eadn h\u00e0nh:<\/strong> CBRE (t\u1eeb 2023)<\/p>\n<\/li>\n<\/ul>\n<\/li>\n<\/ul>\n<hr \/>\n<p class=\"thin-font\" data-start=\"1727\" data-end=\"1856\">#TheFilmoreDaNang #JimsLuxuryProperties #batdongsan<\/p>\n","protected":false},"excerpt":{"rendered":"<p data-start=\"52\" data-end=\"331\"><strong>The Filmore \u0110\u00e0 N\u1eb5ng \u2013 C\u0103n h\u1ed9 cao c\u1ea5p ven s\u00f4ng B\u1ea1ch \u0110\u1eb1ng<\/strong><br \/>\nT\u1ecda l\u1ea1c tr\u00ean \u0111\u01b0\u1eddng B\u1ea1ch \u0110\u1eb1ng, ven s\u00f4ng H\u00e0n, The Filmore \u0110\u00e0 N\u1eb5ng cung c\u1ea5p 206 c\u0103n h\u1ed9 sang tr\u1ecdng \u0111\u01b0\u1ee3c thi\u1ebft k\u1ebf t\u1ec9 m\u1ec9 trong t\u00f2a th\u00e1p 25 t\u1ea7ng. V\u1edbi ki\u1ebfn \u200b\u200btr\u00fac l\u1ea5y c\u1ea3m h\u1ee9ng t\u1eeb r\u1ed3ng v\u00e0 c\u00e1c ti\u1ec7n \u00edch \u0111a d\u1ea1ng, t\u1eeb h\u1ed3 b\u01a1i v\u00f4 c\u1ef1c \u0111\u1ebfn spa ch\u0103m s\u00f3c s\u1ee9c kh\u1ecfe, d\u1ef1 \u00e1n \u0111\u1ecbnh ngh\u0129a l\u1ea1i cu\u1ed9c s\u1ed1ng \u0111\u00f4 th\u1ecb cao c\u1ea5p t\u1ea1i \u0110\u00e0 N\u1eb5ng.<\/p>\n","protected":false},"featured_media":663,"comment_status":"open","ping_status":"closed","template":"","meta":[],"product_brand":[],"product_cat":[18],"product_tag":[],"class_list":{"0":"post-121","1":"product","2":"type-product","3":"status-publish","4":"has-post-thumbnail","6":"product_cat-can-ho-cao-cap","8":"first","9":"instock","10":"taxable","11":"shipping-taxable","12":"product-type-simple"},"yoast_head":"<!-- This site is optimized with the Yoast SEO Premium plugin v21.4 (Yoast SEO v24.9) - https:\/\/yoast.com\/wordpress\/plugins\/seo\/ -->\n<title>THE FILMORE \u0110\u00c0 N\u1eb4NG - LUXURY PROJECTS<\/title>\n<meta name=\"robots\" content=\"index, follow, max-snippet:-1, max-image-preview:large, max-video-preview:-1\" \/>\n<link rel=\"canonical\" href=\"https:\/\/luxuryprojects.vn\/vi\/projects\/filmore-danang\/\" \/>\n<meta property=\"og:locale\" content=\"vi_VN\" \/>\n<meta property=\"og:type\" content=\"article\" \/>\n<meta property=\"og:title\" content=\"THE FILMORE \u0110\u00c0 N\u1eb4NG\" \/>\n<meta property=\"og:description\" content=\"The Filmore \u0110\u00e0 N\u1eb5ng \u2013 C\u0103n h\u1ed9 cao c\u1ea5p ven s\u00f4ng B\u1ea1ch \u0110\u1eb1ng T\u1ecda l\u1ea1c tr\u00ean \u0111\u01b0\u1eddng B\u1ea1ch \u0110\u1eb1ng, ven s\u00f4ng H\u00e0n, The Filmore \u0110\u00e0 N\u1eb5ng cung c\u1ea5p 206 c\u0103n h\u1ed9 sang tr\u1ecdng \u0111\u01b0\u1ee3c thi\u1ebft k\u1ebf t\u1ec9 m\u1ec9 trong t\u00f2a th\u00e1p 25 t\u1ea7ng. V\u1edbi ki\u1ebfn \u200b\u200btr\u00fac l\u1ea5y c\u1ea3m h\u1ee9ng t\u1eeb r\u1ed3ng v\u00e0 c\u00e1c ti\u1ec7n \u00edch \u0111a d\u1ea1ng, t\u1eeb h\u1ed3 b\u01a1i v\u00f4 c\u1ef1c \u0111\u1ebfn spa ch\u0103m s\u00f3c s\u1ee9c kh\u1ecfe, d\u1ef1 \u00e1n \u0111\u1ecbnh ngh\u0129a l\u1ea1i cu\u1ed9c s\u1ed1ng \u0111\u00f4 th\u1ecb cao c\u1ea5p t\u1ea1i \u0110\u00e0 N\u1eb5ng.\" \/>\n<meta property=\"og:url\" content=\"https:\/\/luxuryprojects.vn\/vi\/projects\/filmore-danang\/\" \/>\n<meta property=\"og:site_name\" content=\"LUXURY PROJECTS\" \/>\n<meta property=\"article:modified_time\" content=\"2025-08-22T06:31:12+00:00\" \/>\n<meta property=\"og:image\" content=\"https:\/\/luxuryprojects.vn\/vi\/wp-content\/uploads\/2025\/04\/THE-LEGEND-DANANG-11.png\" \/>\n\t<meta property=\"og:image:width\" content=\"1080\" \/>\n\t<meta property=\"og:image:height\" content=\"1080\" \/>\n\t<meta property=\"og:image:type\" content=\"image\/png\" \/>\n<meta name=\"twitter:card\" content=\"summary_large_image\" \/>\n<meta name=\"twitter:label1\" content=\"\u01af\u1edbc t\u00ednh th\u1eddi gian \u0111\u1ecdc\" \/>\n\t<meta name=\"twitter:data1\" content=\"4 ph\u00fat\" \/>\n<script type=\"application\/ld+json\" class=\"yoast-schema-graph\">{\"@context\":\"https:\/\/schema.org\",\"@graph\":[{\"@type\":\"WebPage\",\"@id\":\"https:\/\/luxuryprojects.vn\/vi\/projects\/filmore-danang\/\",\"url\":\"https:\/\/luxuryprojects.vn\/vi\/projects\/filmore-danang\/\",\"name\":\"THE FILMORE \u0110\u00c0 N\u1eb4NG - LUXURY PROJECTS\",\"isPartOf\":{\"@id\":\"https:\/\/luxuryprojects.vn\/vi\/#website\"},\"primaryImageOfPage\":{\"@id\":\"https:\/\/luxuryprojects.vn\/vi\/projects\/filmore-danang\/#primaryimage\"},\"image\":{\"@id\":\"https:\/\/luxuryprojects.vn\/vi\/projects\/filmore-danang\/#primaryimage\"},\"thumbnailUrl\":\"https:\/\/luxuryprojects.vn\/vi\/wp-content\/uploads\/2025\/04\/THE-LEGEND-DANANG-11.png\",\"datePublished\":\"2025-04-10T08:58:30+00:00\",\"dateModified\":\"2025-08-22T06:31:12+00:00\",\"breadcrumb\":{\"@id\":\"https:\/\/luxuryprojects.vn\/vi\/projects\/filmore-danang\/#breadcrumb\"},\"inLanguage\":\"vi\",\"potentialAction\":[{\"@type\":\"ReadAction\",\"target\":[\"https:\/\/luxuryprojects.vn\/vi\/projects\/filmore-danang\/\"]}]},{\"@type\":\"ImageObject\",\"inLanguage\":\"vi\",\"@id\":\"https:\/\/luxuryprojects.vn\/vi\/projects\/filmore-danang\/#primaryimage\",\"url\":\"https:\/\/luxuryprojects.vn\/vi\/wp-content\/uploads\/2025\/04\/THE-LEGEND-DANANG-11.png\",\"contentUrl\":\"https:\/\/luxuryprojects.vn\/vi\/wp-content\/uploads\/2025\/04\/THE-LEGEND-DANANG-11.png\",\"width\":1080,\"height\":1080},{\"@type\":\"BreadcrumbList\",\"@id\":\"https:\/\/luxuryprojects.vn\/vi\/projects\/filmore-danang\/#breadcrumb\",\"itemListElement\":[{\"@type\":\"ListItem\",\"position\":1,\"name\":\"Home\",\"item\":\"https:\/\/luxuryprojects.vn\/vi\/\"},{\"@type\":\"ListItem\",\"position\":2,\"name\":\"T\u1ea5t c\u1ea3\",\"item\":\"https:\/\/luxuryprojects.vn\/vi\/projects\/\"},{\"@type\":\"ListItem\",\"position\":3,\"name\":\"THE FILMORE \u0110\u00c0 N\u1eb4NG\"}]},{\"@type\":\"WebSite\",\"@id\":\"https:\/\/luxuryprojects.vn\/vi\/#website\",\"url\":\"https:\/\/luxuryprojects.vn\/vi\/\",\"name\":\"LUXURY PROJECTS\",\"description\":\"Turning Dreams Into Addresses\",\"potentialAction\":[{\"@type\":\"SearchAction\",\"target\":{\"@type\":\"EntryPoint\",\"urlTemplate\":\"https:\/\/luxuryprojects.vn\/vi\/?s={search_term_string}\"},\"query-input\":{\"@type\":\"PropertyValueSpecification\",\"valueRequired\":true,\"valueName\":\"search_term_string\"}}],\"inLanguage\":\"vi\"}]}<\/script>\n<!-- \/ Yoast SEO Premium plugin. -->","yoast_head_json":{"title":"THE FILMORE \u0110\u00c0 N\u1eb4NG - LUXURY PROJECTS","robots":{"index":"index","follow":"follow","max-snippet":"max-snippet:-1","max-image-preview":"max-image-preview:large","max-video-preview":"max-video-preview:-1"},"canonical":"https:\/\/luxuryprojects.vn\/vi\/projects\/filmore-danang\/","og_locale":"vi_VN","og_type":"article","og_title":"THE FILMORE \u0110\u00c0 N\u1eb4NG","og_description":"The Filmore \u0110\u00e0 N\u1eb5ng \u2013 C\u0103n h\u1ed9 cao c\u1ea5p ven s\u00f4ng B\u1ea1ch \u0110\u1eb1ng T\u1ecda l\u1ea1c tr\u00ean \u0111\u01b0\u1eddng B\u1ea1ch \u0110\u1eb1ng, ven s\u00f4ng H\u00e0n, The Filmore \u0110\u00e0 N\u1eb5ng cung c\u1ea5p 206 c\u0103n h\u1ed9 sang tr\u1ecdng \u0111\u01b0\u1ee3c thi\u1ebft k\u1ebf t\u1ec9 m\u1ec9 trong t\u00f2a th\u00e1p 25 t\u1ea7ng. V\u1edbi ki\u1ebfn \u200b\u200btr\u00fac l\u1ea5y c\u1ea3m h\u1ee9ng t\u1eeb r\u1ed3ng v\u00e0 c\u00e1c ti\u1ec7n \u00edch \u0111a d\u1ea1ng, t\u1eeb h\u1ed3 b\u01a1i v\u00f4 c\u1ef1c \u0111\u1ebfn spa ch\u0103m s\u00f3c s\u1ee9c kh\u1ecfe, d\u1ef1 \u00e1n \u0111\u1ecbnh ngh\u0129a l\u1ea1i cu\u1ed9c s\u1ed1ng \u0111\u00f4 th\u1ecb cao c\u1ea5p t\u1ea1i \u0110\u00e0 N\u1eb5ng.","og_url":"https:\/\/luxuryprojects.vn\/vi\/projects\/filmore-danang\/","og_site_name":"LUXURY PROJECTS","article_modified_time":"2025-08-22T06:31:12+00:00","og_image":[{"width":1080,"height":1080,"url":"https:\/\/luxuryprojects.vn\/vi\/wp-content\/uploads\/2025\/04\/THE-LEGEND-DANANG-11.png","type":"image\/png"}],"twitter_card":"summary_large_image","twitter_misc":{"\u01af\u1edbc t\u00ednh th\u1eddi gian \u0111\u1ecdc":"4 ph\u00fat"},"schema":{"@context":"https:\/\/schema.org","@graph":[{"@type":"WebPage","@id":"https:\/\/luxuryprojects.vn\/vi\/projects\/filmore-danang\/","url":"https:\/\/luxuryprojects.vn\/vi\/projects\/filmore-danang\/","name":"THE FILMORE \u0110\u00c0 N\u1eb4NG - LUXURY PROJECTS","isPartOf":{"@id":"https:\/\/luxuryprojects.vn\/vi\/#website"},"primaryImageOfPage":{"@id":"https:\/\/luxuryprojects.vn\/vi\/projects\/filmore-danang\/#primaryimage"},"image":{"@id":"https:\/\/luxuryprojects.vn\/vi\/projects\/filmore-danang\/#primaryimage"},"thumbnailUrl":"https:\/\/luxuryprojects.vn\/vi\/wp-content\/uploads\/2025\/04\/THE-LEGEND-DANANG-11.png","datePublished":"2025-04-10T08:58:30+00:00","dateModified":"2025-08-22T06:31:12+00:00","breadcrumb":{"@id":"https:\/\/luxuryprojects.vn\/vi\/projects\/filmore-danang\/#breadcrumb"},"inLanguage":"vi","potentialAction":[{"@type":"ReadAction","target":["https:\/\/luxuryprojects.vn\/vi\/projects\/filmore-danang\/"]}]},{"@type":"ImageObject","inLanguage":"vi","@id":"https:\/\/luxuryprojects.vn\/vi\/projects\/filmore-danang\/#primaryimage","url":"https:\/\/luxuryprojects.vn\/vi\/wp-content\/uploads\/2025\/04\/THE-LEGEND-DANANG-11.png","contentUrl":"https:\/\/luxuryprojects.vn\/vi\/wp-content\/uploads\/2025\/04\/THE-LEGEND-DANANG-11.png","width":1080,"height":1080},{"@type":"BreadcrumbList","@id":"https:\/\/luxuryprojects.vn\/vi\/projects\/filmore-danang\/#breadcrumb","itemListElement":[{"@type":"ListItem","position":1,"name":"Home","item":"https:\/\/luxuryprojects.vn\/vi\/"},{"@type":"ListItem","position":2,"name":"T\u1ea5t c\u1ea3","item":"https:\/\/luxuryprojects.vn\/vi\/projects\/"},{"@type":"ListItem","position":3,"name":"THE FILMORE \u0110\u00c0 N\u1eb4NG"}]},{"@type":"WebSite","@id":"https:\/\/luxuryprojects.vn\/vi\/#website","url":"https:\/\/luxuryprojects.vn\/vi\/","name":"LUXURY PROJECTS","description":"Turning Dreams Into Addresses","potentialAction":[{"@type":"SearchAction","target":{"@type":"EntryPoint","urlTemplate":"https:\/\/luxuryprojects.vn\/vi\/?s={search_term_string}"},"query-input":{"@type":"PropertyValueSpecification","valueRequired":true,"valueName":"search_term_string"}}],"inLanguage":"vi"}]}},"_links":{"self":[{"href":"https:\/\/luxuryprojects.vn\/vi\/wp-json\/wp\/v2\/product\/121","targetHints":{"allow":["GET"]}}],"collection":[{"href":"https:\/\/luxuryprojects.vn\/vi\/wp-json\/wp\/v2\/product"}],"about":[{"href":"https:\/\/luxuryprojects.vn\/vi\/wp-json\/wp\/v2\/types\/product"}],"replies":[{"embeddable":true,"href":"https:\/\/luxuryprojects.vn\/vi\/wp-json\/wp\/v2\/comments?post=121"}],"wp:featuredmedia":[{"embeddable":true,"href":"https:\/\/luxuryprojects.vn\/vi\/wp-json\/wp\/v2\/media\/663"}],"wp:attachment":[{"href":"https:\/\/luxuryprojects.vn\/vi\/wp-json\/wp\/v2\/media?parent=121"}],"wp:term":[{"taxonomy":"product_brand","embeddable":true,"href":"https:\/\/luxuryprojects.vn\/vi\/wp-json\/wp\/v2\/product_brand?post=121"},{"taxonomy":"product_cat","embeddable":true,"href":"https:\/\/luxuryprojects.vn\/vi\/wp-json\/wp\/v2\/product_cat?post=121"},{"taxonomy":"product_tag","embeddable":true,"href":"https:\/\/luxuryprojects.vn\/vi\/wp-json\/wp\/v2\/product_tag?post=121"}],"curies":[{"name":"wp","href":"https:\/\/api.w.org\/{rel}","templated":true}]}}