{"id":132,"date":"2025-04-10T09:49:28","date_gmt":"2025-04-10T09:49:28","guid":{"rendered":"https:\/\/luxury.qweb.com.vn\/?post_type=product&#038;p=132"},"modified":"2025-08-23T02:12:45","modified_gmt":"2025-08-23T02:12:45","slug":"masteri-rivera-danang","status":"publish","type":"product","link":"https:\/\/luxuryprojects.vn\/vi\/projects\/masteri-rivera-danang\/","title":{"rendered":"MASTERI RIVERA \u0110\u00c0 N\u1eb4NG"},"content":{"rendered":"<h2 class=\"thin-font\" data-start=\"89\" data-end=\"136\"><strong>Th\u00f4ng tin t\u1ed5ng quan Masteri Rivera \u0110\u00e0 N\u1eb5ng<\/strong><\/h2>\n<hr \/>\n<h3 class=\"thin-font\" data-start=\"138\" data-end=\"159\"><strong>Th\u00f4ng tin d\u1ef1 \u00e1n<\/strong><\/h3>\n<ul>\n<li style=\"list-style-type: none;\">\n<ul data-start=\"160\" data-end=\"629\">\n<li data-start=\"160\" data-end=\"201\">\n<p data-start=\"162\" data-end=\"201\"><strong data-start=\"162\" data-end=\"176\">T\u00ean d\u1ef1 \u00e1n:<\/strong> Masteri Rivera \u0110\u00e0 N\u1eb5ng<\/p>\n<\/li>\n<li data-start=\"202\" data-end=\"270\">\n<p data-start=\"204\" data-end=\"270\"><strong data-start=\"204\" data-end=\"219\">Ch\u1ee7 \u0111\u1ea7u t\u01b0:<\/strong> Masterise Homes\u00ae, thu\u1ed9c t\u1eadp \u0111o\u00e0n Masterise Group<\/p>\n<\/li>\n<li data-start=\"271\" data-end=\"307\">\n<p data-start=\"273\" data-end=\"307\"><strong data-start=\"273\" data-end=\"295\">Di\u1ec7n t\u00edch khu \u0111\u1ea5t:<\/strong> 18.296 m\u00b2<\/p>\n<\/li>\n<li data-start=\"308\" data-end=\"358\">\n<p data-start=\"310\" data-end=\"358\"><strong data-start=\"310\" data-end=\"321\">Quy m\u00f4:<\/strong> 2 t\u00f2a th\u00e1p cao 39 t\u1ea7ng, 2 t\u1ea7ng h\u1ea7m<\/p>\n<\/li>\n<li data-start=\"359\" data-end=\"410\">\n<p data-start=\"361\" data-end=\"410\"><strong data-start=\"361\" data-end=\"381\">S\u1ed1 l\u01b0\u1ee3ng c\u0103n h\u1ed9:<\/strong> G\u1ea7n 1.200 c\u0103n h\u1ed9 h\u1ea1ng sang<\/p>\n<\/li>\n<li data-start=\"411\" data-end=\"467\">\n<p data-start=\"413\" data-end=\"467\"><strong data-start=\"413\" data-end=\"434\">Lo\u1ea1i h\u00ecnh c\u0103n h\u1ed9:<\/strong> 1PN+, 2PN, 2PN+, 3PN, Dual-Key<\/p>\n<\/li>\n<li data-start=\"468\" data-end=\"580\">\n<p data-start=\"470\" data-end=\"493\"><strong data-start=\"470\" data-end=\"491\">H\u00ecnh th\u1ee9c s\u1edf h\u1eefu:<\/strong><\/p>\n<ul data-start=\"496\" data-end=\"580\">\n<li data-start=\"496\" data-end=\"530\">\n<p data-start=\"498\" data-end=\"530\">Ng\u01b0\u1eddi Vi\u1ec7t Nam: S\u1edf h\u1eefu l\u00e2u d\u00e0i<\/p>\n<\/li>\n<li data-start=\"533\" data-end=\"580\">\n<p data-start=\"535\" data-end=\"580\">Ng\u01b0\u1eddi n\u01b0\u1edbc ngo\u00e0i: S\u1edf h\u1eefu c\u00f3 th\u1eddi h\u1ea1n 50 n\u0103m<\/p>\n<\/li>\n<\/ul>\n<\/li>\n<li data-start=\"581\" data-end=\"629\">\n<p data-start=\"583\" data-end=\"629\"><strong data-start=\"583\" data-end=\"614\">Th\u1eddi gian b\u00e0n giao d\u1ef1 ki\u1ebfn:<\/strong> Qu\u00fd III\/2026<\/p>\n<\/li>\n<\/ul>\n<\/li>\n<\/ul>\n<p class=\"thin-font\"><img loading=\"lazy\" decoding=\"async\" class=\"alignnone size-full wp-image-649\" src=\"https:\/\/luxuryprojects.vn\/vi\/wp-content\/uploads\/2025\/04\/Anh-du-an-01-1.jpg\" alt=\"\" width=\"5000\" height=\"2634\" srcset=\"https:\/\/luxuryprojects.vn\/vi\/wp-content\/uploads\/2025\/04\/Anh-du-an-01-1.jpg 5000w, https:\/\/luxuryprojects.vn\/vi\/wp-content\/uploads\/2025\/04\/Anh-du-an-01-1-600x316.jpg 600w\" sizes=\"auto, (max-width: 5000px) 100vw, 5000px\" \/><\/p>\n<p class=\"thin-font\" style=\"text-align: center;\"><em>Ph\u1ed1i c\u1ea3nh d\u1ef1 \u00e1n Masteri Rivera \u0110\u00e0 N\u1eb5ng<\/em><\/p>\n<hr data-start=\"631\" data-end=\"634\" \/>\n<h3 class=\"thin-font\" data-start=\"636\" data-end=\"658\"><strong>V\u1ecb tr\u00ed &amp; K\u1ebft n\u1ed1i<\/strong><\/h3>\n<ul>\n<li style=\"list-style-type: none;\">\n<ul data-start=\"659\" data-end=\"1013\">\n<li data-start=\"659\" data-end=\"741\">\n<p data-start=\"661\" data-end=\"741\"><strong data-start=\"661\" data-end=\"673\">\u0110\u1ecba ch\u1ec9:<\/strong> 50 \u0111\u01b0\u1eddng Qu\u00fd M\u1ef9, ph\u01b0\u1eddng H\u00f2a C\u01b0\u1eddng Nam, qu\u1eadn H\u1ea3i Ch\u00e2u, TP. \u0110\u00e0 N\u1eb5ng<\/p>\n<\/li>\n<li data-start=\"742\" data-end=\"1013\">\n<p data-start=\"744\" data-end=\"1013\"><strong data-start=\"744\" data-end=\"755\">V\u1ecb th\u1ebf:<\/strong> N\u1eb1m t\u1ea1i trung t\u00e2m qu\u1eadn H\u1ea3i Ch\u00e2u, s\u1edf h\u1eefu t\u1ea7m nh\u00ecn s\u00f4ng y\u00ean b\u00ecnh n\u01a1i h\u1ee3p l\u01b0u ba d\u00f2ng s\u00f4ng (H\u00e0n, C\u1ea9m L\u1ec7 &amp; C\u1ea7u \u0110\u1ecf) \u2013 v\u1ecb tr\u00ed \u201ct\u1ecda s\u01a1n h\u01b0\u1edbng th\u1ee7y\u201d \u0111\u1eafc \u0111\u1ecba theo phong th\u1ee7y. D\u1ef1 \u00e1n k\u1ebft n\u1ed1i h\u00e0i h\u00f2a gi\u1eefa di s\u1ea3n thi\u00ean nhi\u00ean v\u00e0 nh\u1ecbp s\u1ed1ng hi\u1ec7n \u0111\u1ea1i c\u1ee7a \u0110\u00e0 N\u1eb5ng \u2013 H\u1ed9i An.<\/p>\n<\/li>\n<\/ul>\n<\/li>\n<\/ul>\n<h4 class=\"thin-font\" style=\"padding-left: 40px;\" data-start=\"1015\" data-end=\"1048\"><strong data-start=\"1015\" data-end=\"1046\">K\u1ebft n\u1ed1i &amp; ti\u1ec7n \u00edch l\u00e2n c\u1eadn:<\/strong><\/h4>\n<ul>\n<li style=\"list-style-type: none;\">\n<ul data-start=\"1049\" data-end=\"1333\">\n<li data-start=\"1049\" data-end=\"1082\">\n<p data-start=\"1051\" data-end=\"1082\">1 ph\u00fat \u2192 Lotte\/Tr\u01b0\u1eddng Skyline<\/p>\n<\/li>\n<li data-start=\"1083\" data-end=\"1188\">\n<p data-start=\"1085\" data-end=\"1188\">5 ph\u00fat \u2192 Asia Park, T\u1ed5 h\u1ee3p th\u1ec3 thao Ti\u00ean S\u01a1n, Cung thi\u1ebfu nhi \u0110\u00e0 N\u1eb5ng, Qu\u1ea3ng tr\u01b0\u1eddng 2\/9, Ch\u1ee3 B\u1eafc M\u1ef9 An<\/p>\n<\/li>\n<li data-start=\"1189\" data-end=\"1242\">\n<p data-start=\"1191\" data-end=\"1242\">10 ph\u00fat \u2192 Bi\u1ec3n M\u1ef9 Kh\u00ea, C\u1ea7u R\u1ed3ng, B\u1ec7nh vi\u1ec7n Vinmec<\/p>\n<\/li>\n<li data-start=\"1243\" data-end=\"1305\">\n<p data-start=\"1245\" data-end=\"1305\">15 ph\u00fat \u2192 Ch\u1ee3 H\u00e0n, UBND th\u00e0nh ph\u1ed1, S\u00e2n bay qu\u1ed1c t\u1ebf \u0110\u00e0 N\u1eb5ng<\/p>\n<\/li>\n<li data-start=\"1306\" data-end=\"1333\">\n<p data-start=\"1308\" data-end=\"1333\">30 ph\u00fat \u2192 Ph\u1ed1 c\u1ed5 H\u1ed9i An<\/p>\n<\/li>\n<\/ul>\n<\/li>\n<\/ul>\n<p class=\"thin-font\"><img loading=\"lazy\" decoding=\"async\" class=\"aligncenter wp-image-648\" src=\"https:\/\/luxuryprojects.vn\/vi\/wp-content\/uploads\/2025\/04\/imgi_6_vi-tri-masteri-rivera-da-nang.jpg\" alt=\"\" width=\"1300\" height=\"741\" srcset=\"https:\/\/luxuryprojects.vn\/vi\/wp-content\/uploads\/2025\/04\/imgi_6_vi-tri-masteri-rivera-da-nang.jpg 1536w, https:\/\/luxuryprojects.vn\/vi\/wp-content\/uploads\/2025\/04\/imgi_6_vi-tri-masteri-rivera-da-nang-600x342.jpg 600w\" sizes=\"auto, (max-width: 1300px) 100vw, 1300px\" \/><\/p>\n<hr data-start=\"1335\" data-end=\"1338\" \/>\n<h3 class=\"thin-font\" data-start=\"1340\" data-end=\"1365\"><strong>Thi\u1ebft k\u1ebf &amp; Ti\u1ec7n \u00edch<\/strong><\/h3>\n<p class=\"thin-font\" style=\"padding-left: 40px;\" data-start=\"1366\" data-end=\"1590\">L\u00e0 d\u1ef1 \u00e1n ti\u00ean phong c\u1ee7a Masterise Homes t\u1ea1i \u0110\u00e0 N\u1eb5ng, Masteri Rivera mang d\u1ea5u \u1ea5n \u0111\u1eb7c tr\u01b0ng c\u1ee7a d\u00f2ng s\u1ea3n ph\u1ea9m Masteri Collection \u2013 kh\u01a1i d\u1eady \u201cnh\u1ecbp \u0111i\u1ec7u s\u1ed1ng h\u00e0i h\u00f2a\u201d qua h\u1ec7 th\u1ed1ng <strong data-start=\"1542\" data-end=\"1578\">31 ti\u1ec7n \u00edch ngh\u1ec9 d\u01b0\u1ee1ng \u0111\u1ed9c quy\u1ec1n<\/strong>, bao g\u1ed3m:<\/p>\n<ul>\n<li style=\"list-style-type: none;\">\n<ul data-start=\"1591\" data-end=\"1761\">\n<li data-start=\"1591\" data-end=\"1614\">\n<p data-start=\"1593\" data-end=\"1614\">H\u1ed3 b\u01a1i chu\u1ea9n resort<\/p>\n<\/li>\n<li data-start=\"1615\" data-end=\"1649\">\n<p data-start=\"1617\" data-end=\"1649\">Khu lounge &amp; v\u01b0\u1eddn BBQ tr\u00ean cao<\/p>\n<\/li>\n<li data-start=\"1650\" data-end=\"1697\">\n<p data-start=\"1652\" data-end=\"1697\">S\u00e2n ch\u01a1i tr\u1ebb em &amp; khu phi\u00eau l\u01b0u ch\u1ee7 \u0111\u1ec1 r\u1eebng<\/p>\n<\/li>\n<li data-start=\"1698\" data-end=\"1716\">\n<p data-start=\"1700\" data-end=\"1716\">Sky playground<\/p>\n<\/li>\n<li data-start=\"1717\" data-end=\"1735\">\n<p data-start=\"1719\" data-end=\"1735\">S\u00e2n pickleball<\/p>\n<\/li>\n<li data-start=\"1736\" data-end=\"1761\">\n<p data-start=\"1738\" data-end=\"1761\">Ph\u00f2ng gym &amp; v\u01b0\u1eddn yoga<\/p>\n<\/li>\n<\/ul>\n<\/li>\n<\/ul>\n<p class=\"thin-font\" style=\"padding-left: 40px;\" data-start=\"1763\" data-end=\"1874\">C\u00e1c ti\u1ec7n \u00edch \u0111\u01b0\u1ee3c ph\u00e2n b\u1ed5 h\u1ee3p l\u00fd t\u1eeb t\u1ea7ng tr\u1ec7t \u0111\u1ebfn t\u1ea7ng trung, mang \u0111\u1ebfn tr\u1ea3i nghi\u1ec7m s\u1ed1ng c\u00e2n b\u1eb1ng v\u00e0 tr\u1ecdn v\u1eb9n.<\/p>\n<p class=\"thin-font\" data-start=\"1763\" data-end=\"1874\"><img loading=\"lazy\" decoding=\"async\" class=\"alignnone wp-image-650\" src=\"https:\/\/luxuryprojects.vn\/vi\/wp-content\/uploads\/2025\/04\/MAT-BANG-TIEN-ICH-01.jpg\" alt=\"\" width=\"1300\" height=\"897\" srcset=\"https:\/\/luxuryprojects.vn\/vi\/wp-content\/uploads\/2025\/04\/MAT-BANG-TIEN-ICH-01.jpg 3425w, https:\/\/luxuryprojects.vn\/vi\/wp-content\/uploads\/2025\/04\/MAT-BANG-TIEN-ICH-01-600x414.jpg 600w\" sizes=\"auto, (max-width: 1300px) 100vw, 1300px\" \/><\/p>\n<hr \/>\n<p class=\"thin-font\" data-start=\"1897\" data-end=\"2012\">#MasteriRiveraDaNang #JimsLuxuryProperties #batdongsan<\/p>\n","protected":false},"excerpt":{"rendered":"<p data-start=\"0\" data-end=\"63\"><strong data-start=\"0\" data-end=\"61\">Masteri Rivera \u0110\u00e0 N\u1eb5ng \u2013 S\u1ed1ng Ngh\u1ec9 D\u01b0\u1ee1ng Gi\u1eefa L\u00f2ng \u0110\u00f4 Th\u1ecb<\/strong><\/p>\n<p data-start=\"65\" data-end=\"273\">T\u1ecda l\u1ea1c t\u1ea1i v\u1ecb tr\u00ed \u201cv\u00e0ng\u201d tr\u00ean tr\u1ee5c \u0111\u01b0\u1eddng Quy M\u1ef9, <strong data-start=\"115\" data-end=\"141\">Masteri Rivera \u0110\u00e0 N\u1eb5ng<\/strong> l\u00e0 d\u1ef1 \u00e1n \u0111\u1ea7u ti\u00ean c\u1ee7a Masterise Homes t\u1ea1i th\u00e0nh ph\u1ed1 bi\u1ec3n, mang \u0111\u1ebfn g\u1ea7n <strong data-start=\"213\" data-end=\"237\">1.200 c\u0103n h\u1ed9 cao c\u1ea5p<\/strong> trong 2 t\u00f2a th\u00e1p \u0111\u00f4i cao 39 t\u1ea7ng.<\/p>\n<p data-start=\"275\" data-end=\"510\">V\u1edbi <strong data-start=\"279\" data-end=\"306\">t\u1ea7m nh\u00ecn to\u00e0n c\u1ea3nh s\u00f4ng<\/strong>, <strong data-start=\"308\" data-end=\"342\">31 ti\u1ec7n \u00edch \u0111\u1eb3ng c\u1ea5p \u0111\u1ed9c quy\u1ec1n<\/strong> c\u00f9ng phong c\u00e1ch s\u1ed1ng ngh\u1ec9 d\u01b0\u1ee1ng gi\u1eefa l\u00f2ng \u0111\u00f4 th\u1ecb, Masteri Rivera \u0110\u00e0 N\u1eb5ng l\u00e0 n\u01a1i <strong data-start=\"423\" data-end=\"507\">truy\u1ec1n th\u1ed1ng h\u00f2a quy\u1ec7n c\u00f9ng hi\u1ec7n \u0111\u1ea1i, h\u01b0\u1edfng th\u1ee5 c\u00e2n b\u1eb1ng c\u00f9ng tinh hoa cu\u1ed9c s\u1ed1ng<\/strong>.<\/p>\n","protected":false},"featured_media":651,"comment_status":"open","ping_status":"closed","template":"","meta":[],"product_brand":[],"product_cat":[18],"product_tag":[],"class_list":{"0":"post-132","1":"product","2":"type-product","3":"status-publish","4":"has-post-thumbnail","6":"product_cat-can-ho-cao-cap","8":"first","9":"instock","10":"taxable","11":"shipping-taxable","12":"product-type-simple"},"yoast_head":"<!-- This site is optimized with the Yoast SEO Premium plugin v21.4 (Yoast SEO v24.9) - https:\/\/yoast.com\/wordpress\/plugins\/seo\/ -->\n<title>MASTERI RIVERA \u0110\u00c0 N\u1eb4NG - LUXURY PROJECTS<\/title>\n<meta name=\"robots\" content=\"index, follow, max-snippet:-1, max-image-preview:large, max-video-preview:-1\" \/>\n<link rel=\"canonical\" href=\"https:\/\/luxuryprojects.vn\/vi\/projects\/masteri-rivera-danang\/\" \/>\n<meta property=\"og:locale\" content=\"vi_VN\" \/>\n<meta property=\"og:type\" content=\"article\" \/>\n<meta property=\"og:title\" content=\"MASTERI RIVERA \u0110\u00c0 N\u1eb4NG\" \/>\n<meta property=\"og:description\" content=\"Masteri Rivera \u0110\u00e0 N\u1eb5ng \u2013 S\u1ed1ng Ngh\u1ec9 D\u01b0\u1ee1ng Gi\u1eefa L\u00f2ng \u0110\u00f4 Th\u1ecb T\u1ecda l\u1ea1c t\u1ea1i v\u1ecb tr\u00ed \u201cv\u00e0ng\u201d tr\u00ean tr\u1ee5c \u0111\u01b0\u1eddng Quy M\u1ef9, Masteri Rivera \u0110\u00e0 N\u1eb5ng l\u00e0 d\u1ef1 \u00e1n \u0111\u1ea7u ti\u00ean c\u1ee7a Masterise Homes t\u1ea1i th\u00e0nh ph\u1ed1 bi\u1ec3n, mang \u0111\u1ebfn g\u1ea7n 1.200 c\u0103n h\u1ed9 cao c\u1ea5p trong 2 t\u00f2a th\u00e1p \u0111\u00f4i cao 39 t\u1ea7ng. V\u1edbi t\u1ea7m nh\u00ecn to\u00e0n c\u1ea3nh s\u00f4ng, 31 ti\u1ec7n \u00edch \u0111\u1eb3ng c\u1ea5p \u0111\u1ed9c quy\u1ec1n c\u00f9ng phong c\u00e1ch s\u1ed1ng ngh\u1ec9 d\u01b0\u1ee1ng gi\u1eefa l\u00f2ng \u0111\u00f4 th\u1ecb, Masteri Rivera \u0110\u00e0 N\u1eb5ng l\u00e0 n\u01a1i truy\u1ec1n th\u1ed1ng h\u00f2a quy\u1ec7n c\u00f9ng hi\u1ec7n \u0111\u1ea1i, h\u01b0\u1edfng th\u1ee5 c\u00e2n b\u1eb1ng c\u00f9ng tinh hoa cu\u1ed9c s\u1ed1ng.\" \/>\n<meta property=\"og:url\" content=\"https:\/\/luxuryprojects.vn\/vi\/projects\/masteri-rivera-danang\/\" \/>\n<meta property=\"og:site_name\" content=\"LUXURY PROJECTS\" \/>\n<meta property=\"article:modified_time\" content=\"2025-08-23T02:12:45+00:00\" \/>\n<meta property=\"og:image\" content=\"https:\/\/luxuryprojects.vn\/vi\/wp-content\/uploads\/2025\/04\/THE-LEGEND-DANANG-10.png\" \/>\n\t<meta property=\"og:image:width\" content=\"1020\" \/>\n\t<meta property=\"og:image:height\" content=\"1020\" \/>\n\t<meta property=\"og:image:type\" content=\"image\/png\" \/>\n<meta name=\"twitter:card\" content=\"summary_large_image\" \/>\n<meta name=\"twitter:label1\" content=\"\u01af\u1edbc t\u00ednh th\u1eddi gian \u0111\u1ecdc\" \/>\n\t<meta name=\"twitter:data1\" content=\"3 ph\u00fat\" \/>\n<script type=\"application\/ld+json\" class=\"yoast-schema-graph\">{\"@context\":\"https:\/\/schema.org\",\"@graph\":[{\"@type\":\"WebPage\",\"@id\":\"https:\/\/luxuryprojects.vn\/vi\/projects\/masteri-rivera-danang\/\",\"url\":\"https:\/\/luxuryprojects.vn\/vi\/projects\/masteri-rivera-danang\/\",\"name\":\"MASTERI RIVERA \u0110\u00c0 N\u1eb4NG - LUXURY PROJECTS\",\"isPartOf\":{\"@id\":\"https:\/\/luxuryprojects.vn\/vi\/#website\"},\"primaryImageOfPage\":{\"@id\":\"https:\/\/luxuryprojects.vn\/vi\/projects\/masteri-rivera-danang\/#primaryimage\"},\"image\":{\"@id\":\"https:\/\/luxuryprojects.vn\/vi\/projects\/masteri-rivera-danang\/#primaryimage\"},\"thumbnailUrl\":\"https:\/\/luxuryprojects.vn\/vi\/wp-content\/uploads\/2025\/04\/THE-LEGEND-DANANG-10.png\",\"datePublished\":\"2025-04-10T09:49:28+00:00\",\"dateModified\":\"2025-08-23T02:12:45+00:00\",\"breadcrumb\":{\"@id\":\"https:\/\/luxuryprojects.vn\/vi\/projects\/masteri-rivera-danang\/#breadcrumb\"},\"inLanguage\":\"vi\",\"potentialAction\":[{\"@type\":\"ReadAction\",\"target\":[\"https:\/\/luxuryprojects.vn\/vi\/projects\/masteri-rivera-danang\/\"]}]},{\"@type\":\"ImageObject\",\"inLanguage\":\"vi\",\"@id\":\"https:\/\/luxuryprojects.vn\/vi\/projects\/masteri-rivera-danang\/#primaryimage\",\"url\":\"https:\/\/luxuryprojects.vn\/vi\/wp-content\/uploads\/2025\/04\/THE-LEGEND-DANANG-10.png\",\"contentUrl\":\"https:\/\/luxuryprojects.vn\/vi\/wp-content\/uploads\/2025\/04\/THE-LEGEND-DANANG-10.png\",\"width\":1080,\"height\":1080},{\"@type\":\"BreadcrumbList\",\"@id\":\"https:\/\/luxuryprojects.vn\/vi\/projects\/masteri-rivera-danang\/#breadcrumb\",\"itemListElement\":[{\"@type\":\"ListItem\",\"position\":1,\"name\":\"Home\",\"item\":\"https:\/\/luxuryprojects.vn\/vi\/\"},{\"@type\":\"ListItem\",\"position\":2,\"name\":\"T\u1ea5t c\u1ea3\",\"item\":\"https:\/\/luxuryprojects.vn\/vi\/projects\/\"},{\"@type\":\"ListItem\",\"position\":3,\"name\":\"MASTERI RIVERA \u0110\u00c0 N\u1eb4NG\"}]},{\"@type\":\"WebSite\",\"@id\":\"https:\/\/luxuryprojects.vn\/vi\/#website\",\"url\":\"https:\/\/luxuryprojects.vn\/vi\/\",\"name\":\"LUXURY PROJECTS\",\"description\":\"Turning Dreams Into Addresses\",\"potentialAction\":[{\"@type\":\"SearchAction\",\"target\":{\"@type\":\"EntryPoint\",\"urlTemplate\":\"https:\/\/luxuryprojects.vn\/vi\/?s={search_term_string}\"},\"query-input\":{\"@type\":\"PropertyValueSpecification\",\"valueRequired\":true,\"valueName\":\"search_term_string\"}}],\"inLanguage\":\"vi\"}]}<\/script>\n<!-- \/ Yoast SEO Premium plugin. -->","yoast_head_json":{"title":"MASTERI RIVERA \u0110\u00c0 N\u1eb4NG - LUXURY PROJECTS","robots":{"index":"index","follow":"follow","max-snippet":"max-snippet:-1","max-image-preview":"max-image-preview:large","max-video-preview":"max-video-preview:-1"},"canonical":"https:\/\/luxuryprojects.vn\/vi\/projects\/masteri-rivera-danang\/","og_locale":"vi_VN","og_type":"article","og_title":"MASTERI RIVERA \u0110\u00c0 N\u1eb4NG","og_description":"Masteri Rivera \u0110\u00e0 N\u1eb5ng \u2013 S\u1ed1ng Ngh\u1ec9 D\u01b0\u1ee1ng Gi\u1eefa L\u00f2ng \u0110\u00f4 Th\u1ecb T\u1ecda l\u1ea1c t\u1ea1i v\u1ecb tr\u00ed \u201cv\u00e0ng\u201d tr\u00ean tr\u1ee5c \u0111\u01b0\u1eddng Quy M\u1ef9, Masteri Rivera \u0110\u00e0 N\u1eb5ng l\u00e0 d\u1ef1 \u00e1n \u0111\u1ea7u ti\u00ean c\u1ee7a Masterise Homes t\u1ea1i th\u00e0nh ph\u1ed1 bi\u1ec3n, mang \u0111\u1ebfn g\u1ea7n 1.200 c\u0103n h\u1ed9 cao c\u1ea5p trong 2 t\u00f2a th\u00e1p \u0111\u00f4i cao 39 t\u1ea7ng. V\u1edbi t\u1ea7m nh\u00ecn to\u00e0n c\u1ea3nh s\u00f4ng, 31 ti\u1ec7n \u00edch \u0111\u1eb3ng c\u1ea5p \u0111\u1ed9c quy\u1ec1n c\u00f9ng phong c\u00e1ch s\u1ed1ng ngh\u1ec9 d\u01b0\u1ee1ng gi\u1eefa l\u00f2ng \u0111\u00f4 th\u1ecb, Masteri Rivera \u0110\u00e0 N\u1eb5ng l\u00e0 n\u01a1i truy\u1ec1n th\u1ed1ng h\u00f2a quy\u1ec7n c\u00f9ng hi\u1ec7n \u0111\u1ea1i, h\u01b0\u1edfng th\u1ee5 c\u00e2n b\u1eb1ng c\u00f9ng tinh hoa cu\u1ed9c s\u1ed1ng.","og_url":"https:\/\/luxuryprojects.vn\/vi\/projects\/masteri-rivera-danang\/","og_site_name":"LUXURY PROJECTS","article_modified_time":"2025-08-23T02:12:45+00:00","og_image":[{"url":"https:\/\/luxuryprojects.vn\/vi\/wp-content\/uploads\/2025\/04\/THE-LEGEND-DANANG-10.png","width":1020,"height":1020,"type":"image\/png"}],"twitter_card":"summary_large_image","twitter_misc":{"\u01af\u1edbc t\u00ednh th\u1eddi gian \u0111\u1ecdc":"3 ph\u00fat"},"schema":{"@context":"https:\/\/schema.org","@graph":[{"@type":"WebPage","@id":"https:\/\/luxuryprojects.vn\/vi\/projects\/masteri-rivera-danang\/","url":"https:\/\/luxuryprojects.vn\/vi\/projects\/masteri-rivera-danang\/","name":"MASTERI RIVERA \u0110\u00c0 N\u1eb4NG - LUXURY PROJECTS","isPartOf":{"@id":"https:\/\/luxuryprojects.vn\/vi\/#website"},"primaryImageOfPage":{"@id":"https:\/\/luxuryprojects.vn\/vi\/projects\/masteri-rivera-danang\/#primaryimage"},"image":{"@id":"https:\/\/luxuryprojects.vn\/vi\/projects\/masteri-rivera-danang\/#primaryimage"},"thumbnailUrl":"https:\/\/luxuryprojects.vn\/vi\/wp-content\/uploads\/2025\/04\/THE-LEGEND-DANANG-10.png","datePublished":"2025-04-10T09:49:28+00:00","dateModified":"2025-08-23T02:12:45+00:00","breadcrumb":{"@id":"https:\/\/luxuryprojects.vn\/vi\/projects\/masteri-rivera-danang\/#breadcrumb"},"inLanguage":"vi","potentialAction":[{"@type":"ReadAction","target":["https:\/\/luxuryprojects.vn\/vi\/projects\/masteri-rivera-danang\/"]}]},{"@type":"ImageObject","inLanguage":"vi","@id":"https:\/\/luxuryprojects.vn\/vi\/projects\/masteri-rivera-danang\/#primaryimage","url":"https:\/\/luxuryprojects.vn\/vi\/wp-content\/uploads\/2025\/04\/THE-LEGEND-DANANG-10.png","contentUrl":"https:\/\/luxuryprojects.vn\/vi\/wp-content\/uploads\/2025\/04\/THE-LEGEND-DANANG-10.png","width":1080,"height":1080},{"@type":"BreadcrumbList","@id":"https:\/\/luxuryprojects.vn\/vi\/projects\/masteri-rivera-danang\/#breadcrumb","itemListElement":[{"@type":"ListItem","position":1,"name":"Home","item":"https:\/\/luxuryprojects.vn\/vi\/"},{"@type":"ListItem","position":2,"name":"T\u1ea5t c\u1ea3","item":"https:\/\/luxuryprojects.vn\/vi\/projects\/"},{"@type":"ListItem","position":3,"name":"MASTERI RIVERA \u0110\u00c0 N\u1eb4NG"}]},{"@type":"WebSite","@id":"https:\/\/luxuryprojects.vn\/vi\/#website","url":"https:\/\/luxuryprojects.vn\/vi\/","name":"LUXURY PROJECTS","description":"Turning Dreams Into Addresses","potentialAction":[{"@type":"SearchAction","target":{"@type":"EntryPoint","urlTemplate":"https:\/\/luxuryprojects.vn\/vi\/?s={search_term_string}"},"query-input":{"@type":"PropertyValueSpecification","valueRequired":true,"valueName":"search_term_string"}}],"inLanguage":"vi"}]}},"_links":{"self":[{"href":"https:\/\/luxuryprojects.vn\/vi\/wp-json\/wp\/v2\/product\/132","targetHints":{"allow":["GET"]}}],"collection":[{"href":"https:\/\/luxuryprojects.vn\/vi\/wp-json\/wp\/v2\/product"}],"about":[{"href":"https:\/\/luxuryprojects.vn\/vi\/wp-json\/wp\/v2\/types\/product"}],"replies":[{"embeddable":true,"href":"https:\/\/luxuryprojects.vn\/vi\/wp-json\/wp\/v2\/comments?post=132"}],"wp:featuredmedia":[{"embeddable":true,"href":"https:\/\/luxuryprojects.vn\/vi\/wp-json\/wp\/v2\/media\/651"}],"wp:attachment":[{"href":"https:\/\/luxuryprojects.vn\/vi\/wp-json\/wp\/v2\/media?parent=132"}],"wp:term":[{"taxonomy":"product_brand","embeddable":true,"href":"https:\/\/luxuryprojects.vn\/vi\/wp-json\/wp\/v2\/product_brand?post=132"},{"taxonomy":"product_cat","embeddable":true,"href":"https:\/\/luxuryprojects.vn\/vi\/wp-json\/wp\/v2\/product_cat?post=132"},{"taxonomy":"product_tag","embeddable":true,"href":"https:\/\/luxuryprojects.vn\/vi\/wp-json\/wp\/v2\/product_tag?post=132"}],"curies":[{"name":"wp","href":"https:\/\/api.w.org\/{rel}","templated":true}]}}