{"id":136,"date":"2025-04-10T09:57:32","date_gmt":"2025-04-10T09:57:32","guid":{"rendered":"https:\/\/luxury.qweb.com.vn\/?post_type=product&#038;p=136"},"modified":"2025-08-22T07:11:34","modified_gmt":"2025-08-22T07:11:34","slug":"nobu-da-nang","status":"publish","type":"product","link":"https:\/\/luxuryprojects.vn\/vi\/projects\/nobu-da-nang\/","title":{"rendered":"NOBU RESIDENCES \u0110\u00c0 N\u1eb4NG"},"content":{"rendered":"<h2 class=\"thin-font\" data-start=\"718\" data-end=\"740\"><em><strong data-start=\"721\" data-end=\"740\">T\u1ed5ng quan d\u1ef1 \u00e1n<\/strong><\/em><\/h2>\n<ul>\n<li style=\"list-style-type: none;\">\n<ul data-start=\"741\" data-end=\"1137\">\n<li data-start=\"741\" data-end=\"783\">\n<p data-start=\"743\" data-end=\"783\"><strong data-start=\"743\" data-end=\"757\">T\u00ean d\u1ef1 \u00e1n:<\/strong> Nobu Residences Da Nang<\/p>\n<\/li>\n<li data-start=\"784\" data-end=\"838\">\n<p data-start=\"786\" data-end=\"838\"><strong data-start=\"786\" data-end=\"801\">Ch\u1ee7 \u0111\u1ea7u t\u01b0:<\/strong> Vietnam Capital Real Estate (VCRE)<\/p>\n<\/li>\n<li data-start=\"839\" data-end=\"886\">\n<p data-start=\"841\" data-end=\"886\"><strong data-start=\"841\" data-end=\"861\">\u0110\u01a1n v\u1ecb v\u1eadn h\u00e0nh:<\/strong> Nobu Hospitality (USA)<\/p>\n<\/li>\n<li data-start=\"887\" data-end=\"941\">\n<p data-start=\"889\" data-end=\"941\"><strong data-start=\"889\" data-end=\"903\">Lo\u1ea1i h\u00ecnh:<\/strong> Branded Residences \u2013 Hotel \u2013 Retail<\/p>\n<\/li>\n<li data-start=\"942\" data-end=\"990\">\n<p data-start=\"944\" data-end=\"990\"><strong data-start=\"944\" data-end=\"955\">Quy m\u00f4:<\/strong> 1 t\u00f2a th\u00e1p, cao 43 t\u1ea7ng (~186 m)<\/p>\n<\/li>\n<li data-start=\"991\" data-end=\"1041\">\n<p data-start=\"993\" data-end=\"1041\"><strong data-start=\"993\" data-end=\"1006\">S\u1ed1 l\u01b0\u1ee3ng:<\/strong> 264 c\u0103n h\u1ed9 + 186 ph\u00f2ng kh\u00e1ch s\u1ea1n<\/p>\n<\/li>\n<li data-start=\"1042\" data-end=\"1081\">\n<p data-start=\"1044\" data-end=\"1081\"><strong data-start=\"1044\" data-end=\"1065\">Di\u1ec7n t\u00edch c\u0103n h\u1ed9:<\/strong> 39,2 \u2013 424 m\u00b2<\/p>\n<\/li>\n<li data-start=\"1082\" data-end=\"1137\">\n<p data-start=\"1084\" data-end=\"1137\"><strong data-start=\"1084\" data-end=\"1098\">Kh\u1edfi c\u00f4ng:<\/strong> 2024 \u2013 <strong data-start=\"1106\" data-end=\"1127\">B\u00e0n giao d\u1ef1 ki\u1ebfn:<\/strong> Q4\/2026<\/p>\n<\/li>\n<\/ul>\n<\/li>\n<\/ul>\n<p class=\"thin-font\"><img loading=\"lazy\" decoding=\"async\" class=\"size-full wp-image-677 aligncenter\" src=\"https:\/\/luxuryprojects.vn\/vi\/wp-content\/uploads\/2025\/04\/THE-LEGEND-DANANG-12.png\" alt=\"\" width=\"1024\" height=\"533\" srcset=\"https:\/\/luxuryprojects.vn\/vi\/wp-content\/uploads\/2025\/04\/THE-LEGEND-DANANG-12.png 1024w, https:\/\/luxuryprojects.vn\/vi\/wp-content\/uploads\/2025\/04\/THE-LEGEND-DANANG-12-600x312.png 600w\" sizes=\"auto, (max-width: 1024px) 100vw, 1024px\" \/><\/p>\n<p class=\"thin-font\" style=\"text-align: center;\"><em>Ph\u1ed1i c\u1ea3nh t\u1ed5ng quan d\u1ef1 \u00e1n Nobu Residences \u0110\u00e0 N\u1eb5ng<\/em><\/p>\n<h2 class=\"thin-font\" data-start=\"1144\" data-end=\"1167\"><em><strong data-start=\"1147\" data-end=\"1167\">V\u1ecb tr\u00ed &amp; K\u1ebft n\u1ed1i<\/strong><\/em><\/h2>\n<p class=\"thin-font\" style=\"padding-left: 40px;\" data-start=\"1168\" data-end=\"1243\">\ud83d\udccd Giao l\u1ed9 V\u00f5 Nguy\u00ean Gi\u00e1p &amp; V\u00f5 V\u0103n Ki\u1ec7t, P. Ph\u01b0\u1edbc M\u1ef9, Q. S\u01a1n Tr\u00e0, \u0110\u00e0 N\u1eb5ng<\/p>\n<ul>\n<li style=\"list-style-type: none;\">\n<ul data-start=\"1244\" data-end=\"1395\">\n<li data-start=\"1244\" data-end=\"1277\">\n<p data-start=\"1246\" data-end=\"1277\">S\u00e2n bay Qu\u1ed1c t\u1ebf \u0110\u00e0 N\u1eb5ng: 5 km<\/p>\n<\/li>\n<li data-start=\"1278\" data-end=\"1296\">\n<p data-start=\"1280\" data-end=\"1296\">C\u1ea7u R\u1ed3ng: 2 km<\/p>\n<\/li>\n<li data-start=\"1297\" data-end=\"1333\">\n<p data-start=\"1299\" data-end=\"1333\">Ph\u1ed1 c\u1ed5 H\u1ed9i An: 25 ph\u00fat di chuy\u1ec3n<\/p>\n<\/li>\n<li data-start=\"1334\" data-end=\"1395\">\n<p data-start=\"1336\" data-end=\"1395\">T\u1ea7m nh\u00ecn: M\u1ef9 Kh\u00ea Beach \u2013 C\u1ea7u R\u1ed3ng \u2013 To\u00e0n c\u1ea3nh TP. \u0110\u00e0 N\u1eb5ng<\/p>\n<\/li>\n<\/ul>\n<\/li>\n<\/ul>\n<p class=\"thin-font\"><img loading=\"lazy\" decoding=\"async\" class=\"wp-image-678 aligncenter\" src=\"https:\/\/luxuryprojects.vn\/vi\/wp-content\/uploads\/2025\/04\/Map-NobuResidence.jpg\" alt=\"\" width=\"1300\" height=\"1079\" srcset=\"https:\/\/luxuryprojects.vn\/vi\/wp-content\/uploads\/2025\/04\/Map-NobuResidence.jpg 2480w, https:\/\/luxuryprojects.vn\/vi\/wp-content\/uploads\/2025\/04\/Map-NobuResidence-600x498.jpg 600w\" sizes=\"auto, (max-width: 1300px) 100vw, 1300px\" \/><\/p>\n<p class=\"thin-font\" style=\"text-align: center;\" data-start=\"1402\" data-end=\"1428\"><em>V\u1ecb tr\u00ed k\u1ebft n\u1ed1i ho\u00e0n h\u1ea3o c\u1ee7a Nobu Residences t\u1edbi c\u00e1c trung t\u00e2m h\u00e0nh ch\u00ednh, gi\u00e1o d\u1ee5c, v\u0103n h\u00f3a v\u00e0 c\u00e1c s\u00e2n bay, khu vui ch\u01a1i ch\u1ec9 trong v\u00e0i ph\u00fat di chuy\u1ec3n<\/em><\/p>\n<h2 class=\"thin-font\" data-start=\"1402\" data-end=\"1428\"><em><strong data-start=\"1405\" data-end=\"1428\">Thi\u1ebft k\u1ebf &amp; Ti\u1ec7n \u00edch<\/strong><\/em><\/h2>\n<p class=\"thin-font\" style=\"padding-left: 40px;\" data-start=\"1429\" data-end=\"1510\">\u2728 Thi\u1ebft k\u1ebf <strong data-start=\"1440\" data-end=\"1458\">\u0111\u1eb7c tr\u01b0ng Nobu<\/strong> \u2013 tinh t\u1ebf, sang tr\u1ecdng, tr\u01b0\u1eddng t\u1ed3n theo th\u1eddi gian.<\/p>\n<p class=\"thin-font\" style=\"padding-left: 40px;\" data-start=\"1512\" data-end=\"1536\">\ud83c\udfd6\ufe0f Ti\u1ec7n \u00edch \u0111\u1eb3ng c\u1ea5p:<\/p>\n<ul>\n<li style=\"list-style-type: none;\">\n<ul data-start=\"1537\" data-end=\"1702\">\n<li data-start=\"1537\" data-end=\"1577\">\n<p data-start=\"1539\" data-end=\"1577\">Nobu Restaurant &amp; Tsukimidai Sky Bar<\/p>\n<\/li>\n<li data-start=\"1578\" data-end=\"1595\">\n<p data-start=\"1580\" data-end=\"1595\">B\u1ec3 b\u01a1i v\u00f4 c\u1ef1c<\/p>\n<\/li>\n<li data-start=\"1596\" data-end=\"1617\">\n<p data-start=\"1598\" data-end=\"1617\">Gym &amp; Spa cao c\u1ea5p<\/p>\n<\/li>\n<li data-start=\"1618\" data-end=\"1653\">\n<p data-start=\"1620\" data-end=\"1653\">Kids\u2019 Club &amp; khu BBQ ngo\u00e0i tr\u1eddi<\/p>\n<\/li>\n<li data-start=\"1654\" data-end=\"1702\">\n<p data-start=\"1656\" data-end=\"1702\">Trung t\u00e2m th\u01b0\u01a1ng m\u1ea1i &amp; retail ngay t\u1ea7ng tr\u1ec7t<\/p>\n<\/li>\n<\/ul>\n<\/li>\n<\/ul>\n<p class=\"thin-font\"><img loading=\"lazy\" decoding=\"async\" class=\"alignnone wp-image-671\" src=\"https:\/\/luxuryprojects.vn\/vi\/wp-content\/uploads\/2025\/04\/49.png\" alt=\"\" width=\"400\" height=\"208\" srcset=\"https:\/\/luxuryprojects.vn\/vi\/wp-content\/uploads\/2025\/04\/49.png 1024w, https:\/\/luxuryprojects.vn\/vi\/wp-content\/uploads\/2025\/04\/49-600x312.png 600w\" sizes=\"auto, (max-width: 400px) 100vw, 400px\" \/><img loading=\"lazy\" decoding=\"async\" class=\"alignnone wp-image-672\" src=\"https:\/\/luxuryprojects.vn\/vi\/wp-content\/uploads\/2025\/04\/50.png\" alt=\"\" width=\"400\" height=\"208\" srcset=\"https:\/\/luxuryprojects.vn\/vi\/wp-content\/uploads\/2025\/04\/50.png 1024w, https:\/\/luxuryprojects.vn\/vi\/wp-content\/uploads\/2025\/04\/50-600x312.png 600w\" sizes=\"auto, (max-width: 400px) 100vw, 400px\" \/><img loading=\"lazy\" decoding=\"async\" class=\"alignnone wp-image-673\" src=\"https:\/\/luxuryprojects.vn\/vi\/wp-content\/uploads\/2025\/04\/51.png\" alt=\"\" width=\"400\" height=\"208\" srcset=\"https:\/\/luxuryprojects.vn\/vi\/wp-content\/uploads\/2025\/04\/51.png 1024w, https:\/\/luxuryprojects.vn\/vi\/wp-content\/uploads\/2025\/04\/51-600x312.png 600w\" sizes=\"auto, (max-width: 400px) 100vw, 400px\" \/> <img loading=\"lazy\" decoding=\"async\" class=\"alignnone wp-image-674\" src=\"https:\/\/luxuryprojects.vn\/vi\/wp-content\/uploads\/2025\/04\/52.png\" alt=\"\" width=\"400\" height=\"208\" srcset=\"https:\/\/luxuryprojects.vn\/vi\/wp-content\/uploads\/2025\/04\/52.png 1024w, https:\/\/luxuryprojects.vn\/vi\/wp-content\/uploads\/2025\/04\/52-600x312.png 600w\" sizes=\"auto, (max-width: 400px) 100vw, 400px\" \/><img loading=\"lazy\" decoding=\"async\" class=\"alignnone wp-image-675\" src=\"https:\/\/luxuryprojects.vn\/vi\/wp-content\/uploads\/2025\/04\/53.png\" alt=\"\" width=\"400\" height=\"208\" srcset=\"https:\/\/luxuryprojects.vn\/vi\/wp-content\/uploads\/2025\/04\/53.png 1024w, https:\/\/luxuryprojects.vn\/vi\/wp-content\/uploads\/2025\/04\/53-600x312.png 600w\" sizes=\"auto, (max-width: 400px) 100vw, 400px\" \/><img loading=\"lazy\" decoding=\"async\" class=\"alignnone wp-image-676\" src=\"https:\/\/luxuryprojects.vn\/vi\/wp-content\/uploads\/2025\/04\/54.png\" alt=\"\" width=\"400\" height=\"208\" srcset=\"https:\/\/luxuryprojects.vn\/vi\/wp-content\/uploads\/2025\/04\/54.png 1024w, https:\/\/luxuryprojects.vn\/vi\/wp-content\/uploads\/2025\/04\/54-600x312.png 600w\" sizes=\"auto, (max-width: 400px) 100vw, 400px\" \/><\/p>\n<h2 class=\"thin-font\" data-start=\"1709\" data-end=\"1732\"><em><strong data-start=\"1712\" data-end=\"1732\">Lo\u1ea1i h\u00ecnh c\u0103n h\u1ed9<\/strong><\/em><\/h2>\n<ul>\n<li style=\"list-style-type: none;\">\n<ul data-start=\"1733\" data-end=\"1915\">\n<li data-start=\"1733\" data-end=\"1775\">\n<p data-start=\"1735\" data-end=\"1775\"><strong data-start=\"1735\" data-end=\"1760\">1-Bedroom Residences:<\/strong> 39.2 \u2013 70 m\u00b2<\/p>\n<\/li>\n<li data-start=\"1776\" data-end=\"1817\">\n<p data-start=\"1778\" data-end=\"1817\"><strong data-start=\"1778\" data-end=\"1803\">2-Bedroom Residences:<\/strong> 80 \u2013 120 m\u00b2<\/p>\n<\/li>\n<li data-start=\"1818\" data-end=\"1871\">\n<p data-start=\"1820\" data-end=\"1871\"><strong data-start=\"1820\" data-end=\"1856\">3-Bedroom &amp; Dual-Key Residences:<\/strong> 150 \u2013 200 m\u00b2<\/p>\n<\/li>\n<li data-start=\"1872\" data-end=\"1915\">\n<p data-start=\"1874\" data-end=\"1915\"><strong data-start=\"1874\" data-end=\"1900\">Sky Villa &amp; Penthouse:<\/strong> 300 \u2013 424 m\u00b2<\/p>\n<\/li>\n<\/ul>\n<\/li>\n<\/ul>\n<p class=\"thin-font\"><img loading=\"lazy\" decoding=\"async\" class=\"wp-image-679 aligncenter\" src=\"https:\/\/luxuryprojects.vn\/vi\/wp-content\/uploads\/2025\/04\/image-1.png\" alt=\"\" width=\"1300\" height=\"825\" srcset=\"https:\/\/luxuryprojects.vn\/vi\/wp-content\/uploads\/2025\/04\/image-1.png 988w, https:\/\/luxuryprojects.vn\/vi\/wp-content\/uploads\/2025\/04\/image-1-600x381.png 600w\" sizes=\"auto, (max-width: 1300px) 100vw, 1300px\" \/><\/p>\n<p class=\"thin-font\" style=\"text-align: center;\"><em>M\u1eb7t b\u1eb1ng c\u0103n h\u1ed9 c\u1ee7a d\u1ef1 \u00e1n Nobu Residences t\u1ea7ng 19 &#8211; 30<\/em><\/p>\n<hr data-start=\"1917\" data-end=\"1920\" \/>\n<h2><em><strong data-start=\"1925\" data-end=\"1949\">Gi\u00e1 b\u00e1n &amp; Ch\u00ednh s\u00e1ch<\/strong><\/em><\/h2>\n<p class=\"thin-font\" style=\"padding-left: 40px;\" data-start=\"1950\" data-end=\"2029\">\ud83d\udcb0 <strong data-start=\"1953\" data-end=\"1969\">Gi\u00e1 d\u1ef1 ki\u1ebfn:<\/strong> t\u1eeb <strong data-start=\"1973\" data-end=\"2004\">USD 180,000 \u2013 USD 2,000,000 <\/strong>(~4,4 \u2013 49,8 t\u1ef7 VND)<\/p>\n<p class=\"thin-font\" style=\"padding-left: 40px;\" data-start=\"2031\" data-end=\"2214\">\ud83d\udccc Ch\u00ednh s\u00e1ch thanh to\u00e1n linh ho\u1ea1t theo ti\u1ebfn \u0111\u1ed9 thi c\u00f4ng.<br data-start=\"2088\" data-end=\"2091\" \/>\ud83c\udf10 <strong data-start=\"2094\" data-end=\"2112\">C\u01a1 h\u1ed9i hi\u1ebfm c\u00f3<\/strong> \u0111\u1ec3 s\u1edf h\u1eefu Branded Residence mang th\u01b0\u01a1ng hi\u1ec7u to\u00e0n c\u1ea7u, t\u1ecda l\u1ea1c t\u1ea1i v\u1ecb tr\u00ed v\u00e0ng b\u00ean b\u00e3i bi\u1ec3n M\u1ef9 Kh\u00ea.<\/p>\n<p data-start=\"2031\" data-end=\"2214\">#NobuResidencesDanang #JimsLuxuryProperties #batdongsan<\/p>\n","protected":false},"excerpt":{"rendered":"<p data-start=\"51\" data-end=\"340\"><strong>Nobu Residences \u0110\u00e0 N\u1eb5ng \u2013 Bi\u1ec3u t\u01b0\u1ee3ng cho khu c\u0103n h\u1ed9 \u0111\u1eb3ng c\u1ea5p b\u00ean b\u1edd bi\u1ec3n M\u1ef9 Kh\u00ea<\/strong><\/p>\n<p data-start=\"333\" data-end=\"705\">\u0110\u1eb7t d\u1ea5u \u1ea5n \u0111\u1ea7u ti\u00ean t\u1ea1i Vi\u1ec7t Nam, Nobu Residences Da Nang l\u00e0 t\u1ed5 h\u1ee3p kh\u00e1ch s\u1ea1n v\u00e0 c\u0103n h\u1ed9 th\u01b0\u01a1ng hi\u1ec7u h\u1ea1ng sang do Nobu Hospitality ph\u00e1t tri\u1ec3n, t\u1ecda l\u1ea1c t\u1ea1i v\u1ecb tr\u00ed v\u00e0ng ngay giao l\u1ed9 V\u00f5 Nguy\u00ean Gi\u00e1p \u2013 V\u00f5 V\u0103n Ki\u1ec7t, ch\u1ec9 v\u00e0i b\u01b0\u1edbc \u0111\u1ebfn b\u00e3i bi\u1ec3n M\u1ef9 Kh\u00ea. D\u1ef1 \u00e1n g\u1ed3m 43 t\u1ea7ng cao, mang \u0111\u1ebfn 264 c\u0103n h\u1ed9 cao c\u1ea5p, penthouse xa hoa, c\u00f9ng kh\u00e1ch s\u1ea1n Nobu 5 sao v\u00e0 h\u1ec7 th\u1ed1ng ti\u1ec7n \u00edch \u0111\u1eb3ng c\u1ea5p qu\u1ed1c t\u1ebf.<\/p>\n","protected":false},"featured_media":670,"comment_status":"open","ping_status":"closed","template":"","meta":[],"product_brand":[],"product_cat":[18],"product_tag":[],"class_list":{"0":"post-136","1":"product","2":"type-product","3":"status-publish","4":"has-post-thumbnail","6":"product_cat-can-ho-cao-cap","8":"first","9":"instock","10":"taxable","11":"shipping-taxable","12":"product-type-simple"},"yoast_head":"<!-- This site is optimized with the Yoast SEO Premium plugin v21.4 (Yoast SEO v24.9) - https:\/\/yoast.com\/wordpress\/plugins\/seo\/ -->\n<title>NOBU RESIDENCES \u0110\u00c0 N\u1eb4NG - LUXURY PROJECTS<\/title>\n<meta name=\"robots\" content=\"index, follow, max-snippet:-1, max-image-preview:large, max-video-preview:-1\" \/>\n<link rel=\"canonical\" href=\"https:\/\/luxuryprojects.vn\/vi\/projects\/nobu-da-nang\/\" \/>\n<meta property=\"og:locale\" content=\"vi_VN\" \/>\n<meta property=\"og:type\" content=\"article\" \/>\n<meta property=\"og:title\" content=\"NOBU RESIDENCES \u0110\u00c0 N\u1eb4NG\" \/>\n<meta property=\"og:description\" content=\"Nobu Residences \u0110\u00e0 N\u1eb5ng \u2013 Bi\u1ec3u t\u01b0\u1ee3ng cho khu c\u0103n h\u1ed9 \u0111\u1eb3ng c\u1ea5p b\u00ean b\u1edd bi\u1ec3n M\u1ef9 Kh\u00ea \u0110\u1eb7t d\u1ea5u \u1ea5n \u0111\u1ea7u ti\u00ean t\u1ea1i Vi\u1ec7t Nam, Nobu Residences Da Nang l\u00e0 t\u1ed5 h\u1ee3p kh\u00e1ch s\u1ea1n v\u00e0 c\u0103n h\u1ed9 th\u01b0\u01a1ng hi\u1ec7u h\u1ea1ng sang do Nobu Hospitality ph\u00e1t tri\u1ec3n, t\u1ecda l\u1ea1c t\u1ea1i v\u1ecb tr\u00ed v\u00e0ng ngay giao l\u1ed9 V\u00f5 Nguy\u00ean Gi\u00e1p \u2013 V\u00f5 V\u0103n Ki\u1ec7t, ch\u1ec9 v\u00e0i b\u01b0\u1edbc \u0111\u1ebfn b\u00e3i bi\u1ec3n M\u1ef9 Kh\u00ea. D\u1ef1 \u00e1n g\u1ed3m 43 t\u1ea7ng cao, mang \u0111\u1ebfn 264 c\u0103n h\u1ed9 cao c\u1ea5p, penthouse xa hoa, c\u00f9ng kh\u00e1ch s\u1ea1n Nobu 5 sao v\u00e0 h\u1ec7 th\u1ed1ng ti\u1ec7n \u00edch \u0111\u1eb3ng c\u1ea5p qu\u1ed1c t\u1ebf.\" \/>\n<meta property=\"og:url\" content=\"https:\/\/luxuryprojects.vn\/vi\/projects\/nobu-da-nang\/\" \/>\n<meta property=\"og:site_name\" content=\"LUXURY PROJECTS\" \/>\n<meta property=\"article:modified_time\" content=\"2025-08-22T07:11:34+00:00\" \/>\n<meta property=\"og:image\" content=\"https:\/\/luxuryprojects.vn\/vi\/wp-content\/uploads\/2025\/04\/48.png\" \/>\n\t<meta property=\"og:image:width\" content=\"1020\" \/>\n\t<meta property=\"og:image:height\" content=\"1020\" \/>\n\t<meta property=\"og:image:type\" content=\"image\/png\" \/>\n<meta name=\"twitter:card\" content=\"summary_large_image\" \/>\n<meta name=\"twitter:label1\" content=\"\u01af\u1edbc t\u00ednh th\u1eddi gian \u0111\u1ecdc\" \/>\n\t<meta name=\"twitter:data1\" content=\"4 ph\u00fat\" \/>\n<script type=\"application\/ld+json\" class=\"yoast-schema-graph\">{\"@context\":\"https:\/\/schema.org\",\"@graph\":[{\"@type\":\"WebPage\",\"@id\":\"https:\/\/luxuryprojects.vn\/vi\/projects\/nobu-da-nang\/\",\"url\":\"https:\/\/luxuryprojects.vn\/vi\/projects\/nobu-da-nang\/\",\"name\":\"NOBU RESIDENCES \u0110\u00c0 N\u1eb4NG - LUXURY PROJECTS\",\"isPartOf\":{\"@id\":\"https:\/\/luxuryprojects.vn\/vi\/#website\"},\"primaryImageOfPage\":{\"@id\":\"https:\/\/luxuryprojects.vn\/vi\/projects\/nobu-da-nang\/#primaryimage\"},\"image\":{\"@id\":\"https:\/\/luxuryprojects.vn\/vi\/projects\/nobu-da-nang\/#primaryimage\"},\"thumbnailUrl\":\"https:\/\/luxuryprojects.vn\/vi\/wp-content\/uploads\/2025\/04\/48.png\",\"datePublished\":\"2025-04-10T09:57:32+00:00\",\"dateModified\":\"2025-08-22T07:11:34+00:00\",\"breadcrumb\":{\"@id\":\"https:\/\/luxuryprojects.vn\/vi\/projects\/nobu-da-nang\/#breadcrumb\"},\"inLanguage\":\"vi\",\"potentialAction\":[{\"@type\":\"ReadAction\",\"target\":[\"https:\/\/luxuryprojects.vn\/vi\/projects\/nobu-da-nang\/\"]}]},{\"@type\":\"ImageObject\",\"inLanguage\":\"vi\",\"@id\":\"https:\/\/luxuryprojects.vn\/vi\/projects\/nobu-da-nang\/#primaryimage\",\"url\":\"https:\/\/luxuryprojects.vn\/vi\/wp-content\/uploads\/2025\/04\/48.png\",\"contentUrl\":\"https:\/\/luxuryprojects.vn\/vi\/wp-content\/uploads\/2025\/04\/48.png\",\"width\":1080,\"height\":1080},{\"@type\":\"BreadcrumbList\",\"@id\":\"https:\/\/luxuryprojects.vn\/vi\/projects\/nobu-da-nang\/#breadcrumb\",\"itemListElement\":[{\"@type\":\"ListItem\",\"position\":1,\"name\":\"Home\",\"item\":\"https:\/\/luxuryprojects.vn\/vi\/\"},{\"@type\":\"ListItem\",\"position\":2,\"name\":\"T\u1ea5t c\u1ea3\",\"item\":\"https:\/\/luxuryprojects.vn\/vi\/projects\/\"},{\"@type\":\"ListItem\",\"position\":3,\"name\":\"NOBU RESIDENCES \u0110\u00c0 N\u1eb4NG\"}]},{\"@type\":\"WebSite\",\"@id\":\"https:\/\/luxuryprojects.vn\/vi\/#website\",\"url\":\"https:\/\/luxuryprojects.vn\/vi\/\",\"name\":\"LUXURY PROJECTS\",\"description\":\"Turning Dreams Into Addresses\",\"potentialAction\":[{\"@type\":\"SearchAction\",\"target\":{\"@type\":\"EntryPoint\",\"urlTemplate\":\"https:\/\/luxuryprojects.vn\/vi\/?s={search_term_string}\"},\"query-input\":{\"@type\":\"PropertyValueSpecification\",\"valueRequired\":true,\"valueName\":\"search_term_string\"}}],\"inLanguage\":\"vi\"}]}<\/script>\n<!-- \/ Yoast SEO Premium plugin. -->","yoast_head_json":{"title":"NOBU RESIDENCES \u0110\u00c0 N\u1eb4NG - LUXURY PROJECTS","robots":{"index":"index","follow":"follow","max-snippet":"max-snippet:-1","max-image-preview":"max-image-preview:large","max-video-preview":"max-video-preview:-1"},"canonical":"https:\/\/luxuryprojects.vn\/vi\/projects\/nobu-da-nang\/","og_locale":"vi_VN","og_type":"article","og_title":"NOBU RESIDENCES \u0110\u00c0 N\u1eb4NG","og_description":"Nobu Residences \u0110\u00e0 N\u1eb5ng \u2013 Bi\u1ec3u t\u01b0\u1ee3ng cho khu c\u0103n h\u1ed9 \u0111\u1eb3ng c\u1ea5p b\u00ean b\u1edd bi\u1ec3n M\u1ef9 Kh\u00ea \u0110\u1eb7t d\u1ea5u \u1ea5n \u0111\u1ea7u ti\u00ean t\u1ea1i Vi\u1ec7t Nam, Nobu Residences Da Nang l\u00e0 t\u1ed5 h\u1ee3p kh\u00e1ch s\u1ea1n v\u00e0 c\u0103n h\u1ed9 th\u01b0\u01a1ng hi\u1ec7u h\u1ea1ng sang do Nobu Hospitality ph\u00e1t tri\u1ec3n, t\u1ecda l\u1ea1c t\u1ea1i v\u1ecb tr\u00ed v\u00e0ng ngay giao l\u1ed9 V\u00f5 Nguy\u00ean Gi\u00e1p \u2013 V\u00f5 V\u0103n Ki\u1ec7t, ch\u1ec9 v\u00e0i b\u01b0\u1edbc \u0111\u1ebfn b\u00e3i bi\u1ec3n M\u1ef9 Kh\u00ea. D\u1ef1 \u00e1n g\u1ed3m 43 t\u1ea7ng cao, mang \u0111\u1ebfn 264 c\u0103n h\u1ed9 cao c\u1ea5p, penthouse xa hoa, c\u00f9ng kh\u00e1ch s\u1ea1n Nobu 5 sao v\u00e0 h\u1ec7 th\u1ed1ng ti\u1ec7n \u00edch \u0111\u1eb3ng c\u1ea5p qu\u1ed1c t\u1ebf.","og_url":"https:\/\/luxuryprojects.vn\/vi\/projects\/nobu-da-nang\/","og_site_name":"LUXURY PROJECTS","article_modified_time":"2025-08-22T07:11:34+00:00","og_image":[{"url":"https:\/\/luxuryprojects.vn\/vi\/wp-content\/uploads\/2025\/04\/48.png","width":1020,"height":1020,"type":"image\/png"}],"twitter_card":"summary_large_image","twitter_misc":{"\u01af\u1edbc t\u00ednh th\u1eddi gian \u0111\u1ecdc":"4 ph\u00fat"},"schema":{"@context":"https:\/\/schema.org","@graph":[{"@type":"WebPage","@id":"https:\/\/luxuryprojects.vn\/vi\/projects\/nobu-da-nang\/","url":"https:\/\/luxuryprojects.vn\/vi\/projects\/nobu-da-nang\/","name":"NOBU RESIDENCES \u0110\u00c0 N\u1eb4NG - LUXURY PROJECTS","isPartOf":{"@id":"https:\/\/luxuryprojects.vn\/vi\/#website"},"primaryImageOfPage":{"@id":"https:\/\/luxuryprojects.vn\/vi\/projects\/nobu-da-nang\/#primaryimage"},"image":{"@id":"https:\/\/luxuryprojects.vn\/vi\/projects\/nobu-da-nang\/#primaryimage"},"thumbnailUrl":"https:\/\/luxuryprojects.vn\/vi\/wp-content\/uploads\/2025\/04\/48.png","datePublished":"2025-04-10T09:57:32+00:00","dateModified":"2025-08-22T07:11:34+00:00","breadcrumb":{"@id":"https:\/\/luxuryprojects.vn\/vi\/projects\/nobu-da-nang\/#breadcrumb"},"inLanguage":"vi","potentialAction":[{"@type":"ReadAction","target":["https:\/\/luxuryprojects.vn\/vi\/projects\/nobu-da-nang\/"]}]},{"@type":"ImageObject","inLanguage":"vi","@id":"https:\/\/luxuryprojects.vn\/vi\/projects\/nobu-da-nang\/#primaryimage","url":"https:\/\/luxuryprojects.vn\/vi\/wp-content\/uploads\/2025\/04\/48.png","contentUrl":"https:\/\/luxuryprojects.vn\/vi\/wp-content\/uploads\/2025\/04\/48.png","width":1080,"height":1080},{"@type":"BreadcrumbList","@id":"https:\/\/luxuryprojects.vn\/vi\/projects\/nobu-da-nang\/#breadcrumb","itemListElement":[{"@type":"ListItem","position":1,"name":"Home","item":"https:\/\/luxuryprojects.vn\/vi\/"},{"@type":"ListItem","position":2,"name":"T\u1ea5t c\u1ea3","item":"https:\/\/luxuryprojects.vn\/vi\/projects\/"},{"@type":"ListItem","position":3,"name":"NOBU RESIDENCES \u0110\u00c0 N\u1eb4NG"}]},{"@type":"WebSite","@id":"https:\/\/luxuryprojects.vn\/vi\/#website","url":"https:\/\/luxuryprojects.vn\/vi\/","name":"LUXURY PROJECTS","description":"Turning Dreams Into Addresses","potentialAction":[{"@type":"SearchAction","target":{"@type":"EntryPoint","urlTemplate":"https:\/\/luxuryprojects.vn\/vi\/?s={search_term_string}"},"query-input":{"@type":"PropertyValueSpecification","valueRequired":true,"valueName":"search_term_string"}}],"inLanguage":"vi"}]}},"_links":{"self":[{"href":"https:\/\/luxuryprojects.vn\/vi\/wp-json\/wp\/v2\/product\/136","targetHints":{"allow":["GET"]}}],"collection":[{"href":"https:\/\/luxuryprojects.vn\/vi\/wp-json\/wp\/v2\/product"}],"about":[{"href":"https:\/\/luxuryprojects.vn\/vi\/wp-json\/wp\/v2\/types\/product"}],"replies":[{"embeddable":true,"href":"https:\/\/luxuryprojects.vn\/vi\/wp-json\/wp\/v2\/comments?post=136"}],"wp:featuredmedia":[{"embeddable":true,"href":"https:\/\/luxuryprojects.vn\/vi\/wp-json\/wp\/v2\/media\/670"}],"wp:attachment":[{"href":"https:\/\/luxuryprojects.vn\/vi\/wp-json\/wp\/v2\/media?parent=136"}],"wp:term":[{"taxonomy":"product_brand","embeddable":true,"href":"https:\/\/luxuryprojects.vn\/vi\/wp-json\/wp\/v2\/product_brand?post=136"},{"taxonomy":"product_cat","embeddable":true,"href":"https:\/\/luxuryprojects.vn\/vi\/wp-json\/wp\/v2\/product_cat?post=136"},{"taxonomy":"product_tag","embeddable":true,"href":"https:\/\/luxuryprojects.vn\/vi\/wp-json\/wp\/v2\/product_tag?post=136"}],"curies":[{"name":"wp","href":"https:\/\/api.w.org\/{rel}","templated":true}]}}