{"id":485,"date":"2025-08-13T06:18:51","date_gmt":"2025-08-13T06:18:51","guid":{"rendered":"https:\/\/luxuryprojects.vn\/?post_type=product&#038;p=485"},"modified":"2025-08-22T08:28:25","modified_gmt":"2025-08-22T08:28:25","slug":"filmore-danang-lease-01","status":"publish","type":"product","link":"https:\/\/luxuryprojects.vn\/vi\/projects\/filmore-danang-lease-01\/","title":{"rendered":"Cho thu\u00ea c\u0103n h\u1ed9 Filmore, 126m\u00b2, 2PN"},"content":{"rendered":"<h4>Cho thu\u00ea c\u0103n h\u1ed9 cao c\u1ea5p t\u1ea1i <strong data-start=\"429\" data-end=\"448\">Filmore \u0110\u00e0 N\u1eb5ng<\/strong>, di\u1ec7n t\u00edch <strong data-start=\"460\" data-end=\"469\">126m\u00b2<\/strong>, thi\u1ebft k\u1ebf sang tr\u1ecdng v\u1edbi <strong data-start=\"495\" data-end=\"548\">2 ph\u00f2ng ng\u1ee7, 1 ph\u00f2ng l\u00e0m vi\u1ec7c, ph\u00f2ng kh\u00e1ch v\u00e0 b\u1ebfp<\/strong>.<\/h4>\n<h4>C\u0103n h\u1ed9 \u0111\u01b0\u1ee3c trang b\u1ecb <strong data-start=\"571\" data-end=\"597\">full n\u1ed9i th\u1ea5t hi\u1ec7n \u0111\u1ea1i<\/strong>, kh\u00f4ng gian r\u1ed9ng r\u00e3i, tho\u00e1ng m\u00e1t, ph\u00f9 h\u1ee3p cho gia \u0111\u00ecnh ho\u1eb7c chuy\u00ean gia n\u01b0\u1edbc ngo\u00e0i.<\/h4>\n<h4>V\u1ecb tr\u00ed \u0111\u1eafc \u0111\u1ecba ngay trung t\u00e2m th\u00e0nh ph\u1ed1, d\u1ec5 d\u00e0ng di chuy\u1ec3n \u0111\u1ebfn b\u00e3i bi\u1ec3n M\u1ef9 Kh\u00ea, c\u1ea7u R\u1ed3ng v\u00e0 c\u00e1c trung t\u00e2m mua s\u1eafm, gi\u1ea3i tr\u00ed. T\u00f2a nh\u00e0 c\u00f3 \u0111\u1ea7y \u0111\u1ee7 ti\u1ec7n \u00edch: h\u1ed3 b\u01a1i, gym, l\u1ec5 t\u00e2n v\u00e0 an ninh 24\/7.<\/h4>\n","protected":false},"excerpt":{"rendered":"<h4 class=\"thin-font\" data-start=\"212\" data-end=\"488\">C\u0103n h\u1ed9 Filmore \u0110\u00e0 N\u1eb5ng, di\u1ec7n t\u00edch 126m\u00b2, g\u1ed3m 2 ph\u00f2ng ng\u1ee7, 1 ph\u00f2ng l\u00e0m vi\u1ec7c, ph\u00f2ng kh\u00e1ch v\u00e0 b\u1ebfp. Full n\u1ed9i th\u1ea5t cao c\u1ea5p, kh\u00f4ng gian r\u1ed9ng r\u00e3i, view \u0111\u1eb9p trung t\u00e2m th\u00e0nh ph\u1ed1.<\/h4>\n<h4 class=\"thin-font\" data-start=\"212\" data-end=\"488\"><strong>Gi\u00e1: 80 tri\u1ec7u\/ th\u00e1ng<\/strong><\/h4>\n","protected":false},"featured_media":496,"comment_status":"open","ping_status":"closed","template":"","meta":[],"product_brand":[],"product_cat":[19],"product_tag":[],"class_list":{"0":"post-485","1":"product","2":"type-product","3":"status-publish","4":"has-post-thumbnail","6":"product_cat-leased-apartment","8":"first","9":"instock","10":"taxable","11":"shipping-taxable","12":"purchasable","13":"product-type-simple"},"yoast_head":"<!-- This site is optimized with the Yoast SEO Premium plugin v21.4 (Yoast SEO v24.9) - https:\/\/yoast.com\/wordpress\/plugins\/seo\/ -->\n<title>Cho thu\u00ea c\u0103n h\u1ed9 Filmore, 126m\u00b2, 2PN - LUXURY PROJECTS<\/title>\n<meta name=\"robots\" content=\"index, follow, max-snippet:-1, max-image-preview:large, max-video-preview:-1\" \/>\n<link rel=\"canonical\" href=\"https:\/\/luxuryprojects.vn\/vi\/projects\/filmore-danang-lease-01\/\" \/>\n<meta property=\"og:locale\" content=\"vi_VN\" \/>\n<meta property=\"og:type\" content=\"article\" \/>\n<meta property=\"og:title\" content=\"Cho thu\u00ea c\u0103n h\u1ed9 Filmore, 126m\u00b2, 2PN\" \/>\n<meta property=\"og:description\" content=\"C\u0103n h\u1ed9 Filmore \u0110\u00e0 N\u1eb5ng, di\u1ec7n t\u00edch 126m\u00b2, g\u1ed3m 2 ph\u00f2ng ng\u1ee7, 1 ph\u00f2ng l\u00e0m vi\u1ec7c, ph\u00f2ng kh\u00e1ch v\u00e0 b\u1ebfp. Full n\u1ed9i th\u1ea5t cao c\u1ea5p, kh\u00f4ng gian r\u1ed9ng r\u00e3i, view \u0111\u1eb9p trung t\u00e2m th\u00e0nh ph\u1ed1. Gi\u00e1: 80 tri\u1ec7u\/ th\u00e1ng\" \/>\n<meta property=\"og:url\" content=\"https:\/\/luxuryprojects.vn\/vi\/projects\/filmore-danang-lease-01\/\" \/>\n<meta property=\"og:site_name\" content=\"LUXURY PROJECTS\" \/>\n<meta property=\"article:modified_time\" content=\"2025-08-22T08:28:25+00:00\" \/>\n<meta property=\"og:image\" content=\"https:\/\/luxuryprojects.vn\/vi\/wp-content\/uploads\/2025\/08\/Noi-dung-doan-van-ban-cua-ban.jpg\" \/>\n\t<meta property=\"og:image:width\" content=\"2000\" \/>\n\t<meta property=\"og:image:height\" content=\"2000\" \/>\n\t<meta property=\"og:image:type\" content=\"image\/jpeg\" \/>\n<meta name=\"twitter:card\" content=\"summary_large_image\" \/>\n<meta name=\"twitter:label1\" content=\"\u01af\u1edbc t\u00ednh th\u1eddi gian \u0111\u1ecdc\" \/>\n\t<meta name=\"twitter:data1\" content=\"1 ph\u00fat\" \/>\n<script type=\"application\/ld+json\" class=\"yoast-schema-graph\">{\"@context\":\"https:\/\/schema.org\",\"@graph\":[{\"@type\":\"WebPage\",\"@id\":\"https:\/\/luxuryprojects.vn\/vi\/projects\/filmore-danang-lease-01\/\",\"url\":\"https:\/\/luxuryprojects.vn\/vi\/projects\/filmore-danang-lease-01\/\",\"name\":\"Cho thu\u00ea c\u0103n h\u1ed9 Filmore, 126m\u00b2, 2PN - LUXURY PROJECTS\",\"isPartOf\":{\"@id\":\"https:\/\/luxuryprojects.vn\/vi\/#website\"},\"primaryImageOfPage\":{\"@id\":\"https:\/\/luxuryprojects.vn\/vi\/projects\/filmore-danang-lease-01\/#primaryimage\"},\"image\":{\"@id\":\"https:\/\/luxuryprojects.vn\/vi\/projects\/filmore-danang-lease-01\/#primaryimage\"},\"thumbnailUrl\":\"https:\/\/luxuryprojects.vn\/vi\/wp-content\/uploads\/2025\/08\/Noi-dung-doan-van-ban-cua-ban.jpg\",\"datePublished\":\"2025-08-13T06:18:51+00:00\",\"dateModified\":\"2025-08-22T08:28:25+00:00\",\"breadcrumb\":{\"@id\":\"https:\/\/luxuryprojects.vn\/vi\/projects\/filmore-danang-lease-01\/#breadcrumb\"},\"inLanguage\":\"vi\",\"potentialAction\":[{\"@type\":\"ReadAction\",\"target\":[\"https:\/\/luxuryprojects.vn\/vi\/projects\/filmore-danang-lease-01\/\"]}]},{\"@type\":\"ImageObject\",\"inLanguage\":\"vi\",\"@id\":\"https:\/\/luxuryprojects.vn\/vi\/projects\/filmore-danang-lease-01\/#primaryimage\",\"url\":\"https:\/\/luxuryprojects.vn\/vi\/wp-content\/uploads\/2025\/08\/Noi-dung-doan-van-ban-cua-ban.jpg\",\"contentUrl\":\"https:\/\/luxuryprojects.vn\/vi\/wp-content\/uploads\/2025\/08\/Noi-dung-doan-van-ban-cua-ban.jpg\",\"width\":2000,\"height\":2000},{\"@type\":\"BreadcrumbList\",\"@id\":\"https:\/\/luxuryprojects.vn\/vi\/projects\/filmore-danang-lease-01\/#breadcrumb\",\"itemListElement\":[{\"@type\":\"ListItem\",\"position\":1,\"name\":\"Home\",\"item\":\"https:\/\/luxuryprojects.vn\/vi\/\"},{\"@type\":\"ListItem\",\"position\":2,\"name\":\"T\u1ea5t c\u1ea3\",\"item\":\"https:\/\/luxuryprojects.vn\/vi\/projects\/\"},{\"@type\":\"ListItem\",\"position\":3,\"name\":\"Cho thu\u00ea c\u0103n h\u1ed9 Filmore, 126m\u00b2, 2PN\"}]},{\"@type\":\"WebSite\",\"@id\":\"https:\/\/luxuryprojects.vn\/vi\/#website\",\"url\":\"https:\/\/luxuryprojects.vn\/vi\/\",\"name\":\"LUXURY PROJECTS\",\"description\":\"Turning Dreams Into Addresses\",\"potentialAction\":[{\"@type\":\"SearchAction\",\"target\":{\"@type\":\"EntryPoint\",\"urlTemplate\":\"https:\/\/luxuryprojects.vn\/vi\/?s={search_term_string}\"},\"query-input\":{\"@type\":\"PropertyValueSpecification\",\"valueRequired\":true,\"valueName\":\"search_term_string\"}}],\"inLanguage\":\"vi\"}]}<\/script>\n<!-- \/ Yoast SEO Premium plugin. -->","yoast_head_json":{"title":"Cho thu\u00ea c\u0103n h\u1ed9 Filmore, 126m\u00b2, 2PN - LUXURY PROJECTS","robots":{"index":"index","follow":"follow","max-snippet":"max-snippet:-1","max-image-preview":"max-image-preview:large","max-video-preview":"max-video-preview:-1"},"canonical":"https:\/\/luxuryprojects.vn\/vi\/projects\/filmore-danang-lease-01\/","og_locale":"vi_VN","og_type":"article","og_title":"Cho thu\u00ea c\u0103n h\u1ed9 Filmore, 126m\u00b2, 2PN","og_description":"C\u0103n h\u1ed9 Filmore \u0110\u00e0 N\u1eb5ng, di\u1ec7n t\u00edch 126m\u00b2, g\u1ed3m 2 ph\u00f2ng ng\u1ee7, 1 ph\u00f2ng l\u00e0m vi\u1ec7c, ph\u00f2ng kh\u00e1ch v\u00e0 b\u1ebfp. Full n\u1ed9i th\u1ea5t cao c\u1ea5p, kh\u00f4ng gian r\u1ed9ng r\u00e3i, view \u0111\u1eb9p trung t\u00e2m th\u00e0nh ph\u1ed1. Gi\u00e1: 80 tri\u1ec7u\/ th\u00e1ng","og_url":"https:\/\/luxuryprojects.vn\/vi\/projects\/filmore-danang-lease-01\/","og_site_name":"LUXURY PROJECTS","article_modified_time":"2025-08-22T08:28:25+00:00","og_image":[{"width":2000,"height":2000,"url":"https:\/\/luxuryprojects.vn\/vi\/wp-content\/uploads\/2025\/08\/Noi-dung-doan-van-ban-cua-ban.jpg","type":"image\/jpeg"}],"twitter_card":"summary_large_image","twitter_misc":{"\u01af\u1edbc t\u00ednh th\u1eddi gian \u0111\u1ecdc":"1 ph\u00fat"},"schema":{"@context":"https:\/\/schema.org","@graph":[{"@type":"WebPage","@id":"https:\/\/luxuryprojects.vn\/vi\/projects\/filmore-danang-lease-01\/","url":"https:\/\/luxuryprojects.vn\/vi\/projects\/filmore-danang-lease-01\/","name":"Cho thu\u00ea c\u0103n h\u1ed9 Filmore, 126m\u00b2, 2PN - LUXURY PROJECTS","isPartOf":{"@id":"https:\/\/luxuryprojects.vn\/vi\/#website"},"primaryImageOfPage":{"@id":"https:\/\/luxuryprojects.vn\/vi\/projects\/filmore-danang-lease-01\/#primaryimage"},"image":{"@id":"https:\/\/luxuryprojects.vn\/vi\/projects\/filmore-danang-lease-01\/#primaryimage"},"thumbnailUrl":"https:\/\/luxuryprojects.vn\/vi\/wp-content\/uploads\/2025\/08\/Noi-dung-doan-van-ban-cua-ban.jpg","datePublished":"2025-08-13T06:18:51+00:00","dateModified":"2025-08-22T08:28:25+00:00","breadcrumb":{"@id":"https:\/\/luxuryprojects.vn\/vi\/projects\/filmore-danang-lease-01\/#breadcrumb"},"inLanguage":"vi","potentialAction":[{"@type":"ReadAction","target":["https:\/\/luxuryprojects.vn\/vi\/projects\/filmore-danang-lease-01\/"]}]},{"@type":"ImageObject","inLanguage":"vi","@id":"https:\/\/luxuryprojects.vn\/vi\/projects\/filmore-danang-lease-01\/#primaryimage","url":"https:\/\/luxuryprojects.vn\/vi\/wp-content\/uploads\/2025\/08\/Noi-dung-doan-van-ban-cua-ban.jpg","contentUrl":"https:\/\/luxuryprojects.vn\/vi\/wp-content\/uploads\/2025\/08\/Noi-dung-doan-van-ban-cua-ban.jpg","width":2000,"height":2000},{"@type":"BreadcrumbList","@id":"https:\/\/luxuryprojects.vn\/vi\/projects\/filmore-danang-lease-01\/#breadcrumb","itemListElement":[{"@type":"ListItem","position":1,"name":"Home","item":"https:\/\/luxuryprojects.vn\/vi\/"},{"@type":"ListItem","position":2,"name":"T\u1ea5t c\u1ea3","item":"https:\/\/luxuryprojects.vn\/vi\/projects\/"},{"@type":"ListItem","position":3,"name":"Cho thu\u00ea c\u0103n h\u1ed9 Filmore, 126m\u00b2, 2PN"}]},{"@type":"WebSite","@id":"https:\/\/luxuryprojects.vn\/vi\/#website","url":"https:\/\/luxuryprojects.vn\/vi\/","name":"LUXURY PROJECTS","description":"Turning Dreams Into Addresses","potentialAction":[{"@type":"SearchAction","target":{"@type":"EntryPoint","urlTemplate":"https:\/\/luxuryprojects.vn\/vi\/?s={search_term_string}"},"query-input":{"@type":"PropertyValueSpecification","valueRequired":true,"valueName":"search_term_string"}}],"inLanguage":"vi"}]}},"_links":{"self":[{"href":"https:\/\/luxuryprojects.vn\/vi\/wp-json\/wp\/v2\/product\/485","targetHints":{"allow":["GET"]}}],"collection":[{"href":"https:\/\/luxuryprojects.vn\/vi\/wp-json\/wp\/v2\/product"}],"about":[{"href":"https:\/\/luxuryprojects.vn\/vi\/wp-json\/wp\/v2\/types\/product"}],"replies":[{"embeddable":true,"href":"https:\/\/luxuryprojects.vn\/vi\/wp-json\/wp\/v2\/comments?post=485"}],"wp:featuredmedia":[{"embeddable":true,"href":"https:\/\/luxuryprojects.vn\/vi\/wp-json\/wp\/v2\/media\/496"}],"wp:attachment":[{"href":"https:\/\/luxuryprojects.vn\/vi\/wp-json\/wp\/v2\/media?parent=485"}],"wp:term":[{"taxonomy":"product_brand","embeddable":true,"href":"https:\/\/luxuryprojects.vn\/vi\/wp-json\/wp\/v2\/product_brand?post=485"},{"taxonomy":"product_cat","embeddable":true,"href":"https:\/\/luxuryprojects.vn\/vi\/wp-json\/wp\/v2\/product_cat?post=485"},{"taxonomy":"product_tag","embeddable":true,"href":"https:\/\/luxuryprojects.vn\/vi\/wp-json\/wp\/v2\/product_tag?post=485"}],"curies":[{"name":"wp","href":"https:\/\/api.w.org\/{rel}","templated":true}]}}