{"id":534,"date":"2025-08-14T02:46:04","date_gmt":"2025-08-14T02:46:04","guid":{"rendered":"https:\/\/luxuryprojects.vn\/?post_type=product&#038;p=534"},"modified":"2025-08-22T07:29:01","modified_gmt":"2025-08-22T07:29:01","slug":"for-sale-filmore-riverside-apartment-48m%c2%b2-1-bedroom-6-35-billion-vnd","status":"publish","type":"product","link":"https:\/\/luxuryprojects.vn\/vi\/projects\/for-sale-filmore-riverside-apartment-48m%c2%b2-1-bedroom-6-35-billion-vnd\/","title":{"rendered":"C\u1ea7n b\u00e1n \u2013 C\u0103n h\u1ed9 Filmore Riverside, 48m\u00b2, 1 ph\u00f2ng ng\u1ee7 \u2013 6,35 t\u1ef7 \u0111\u1ed3ng"},"content":{"rendered":"<p style=\"padding-left: 40px;\">Kh\u00e1m ph\u00e1 tr\u1ea3i nghi\u1ec7m s\u1ed1ng \u0111\u1eb3ng c\u1ea5p t\u1ea1i Filmore, m\u1ed9t trong nh\u1eefng d\u1ef1 \u00e1n ven s\u00f4ng danh gi\u00e1 nh\u1ea5t \u0110\u00e0 N\u1eb5ng. C\u0103n h\u1ed9 1 ph\u00f2ng ng\u1ee7 r\u1ed9ng 48m\u00b2 n\u00e0y l\u00e0 s\u1ef1 k\u1ebft h\u1ee3p tinh t\u1ebf gi\u1eefa thi\u1ebft k\u1ebf hi\u1ec7n \u0111\u1ea1i, n\u1ed9i th\u1ea5t cao c\u1ea5p v\u00e0 t\u1ea7m nh\u00ecn ngo\u1ea1n m\u1ee5c ra s\u00f4ng H\u00e0n th\u01a1 m\u1ed9ng.<\/p>\n<p style=\"padding-left: 40px;\">T\u1ecda l\u1ea1c tr\u00ean t\u1ea7ng cao, c\u0103n h\u1ed9 tr\u00e0n ng\u1eadp \u00e1nh s\u00e1ng t\u1ef1 nhi\u00ean, mang \u0111\u1ebfn c\u1ea3m gi\u00e1c r\u1ed9ng r\u00e3i v\u00e0 thanh b\u00ecnh. N\u1ed9i th\u1ea5t \u0111\u01b0\u1ee3c trang b\u1ecb \u0111\u1ea7y \u0111\u1ee7 n\u1ed9i th\u1ea5t cao c\u1ea5p, thi\u1ebft b\u1ecb ch\u1ea5t l\u01b0\u1ee3ng cao v\u00e0 phong c\u00e1ch trang tr\u00ed tinh t\u1ebf, k\u1ebft h\u1ee3p h\u00e0i h\u00f2a gi\u1eefa s\u1ef1 tho\u1ea3i m\u00e1i v\u00e0 tinh t\u1ebf.<\/p>\n<p style=\"padding-left: 40px;\">C\u01b0 d\u00e2n \u0111\u01b0\u1ee3c t\u1eadn h\u01b0\u1edfng h\u00e0ng lo\u1ea1t ti\u1ec7n \u00edch \u0111\u1eb3ng c\u1ea5p th\u1ebf gi\u1edbi, bao g\u1ed3m h\u1ed3 b\u01a1i v\u00f4 c\u1ef1c, trung t\u00e2m th\u1ec3 d\u1ee5c, v\u01b0\u1eddn c\u1ea3nh quan v\u00e0 an ninh 24\/7. V\u1ecb tr\u00ed \u0111\u1eafc \u0111\u1ecba c\u1ee7a Filmore gi\u00fap d\u1ec5 d\u00e0ng di chuy\u1ec3n \u0111\u1ebfn trung t\u00e2m th\u00e0nh ph\u1ed1 \u0110\u00e0 N\u1eb5ng, C\u1ea7u R\u1ed3ng, c\u00f9ng v\u00f4 s\u1ed1 l\u1ef1a ch\u1ecdn \u1ea9m th\u1ef1c, mua s\u1eafm v\u00e0 gi\u1ea3i tr\u00ed s\u00f4i \u0111\u1ed9ng.<\/p>\n<ul>\n<li style=\"list-style-type: none;\">\n<ul>\n<li>1 ph\u00f2ng ng\u1ee7 r\u1ed9ng r\u00e3i, 1 ph\u00f2ng t\u1eafm hi\u1ec7n \u0111\u1ea1i<\/li>\n<li>Di\u1ec7n t\u00edch: 48m\u00b2<\/li>\n<li>N\u1ed9i th\u1ea5t \u0111\u1ea7y \u0111\u1ee7, cao c\u1ea5p<\/li>\n<li>T\u1ea7ng cao, view s\u00f4ng H\u00e0n to\u00e0n c\u1ea3nh<\/li>\n<li>Gi\u00e1: 6,35 t\u1ef7 \u0111\u1ed3ng<\/li>\n<li>V\u1ecb tr\u00ed \u0111\u1eafc \u0111\u1ecba t\u1ea1i trung t\u00e2m th\u00e0nh ph\u1ed1 \u0110\u00e0 N\u1eb5ng<\/li>\n<\/ul>\n<\/li>\n<\/ul>\n","protected":false},"excerpt":{"rendered":"<p>C\u0103n h\u1ed9 cao c\u1ea5p 1 ph\u00f2ng ng\u1ee7 t\u1ea1i Filmore, di\u1ec7n t\u00edch 48m\u00b2, t\u1ea7ng cao, view s\u00f4ng H\u00e0n tuy\u1ec7t \u0111\u1eb9p. N\u1ed9i th\u1ea5t \u0111\u1ea7y \u0111\u1ee7, hi\u1ec7n \u0111\u1ea1i. Gi\u00e1: 6,35 t\u1ef7 \u0111\u1ed3ng.<\/p>\n","protected":false},"featured_media":539,"comment_status":"open","ping_status":"closed","template":"","meta":[],"product_brand":[],"product_cat":[15],"product_tag":[],"class_list":{"0":"post-534","1":"product","2":"type-product","3":"status-publish","4":"has-post-thumbnail","6":"product_cat-villa","8":"first","9":"instock","10":"taxable","11":"shipping-taxable","12":"purchasable","13":"product-type-simple"},"yoast_head":"<!-- This site is optimized with the Yoast SEO Premium plugin v21.4 (Yoast SEO v24.9) - https:\/\/yoast.com\/wordpress\/plugins\/seo\/ -->\n<title>C\u1ea7n b\u00e1n \u2013 C\u0103n h\u1ed9 Filmore Riverside, 48m\u00b2, 1 ph\u00f2ng ng\u1ee7 \u2013 6,35 t\u1ef7 \u0111\u1ed3ng - LUXURY PROJECTS<\/title>\n<meta name=\"robots\" content=\"index, follow, max-snippet:-1, max-image-preview:large, max-video-preview:-1\" \/>\n<link rel=\"canonical\" href=\"https:\/\/luxuryprojects.vn\/vi\/projects\/for-sale-filmore-riverside-apartment-48m\u00b2-1-bedroom-6-35-billion-vnd\/\" \/>\n<meta property=\"og:locale\" content=\"vi_VN\" \/>\n<meta property=\"og:type\" content=\"article\" \/>\n<meta property=\"og:title\" content=\"C\u1ea7n b\u00e1n \u2013 C\u0103n h\u1ed9 Filmore Riverside, 48m\u00b2, 1 ph\u00f2ng ng\u1ee7 \u2013 6,35 t\u1ef7 \u0111\u1ed3ng\" \/>\n<meta property=\"og:description\" content=\"C\u0103n h\u1ed9 cao c\u1ea5p 1 ph\u00f2ng ng\u1ee7 t\u1ea1i Filmore, di\u1ec7n t\u00edch 48m\u00b2, t\u1ea7ng cao, view s\u00f4ng H\u00e0n tuy\u1ec7t \u0111\u1eb9p. N\u1ed9i th\u1ea5t \u0111\u1ea7y \u0111\u1ee7, hi\u1ec7n \u0111\u1ea1i. Gi\u00e1: 6,35 t\u1ef7 \u0111\u1ed3ng.\" \/>\n<meta property=\"og:url\" content=\"https:\/\/luxuryprojects.vn\/vi\/projects\/for-sale-filmore-riverside-apartment-48m\u00b2-1-bedroom-6-35-billion-vnd\/\" \/>\n<meta property=\"og:site_name\" content=\"LUXURY PROJECTS\" \/>\n<meta property=\"article:modified_time\" content=\"2025-08-22T07:29:01+00:00\" \/>\n<meta property=\"og:image\" content=\"https:\/\/luxuryprojects.vn\/vi\/wp-content\/uploads\/2025\/08\/Noi-dung-doan-van-ban-cua-ban-1.png\" \/>\n\t<meta property=\"og:image:width\" content=\"1020\" \/>\n\t<meta property=\"og:image:height\" content=\"1020\" \/>\n\t<meta property=\"og:image:type\" content=\"image\/png\" \/>\n<meta name=\"twitter:card\" content=\"summary_large_image\" \/>\n<meta name=\"twitter:label1\" content=\"\u01af\u1edbc t\u00ednh th\u1eddi gian \u0111\u1ecdc\" \/>\n\t<meta name=\"twitter:data1\" content=\"2 ph\u00fat\" \/>\n<script type=\"application\/ld+json\" class=\"yoast-schema-graph\">{\"@context\":\"https:\/\/schema.org\",\"@graph\":[{\"@type\":\"WebPage\",\"@id\":\"https:\/\/luxuryprojects.vn\/vi\/projects\/for-sale-filmore-riverside-apartment-48m%c2%b2-1-bedroom-6-35-billion-vnd\/\",\"url\":\"https:\/\/luxuryprojects.vn\/vi\/projects\/for-sale-filmore-riverside-apartment-48m%c2%b2-1-bedroom-6-35-billion-vnd\/\",\"name\":\"C\u1ea7n b\u00e1n \u2013 C\u0103n h\u1ed9 Filmore Riverside, 48m\u00b2, 1 ph\u00f2ng ng\u1ee7 \u2013 6,35 t\u1ef7 \u0111\u1ed3ng - LUXURY PROJECTS\",\"isPartOf\":{\"@id\":\"https:\/\/luxuryprojects.vn\/vi\/#website\"},\"primaryImageOfPage\":{\"@id\":\"https:\/\/luxuryprojects.vn\/vi\/projects\/for-sale-filmore-riverside-apartment-48m%c2%b2-1-bedroom-6-35-billion-vnd\/#primaryimage\"},\"image\":{\"@id\":\"https:\/\/luxuryprojects.vn\/vi\/projects\/for-sale-filmore-riverside-apartment-48m%c2%b2-1-bedroom-6-35-billion-vnd\/#primaryimage\"},\"thumbnailUrl\":\"https:\/\/luxuryprojects.vn\/vi\/wp-content\/uploads\/2025\/08\/Noi-dung-doan-van-ban-cua-ban-1.png\",\"datePublished\":\"2025-08-14T02:46:04+00:00\",\"dateModified\":\"2025-08-22T07:29:01+00:00\",\"breadcrumb\":{\"@id\":\"https:\/\/luxuryprojects.vn\/vi\/projects\/for-sale-filmore-riverside-apartment-48m%c2%b2-1-bedroom-6-35-billion-vnd\/#breadcrumb\"},\"inLanguage\":\"vi\",\"potentialAction\":[{\"@type\":\"ReadAction\",\"target\":[\"https:\/\/luxuryprojects.vn\/vi\/projects\/for-sale-filmore-riverside-apartment-48m%c2%b2-1-bedroom-6-35-billion-vnd\/\"]}]},{\"@type\":\"ImageObject\",\"inLanguage\":\"vi\",\"@id\":\"https:\/\/luxuryprojects.vn\/vi\/projects\/for-sale-filmore-riverside-apartment-48m%c2%b2-1-bedroom-6-35-billion-vnd\/#primaryimage\",\"url\":\"https:\/\/luxuryprojects.vn\/vi\/wp-content\/uploads\/2025\/08\/Noi-dung-doan-van-ban-cua-ban-1.png\",\"contentUrl\":\"https:\/\/luxuryprojects.vn\/vi\/wp-content\/uploads\/2025\/08\/Noi-dung-doan-van-ban-cua-ban-1.png\",\"width\":2000,\"height\":2000},{\"@type\":\"BreadcrumbList\",\"@id\":\"https:\/\/luxuryprojects.vn\/vi\/projects\/for-sale-filmore-riverside-apartment-48m%c2%b2-1-bedroom-6-35-billion-vnd\/#breadcrumb\",\"itemListElement\":[{\"@type\":\"ListItem\",\"position\":1,\"name\":\"Home\",\"item\":\"https:\/\/luxuryprojects.vn\/vi\/\"},{\"@type\":\"ListItem\",\"position\":2,\"name\":\"T\u1ea5t c\u1ea3\",\"item\":\"https:\/\/luxuryprojects.vn\/vi\/projects\/\"},{\"@type\":\"ListItem\",\"position\":3,\"name\":\"C\u1ea7n b\u00e1n \u2013 C\u0103n h\u1ed9 Filmore Riverside, 48m\u00b2, 1 ph\u00f2ng ng\u1ee7 \u2013 6,35 t\u1ef7 \u0111\u1ed3ng\"}]},{\"@type\":\"WebSite\",\"@id\":\"https:\/\/luxuryprojects.vn\/vi\/#website\",\"url\":\"https:\/\/luxuryprojects.vn\/vi\/\",\"name\":\"LUXURY PROJECTS\",\"description\":\"Turning Dreams Into Addresses\",\"potentialAction\":[{\"@type\":\"SearchAction\",\"target\":{\"@type\":\"EntryPoint\",\"urlTemplate\":\"https:\/\/luxuryprojects.vn\/vi\/?s={search_term_string}\"},\"query-input\":{\"@type\":\"PropertyValueSpecification\",\"valueRequired\":true,\"valueName\":\"search_term_string\"}}],\"inLanguage\":\"vi\"}]}<\/script>\n<!-- \/ Yoast SEO Premium plugin. -->","yoast_head_json":{"title":"C\u1ea7n b\u00e1n \u2013 C\u0103n h\u1ed9 Filmore Riverside, 48m\u00b2, 1 ph\u00f2ng ng\u1ee7 \u2013 6,35 t\u1ef7 \u0111\u1ed3ng - LUXURY PROJECTS","robots":{"index":"index","follow":"follow","max-snippet":"max-snippet:-1","max-image-preview":"max-image-preview:large","max-video-preview":"max-video-preview:-1"},"canonical":"https:\/\/luxuryprojects.vn\/vi\/projects\/for-sale-filmore-riverside-apartment-48m\u00b2-1-bedroom-6-35-billion-vnd\/","og_locale":"vi_VN","og_type":"article","og_title":"C\u1ea7n b\u00e1n \u2013 C\u0103n h\u1ed9 Filmore Riverside, 48m\u00b2, 1 ph\u00f2ng ng\u1ee7 \u2013 6,35 t\u1ef7 \u0111\u1ed3ng","og_description":"C\u0103n h\u1ed9 cao c\u1ea5p 1 ph\u00f2ng ng\u1ee7 t\u1ea1i Filmore, di\u1ec7n t\u00edch 48m\u00b2, t\u1ea7ng cao, view s\u00f4ng H\u00e0n tuy\u1ec7t \u0111\u1eb9p. N\u1ed9i th\u1ea5t \u0111\u1ea7y \u0111\u1ee7, hi\u1ec7n \u0111\u1ea1i. Gi\u00e1: 6,35 t\u1ef7 \u0111\u1ed3ng.","og_url":"https:\/\/luxuryprojects.vn\/vi\/projects\/for-sale-filmore-riverside-apartment-48m\u00b2-1-bedroom-6-35-billion-vnd\/","og_site_name":"LUXURY PROJECTS","article_modified_time":"2025-08-22T07:29:01+00:00","og_image":[{"url":"https:\/\/luxuryprojects.vn\/vi\/wp-content\/uploads\/2025\/08\/Noi-dung-doan-van-ban-cua-ban-1.png","width":1020,"height":1020,"type":"image\/png"}],"twitter_card":"summary_large_image","twitter_misc":{"\u01af\u1edbc t\u00ednh th\u1eddi gian \u0111\u1ecdc":"2 ph\u00fat"},"schema":{"@context":"https:\/\/schema.org","@graph":[{"@type":"WebPage","@id":"https:\/\/luxuryprojects.vn\/vi\/projects\/for-sale-filmore-riverside-apartment-48m%c2%b2-1-bedroom-6-35-billion-vnd\/","url":"https:\/\/luxuryprojects.vn\/vi\/projects\/for-sale-filmore-riverside-apartment-48m%c2%b2-1-bedroom-6-35-billion-vnd\/","name":"C\u1ea7n b\u00e1n \u2013 C\u0103n h\u1ed9 Filmore Riverside, 48m\u00b2, 1 ph\u00f2ng ng\u1ee7 \u2013 6,35 t\u1ef7 \u0111\u1ed3ng - LUXURY PROJECTS","isPartOf":{"@id":"https:\/\/luxuryprojects.vn\/vi\/#website"},"primaryImageOfPage":{"@id":"https:\/\/luxuryprojects.vn\/vi\/projects\/for-sale-filmore-riverside-apartment-48m%c2%b2-1-bedroom-6-35-billion-vnd\/#primaryimage"},"image":{"@id":"https:\/\/luxuryprojects.vn\/vi\/projects\/for-sale-filmore-riverside-apartment-48m%c2%b2-1-bedroom-6-35-billion-vnd\/#primaryimage"},"thumbnailUrl":"https:\/\/luxuryprojects.vn\/vi\/wp-content\/uploads\/2025\/08\/Noi-dung-doan-van-ban-cua-ban-1.png","datePublished":"2025-08-14T02:46:04+00:00","dateModified":"2025-08-22T07:29:01+00:00","breadcrumb":{"@id":"https:\/\/luxuryprojects.vn\/vi\/projects\/for-sale-filmore-riverside-apartment-48m%c2%b2-1-bedroom-6-35-billion-vnd\/#breadcrumb"},"inLanguage":"vi","potentialAction":[{"@type":"ReadAction","target":["https:\/\/luxuryprojects.vn\/vi\/projects\/for-sale-filmore-riverside-apartment-48m%c2%b2-1-bedroom-6-35-billion-vnd\/"]}]},{"@type":"ImageObject","inLanguage":"vi","@id":"https:\/\/luxuryprojects.vn\/vi\/projects\/for-sale-filmore-riverside-apartment-48m%c2%b2-1-bedroom-6-35-billion-vnd\/#primaryimage","url":"https:\/\/luxuryprojects.vn\/vi\/wp-content\/uploads\/2025\/08\/Noi-dung-doan-van-ban-cua-ban-1.png","contentUrl":"https:\/\/luxuryprojects.vn\/vi\/wp-content\/uploads\/2025\/08\/Noi-dung-doan-van-ban-cua-ban-1.png","width":2000,"height":2000},{"@type":"BreadcrumbList","@id":"https:\/\/luxuryprojects.vn\/vi\/projects\/for-sale-filmore-riverside-apartment-48m%c2%b2-1-bedroom-6-35-billion-vnd\/#breadcrumb","itemListElement":[{"@type":"ListItem","position":1,"name":"Home","item":"https:\/\/luxuryprojects.vn\/vi\/"},{"@type":"ListItem","position":2,"name":"T\u1ea5t c\u1ea3","item":"https:\/\/luxuryprojects.vn\/vi\/projects\/"},{"@type":"ListItem","position":3,"name":"C\u1ea7n b\u00e1n \u2013 C\u0103n h\u1ed9 Filmore Riverside, 48m\u00b2, 1 ph\u00f2ng ng\u1ee7 \u2013 6,35 t\u1ef7 \u0111\u1ed3ng"}]},{"@type":"WebSite","@id":"https:\/\/luxuryprojects.vn\/vi\/#website","url":"https:\/\/luxuryprojects.vn\/vi\/","name":"LUXURY PROJECTS","description":"Turning Dreams Into Addresses","potentialAction":[{"@type":"SearchAction","target":{"@type":"EntryPoint","urlTemplate":"https:\/\/luxuryprojects.vn\/vi\/?s={search_term_string}"},"query-input":{"@type":"PropertyValueSpecification","valueRequired":true,"valueName":"search_term_string"}}],"inLanguage":"vi"}]}},"_links":{"self":[{"href":"https:\/\/luxuryprojects.vn\/vi\/wp-json\/wp\/v2\/product\/534","targetHints":{"allow":["GET"]}}],"collection":[{"href":"https:\/\/luxuryprojects.vn\/vi\/wp-json\/wp\/v2\/product"}],"about":[{"href":"https:\/\/luxuryprojects.vn\/vi\/wp-json\/wp\/v2\/types\/product"}],"replies":[{"embeddable":true,"href":"https:\/\/luxuryprojects.vn\/vi\/wp-json\/wp\/v2\/comments?post=534"}],"wp:featuredmedia":[{"embeddable":true,"href":"https:\/\/luxuryprojects.vn\/vi\/wp-json\/wp\/v2\/media\/539"}],"wp:attachment":[{"href":"https:\/\/luxuryprojects.vn\/vi\/wp-json\/wp\/v2\/media?parent=534"}],"wp:term":[{"taxonomy":"product_brand","embeddable":true,"href":"https:\/\/luxuryprojects.vn\/vi\/wp-json\/wp\/v2\/product_brand?post=534"},{"taxonomy":"product_cat","embeddable":true,"href":"https:\/\/luxuryprojects.vn\/vi\/wp-json\/wp\/v2\/product_cat?post=534"},{"taxonomy":"product_tag","embeddable":true,"href":"https:\/\/luxuryprojects.vn\/vi\/wp-json\/wp\/v2\/product_tag?post=534"}],"curies":[{"name":"wp","href":"https:\/\/api.w.org\/{rel}","templated":true}]}}