{"id":540,"date":"2025-08-14T03:00:43","date_gmt":"2025-08-14T03:00:43","guid":{"rendered":"https:\/\/luxuryprojects.vn\/?post_type=product&#038;p=540"},"modified":"2025-08-22T07:27:29","modified_gmt":"2025-08-22T07:27:29","slug":"luxury-1-bedroom-apartment-for-sale-at-the-filmore-da-nang-dragon-bridge-view","status":"publish","type":"product","link":"https:\/\/luxuryprojects.vn\/vi\/projects\/luxury-1-bedroom-apartment-for-sale-at-the-filmore-da-nang-dragon-bridge-view\/","title":{"rendered":"C\u0103n h\u1ed9 cao c\u1ea5p 1 ph\u00f2ng ng\u1ee7 c\u1ea7n b\u00e1n t\u1ea1i The Filmore \u0110\u00e0 N\u1eb5ng \u2013 View C\u1ea7u R\u1ed3ng"},"content":{"rendered":"<p>Kh\u00e1m ph\u00e1 cu\u1ed9c s\u1ed1ng \u0111\u00f4 th\u1ecb tinh t\u1ebf v\u1edbi c\u0103n h\u1ed9 1 ph\u00f2ng ng\u1ee7 t\u1ea1i The Filmore \u0110\u00e0 N\u1eb5ng. V\u1edbi di\u1ec7n t\u00edch 48m\u00b2, c\u0103n h\u1ed9 \u0111\u01b0\u1ee3c thi\u1ebft k\u1ebf t\u1ec9 m\u1ec9 nh\u1eb1m t\u1ed1i \u01b0u h\u00f3a s\u1ef1 tho\u1ea3i m\u00e1i v\u00e0 c\u00f4ng n\u0103ng s\u1eed d\u1ee5ng. C\u1eeda s\u1ed5 k\u00ednh su\u1ed1t t\u1eeb tr\u1ea7n \u0111\u1ebfn s\u00e0n mang \u0111\u1ebfn t\u1ea7m nh\u00ecn ngo\u1ea1n m\u1ee5c ra C\u1ea7u R\u1ed3ng, \u0111\u1eb7c bi\u1ec7t l\u00e0 v\u00e0o ban \u0111\u00eam khi th\u00e0nh ph\u1ed1 l\u00ean \u0111\u00e8n.<\/p>\n<p>C\u0103n h\u1ed9 s\u1edf h\u1eefu n\u1ed9i th\u1ea5t hi\u1ec7n \u0111\u1ea1i, cao c\u1ea5p v\u00e0 \u0111\u01b0\u1ee3c trang b\u1ecb \u0111\u1ea7y \u0111\u1ee7 n\u1ed9i th\u1ea5t cao c\u1ea5p, t\u1ea1o n\u00ean m\u1ed9t kh\u00f4ng gian \u1ea5m c\u00fang nh\u01b0ng sang tr\u1ecdng. T\u1ecda l\u1ea1c t\u1ea1i khu v\u1ef1c ven s\u00f4ng \u0111\u1eafc \u0111\u1ecba c\u1ee7a \u0110\u00e0 N\u1eb5ng, The Filmore d\u1ec5 d\u00e0ng di chuy\u1ec3n \u0111\u1ebfn c\u00e1c trung t\u00e2m mua s\u1eafm, \u0103n u\u1ed1ng v\u00e0 gi\u1ea3i tr\u00ed.<\/p>\n<p>C\u01b0 d\u00e2n c\u00f3 th\u1ec3 t\u1eadn h\u01b0\u1edfng c\u00e1c ti\u1ec7n \u00edch \u0111\u1eb3ng c\u1ea5p bao g\u1ed3m h\u1ed3 b\u01a1i, ph\u00f2ng t\u1eadp th\u1ec3 d\u1ee5c, an ninh 24\/7 v\u00e0 khu v\u01b0\u1eddn th\u01b0 gi\u00e3n. C\u0103n h\u1ed9 l\u00e0 s\u1ef1 k\u1ebft h\u1ee3p ho\u00e0n h\u1ea3o gi\u1eefa v\u1ecb tr\u00ed, thi\u1ebft k\u1ebf v\u00e0 gi\u00e1 tr\u1ecb v\u01b0\u1ee3t tr\u1ed9i, l\u00e0 s\u1ef1 l\u1ef1a ch\u1ecdn ho\u00e0n h\u1ea3o cho c\u1ea3 nhu c\u1ea7u sinh s\u1ed1ng v\u00e0 \u0111\u1ea7u t\u01b0.<\/p>\n<p>\ud83d\udccd V\u1ecb tr\u00ed: The Filmore \u0110\u00e0 N\u1eb5ng \u2013 B\u1ea1ch \u0110\u1eb1ng Riverside<\/p>\n<p>\ud83d\udccf Di\u1ec7n t\u00edch: 48m\u00b2<\/p>\n<p>\ud83d\udecf Ph\u00f2ng ng\u1ee7: 1<\/p>\n<p>\ud83d\udcb0 Gi\u00e1: 6,2 t\u1ef7 \u0111\u1ed3ng (~244.000 USD)<\/p>\n<p>\ud83c\udf09 T\u1ea7m nh\u00ecn: C\u1ea7u R\u1ed3ng &amp; S\u00f4ng H\u00e0n<\/p>\n","protected":false},"excerpt":{"rendered":"<p>S\u1edf h\u1eefu c\u0103n h\u1ed9 1 ph\u00f2ng ng\u1ee7 cao c\u1ea5p 48m\u00b2 t\u1ea1i The Filmore \u0110\u00e0 N\u1eb5ng v\u1edbi t\u1ea7m nh\u00ecn ra C\u1ea7u R\u1ed3ng bi\u1ec3u t\u01b0\u1ee3ng. Thi\u1ebft k\u1ebf sang tr\u1ecdng, \u0111\u1ea7y \u0111\u1ee7 ti\u1ec7n nghi v\u00e0 t\u1ecda l\u1ea1c t\u1ea1i trung t\u00e2m th\u00e0nh ph\u1ed1. Gi\u00e1 b\u00e1n: 6,2 t\u1ef7 \u0111\u1ed3ng.<\/p>\n","protected":false},"featured_media":539,"comment_status":"open","ping_status":"closed","template":"","meta":[],"product_brand":[],"product_cat":[15],"product_tag":[],"class_list":{"0":"post-540","1":"product","2":"type-product","3":"status-publish","4":"has-post-thumbnail","6":"product_cat-villa","8":"first","9":"instock","10":"taxable","11":"shipping-taxable","12":"purchasable","13":"product-type-simple"},"yoast_head":"<!-- This site is optimized with the Yoast SEO Premium plugin v21.4 (Yoast SEO v24.9) - https:\/\/yoast.com\/wordpress\/plugins\/seo\/ -->\n<title>C\u0103n h\u1ed9 cao c\u1ea5p 1 ph\u00f2ng ng\u1ee7 c\u1ea7n b\u00e1n t\u1ea1i The Filmore \u0110\u00e0 N\u1eb5ng \u2013 View C\u1ea7u R\u1ed3ng - LUXURY PROJECTS<\/title>\n<meta name=\"robots\" content=\"index, follow, max-snippet:-1, max-image-preview:large, max-video-preview:-1\" \/>\n<link rel=\"canonical\" href=\"https:\/\/luxuryprojects.vn\/vi\/projects\/luxury-1-bedroom-apartment-for-sale-at-the-filmore-da-nang-dragon-bridge-view\/\" \/>\n<meta property=\"og:locale\" content=\"vi_VN\" \/>\n<meta property=\"og:type\" content=\"article\" \/>\n<meta property=\"og:title\" content=\"C\u0103n h\u1ed9 cao c\u1ea5p 1 ph\u00f2ng ng\u1ee7 c\u1ea7n b\u00e1n t\u1ea1i The Filmore \u0110\u00e0 N\u1eb5ng \u2013 View C\u1ea7u R\u1ed3ng\" \/>\n<meta property=\"og:description\" content=\"S\u1edf h\u1eefu c\u0103n h\u1ed9 1 ph\u00f2ng ng\u1ee7 cao c\u1ea5p 48m\u00b2 t\u1ea1i The Filmore \u0110\u00e0 N\u1eb5ng v\u1edbi t\u1ea7m nh\u00ecn ra C\u1ea7u R\u1ed3ng bi\u1ec3u t\u01b0\u1ee3ng. Thi\u1ebft k\u1ebf sang tr\u1ecdng, \u0111\u1ea7y \u0111\u1ee7 ti\u1ec7n nghi v\u00e0 t\u1ecda l\u1ea1c t\u1ea1i trung t\u00e2m th\u00e0nh ph\u1ed1. Gi\u00e1 b\u00e1n: 6,2 t\u1ef7 \u0111\u1ed3ng.\" \/>\n<meta property=\"og:url\" content=\"https:\/\/luxuryprojects.vn\/vi\/projects\/luxury-1-bedroom-apartment-for-sale-at-the-filmore-da-nang-dragon-bridge-view\/\" \/>\n<meta property=\"og:site_name\" content=\"LUXURY PROJECTS\" \/>\n<meta property=\"article:modified_time\" content=\"2025-08-22T07:27:29+00:00\" \/>\n<meta property=\"og:image\" content=\"https:\/\/luxuryprojects.vn\/vi\/wp-content\/uploads\/2025\/08\/Noi-dung-doan-van-ban-cua-ban-1.png\" \/>\n\t<meta property=\"og:image:width\" content=\"1020\" \/>\n\t<meta property=\"og:image:height\" content=\"1020\" \/>\n\t<meta property=\"og:image:type\" content=\"image\/png\" \/>\n<meta name=\"twitter:card\" content=\"summary_large_image\" \/>\n<meta name=\"twitter:label1\" content=\"\u01af\u1edbc t\u00ednh th\u1eddi gian \u0111\u1ecdc\" \/>\n\t<meta name=\"twitter:data1\" content=\"2 ph\u00fat\" \/>\n<script type=\"application\/ld+json\" class=\"yoast-schema-graph\">{\"@context\":\"https:\/\/schema.org\",\"@graph\":[{\"@type\":\"WebPage\",\"@id\":\"https:\/\/luxuryprojects.vn\/vi\/projects\/luxury-1-bedroom-apartment-for-sale-at-the-filmore-da-nang-dragon-bridge-view\/\",\"url\":\"https:\/\/luxuryprojects.vn\/vi\/projects\/luxury-1-bedroom-apartment-for-sale-at-the-filmore-da-nang-dragon-bridge-view\/\",\"name\":\"C\u0103n h\u1ed9 cao c\u1ea5p 1 ph\u00f2ng ng\u1ee7 c\u1ea7n b\u00e1n t\u1ea1i The Filmore \u0110\u00e0 N\u1eb5ng \u2013 View C\u1ea7u R\u1ed3ng - LUXURY PROJECTS\",\"isPartOf\":{\"@id\":\"https:\/\/luxuryprojects.vn\/vi\/#website\"},\"primaryImageOfPage\":{\"@id\":\"https:\/\/luxuryprojects.vn\/vi\/projects\/luxury-1-bedroom-apartment-for-sale-at-the-filmore-da-nang-dragon-bridge-view\/#primaryimage\"},\"image\":{\"@id\":\"https:\/\/luxuryprojects.vn\/vi\/projects\/luxury-1-bedroom-apartment-for-sale-at-the-filmore-da-nang-dragon-bridge-view\/#primaryimage\"},\"thumbnailUrl\":\"https:\/\/luxuryprojects.vn\/vi\/wp-content\/uploads\/2025\/08\/Noi-dung-doan-van-ban-cua-ban-1.png\",\"datePublished\":\"2025-08-14T03:00:43+00:00\",\"dateModified\":\"2025-08-22T07:27:29+00:00\",\"breadcrumb\":{\"@id\":\"https:\/\/luxuryprojects.vn\/vi\/projects\/luxury-1-bedroom-apartment-for-sale-at-the-filmore-da-nang-dragon-bridge-view\/#breadcrumb\"},\"inLanguage\":\"vi\",\"potentialAction\":[{\"@type\":\"ReadAction\",\"target\":[\"https:\/\/luxuryprojects.vn\/vi\/projects\/luxury-1-bedroom-apartment-for-sale-at-the-filmore-da-nang-dragon-bridge-view\/\"]}]},{\"@type\":\"ImageObject\",\"inLanguage\":\"vi\",\"@id\":\"https:\/\/luxuryprojects.vn\/vi\/projects\/luxury-1-bedroom-apartment-for-sale-at-the-filmore-da-nang-dragon-bridge-view\/#primaryimage\",\"url\":\"https:\/\/luxuryprojects.vn\/vi\/wp-content\/uploads\/2025\/08\/Noi-dung-doan-van-ban-cua-ban-1.png\",\"contentUrl\":\"https:\/\/luxuryprojects.vn\/vi\/wp-content\/uploads\/2025\/08\/Noi-dung-doan-van-ban-cua-ban-1.png\",\"width\":2000,\"height\":2000},{\"@type\":\"BreadcrumbList\",\"@id\":\"https:\/\/luxuryprojects.vn\/vi\/projects\/luxury-1-bedroom-apartment-for-sale-at-the-filmore-da-nang-dragon-bridge-view\/#breadcrumb\",\"itemListElement\":[{\"@type\":\"ListItem\",\"position\":1,\"name\":\"Home\",\"item\":\"https:\/\/luxuryprojects.vn\/vi\/\"},{\"@type\":\"ListItem\",\"position\":2,\"name\":\"T\u1ea5t c\u1ea3\",\"item\":\"https:\/\/luxuryprojects.vn\/vi\/projects\/\"},{\"@type\":\"ListItem\",\"position\":3,\"name\":\"C\u0103n h\u1ed9 cao c\u1ea5p 1 ph\u00f2ng ng\u1ee7 c\u1ea7n b\u00e1n t\u1ea1i The Filmore \u0110\u00e0 N\u1eb5ng \u2013 View C\u1ea7u R\u1ed3ng\"}]},{\"@type\":\"WebSite\",\"@id\":\"https:\/\/luxuryprojects.vn\/vi\/#website\",\"url\":\"https:\/\/luxuryprojects.vn\/vi\/\",\"name\":\"LUXURY PROJECTS\",\"description\":\"Turning Dreams Into Addresses\",\"potentialAction\":[{\"@type\":\"SearchAction\",\"target\":{\"@type\":\"EntryPoint\",\"urlTemplate\":\"https:\/\/luxuryprojects.vn\/vi\/?s={search_term_string}\"},\"query-input\":{\"@type\":\"PropertyValueSpecification\",\"valueRequired\":true,\"valueName\":\"search_term_string\"}}],\"inLanguage\":\"vi\"}]}<\/script>\n<!-- \/ Yoast SEO Premium plugin. -->","yoast_head_json":{"title":"C\u0103n h\u1ed9 cao c\u1ea5p 1 ph\u00f2ng ng\u1ee7 c\u1ea7n b\u00e1n t\u1ea1i The Filmore \u0110\u00e0 N\u1eb5ng \u2013 View C\u1ea7u R\u1ed3ng - LUXURY PROJECTS","robots":{"index":"index","follow":"follow","max-snippet":"max-snippet:-1","max-image-preview":"max-image-preview:large","max-video-preview":"max-video-preview:-1"},"canonical":"https:\/\/luxuryprojects.vn\/vi\/projects\/luxury-1-bedroom-apartment-for-sale-at-the-filmore-da-nang-dragon-bridge-view\/","og_locale":"vi_VN","og_type":"article","og_title":"C\u0103n h\u1ed9 cao c\u1ea5p 1 ph\u00f2ng ng\u1ee7 c\u1ea7n b\u00e1n t\u1ea1i The Filmore \u0110\u00e0 N\u1eb5ng \u2013 View C\u1ea7u R\u1ed3ng","og_description":"S\u1edf h\u1eefu c\u0103n h\u1ed9 1 ph\u00f2ng ng\u1ee7 cao c\u1ea5p 48m\u00b2 t\u1ea1i The Filmore \u0110\u00e0 N\u1eb5ng v\u1edbi t\u1ea7m nh\u00ecn ra C\u1ea7u R\u1ed3ng bi\u1ec3u t\u01b0\u1ee3ng. Thi\u1ebft k\u1ebf sang tr\u1ecdng, \u0111\u1ea7y \u0111\u1ee7 ti\u1ec7n nghi v\u00e0 t\u1ecda l\u1ea1c t\u1ea1i trung t\u00e2m th\u00e0nh ph\u1ed1. Gi\u00e1 b\u00e1n: 6,2 t\u1ef7 \u0111\u1ed3ng.","og_url":"https:\/\/luxuryprojects.vn\/vi\/projects\/luxury-1-bedroom-apartment-for-sale-at-the-filmore-da-nang-dragon-bridge-view\/","og_site_name":"LUXURY PROJECTS","article_modified_time":"2025-08-22T07:27:29+00:00","og_image":[{"url":"https:\/\/luxuryprojects.vn\/vi\/wp-content\/uploads\/2025\/08\/Noi-dung-doan-van-ban-cua-ban-1.png","width":1020,"height":1020,"type":"image\/png"}],"twitter_card":"summary_large_image","twitter_misc":{"\u01af\u1edbc t\u00ednh th\u1eddi gian \u0111\u1ecdc":"2 ph\u00fat"},"schema":{"@context":"https:\/\/schema.org","@graph":[{"@type":"WebPage","@id":"https:\/\/luxuryprojects.vn\/vi\/projects\/luxury-1-bedroom-apartment-for-sale-at-the-filmore-da-nang-dragon-bridge-view\/","url":"https:\/\/luxuryprojects.vn\/vi\/projects\/luxury-1-bedroom-apartment-for-sale-at-the-filmore-da-nang-dragon-bridge-view\/","name":"C\u0103n h\u1ed9 cao c\u1ea5p 1 ph\u00f2ng ng\u1ee7 c\u1ea7n b\u00e1n t\u1ea1i The Filmore \u0110\u00e0 N\u1eb5ng \u2013 View C\u1ea7u R\u1ed3ng - LUXURY PROJECTS","isPartOf":{"@id":"https:\/\/luxuryprojects.vn\/vi\/#website"},"primaryImageOfPage":{"@id":"https:\/\/luxuryprojects.vn\/vi\/projects\/luxury-1-bedroom-apartment-for-sale-at-the-filmore-da-nang-dragon-bridge-view\/#primaryimage"},"image":{"@id":"https:\/\/luxuryprojects.vn\/vi\/projects\/luxury-1-bedroom-apartment-for-sale-at-the-filmore-da-nang-dragon-bridge-view\/#primaryimage"},"thumbnailUrl":"https:\/\/luxuryprojects.vn\/vi\/wp-content\/uploads\/2025\/08\/Noi-dung-doan-van-ban-cua-ban-1.png","datePublished":"2025-08-14T03:00:43+00:00","dateModified":"2025-08-22T07:27:29+00:00","breadcrumb":{"@id":"https:\/\/luxuryprojects.vn\/vi\/projects\/luxury-1-bedroom-apartment-for-sale-at-the-filmore-da-nang-dragon-bridge-view\/#breadcrumb"},"inLanguage":"vi","potentialAction":[{"@type":"ReadAction","target":["https:\/\/luxuryprojects.vn\/vi\/projects\/luxury-1-bedroom-apartment-for-sale-at-the-filmore-da-nang-dragon-bridge-view\/"]}]},{"@type":"ImageObject","inLanguage":"vi","@id":"https:\/\/luxuryprojects.vn\/vi\/projects\/luxury-1-bedroom-apartment-for-sale-at-the-filmore-da-nang-dragon-bridge-view\/#primaryimage","url":"https:\/\/luxuryprojects.vn\/vi\/wp-content\/uploads\/2025\/08\/Noi-dung-doan-van-ban-cua-ban-1.png","contentUrl":"https:\/\/luxuryprojects.vn\/vi\/wp-content\/uploads\/2025\/08\/Noi-dung-doan-van-ban-cua-ban-1.png","width":2000,"height":2000},{"@type":"BreadcrumbList","@id":"https:\/\/luxuryprojects.vn\/vi\/projects\/luxury-1-bedroom-apartment-for-sale-at-the-filmore-da-nang-dragon-bridge-view\/#breadcrumb","itemListElement":[{"@type":"ListItem","position":1,"name":"Home","item":"https:\/\/luxuryprojects.vn\/vi\/"},{"@type":"ListItem","position":2,"name":"T\u1ea5t c\u1ea3","item":"https:\/\/luxuryprojects.vn\/vi\/projects\/"},{"@type":"ListItem","position":3,"name":"C\u0103n h\u1ed9 cao c\u1ea5p 1 ph\u00f2ng ng\u1ee7 c\u1ea7n b\u00e1n t\u1ea1i The Filmore \u0110\u00e0 N\u1eb5ng \u2013 View C\u1ea7u R\u1ed3ng"}]},{"@type":"WebSite","@id":"https:\/\/luxuryprojects.vn\/vi\/#website","url":"https:\/\/luxuryprojects.vn\/vi\/","name":"LUXURY PROJECTS","description":"Turning Dreams Into Addresses","potentialAction":[{"@type":"SearchAction","target":{"@type":"EntryPoint","urlTemplate":"https:\/\/luxuryprojects.vn\/vi\/?s={search_term_string}"},"query-input":{"@type":"PropertyValueSpecification","valueRequired":true,"valueName":"search_term_string"}}],"inLanguage":"vi"}]}},"_links":{"self":[{"href":"https:\/\/luxuryprojects.vn\/vi\/wp-json\/wp\/v2\/product\/540","targetHints":{"allow":["GET"]}}],"collection":[{"href":"https:\/\/luxuryprojects.vn\/vi\/wp-json\/wp\/v2\/product"}],"about":[{"href":"https:\/\/luxuryprojects.vn\/vi\/wp-json\/wp\/v2\/types\/product"}],"replies":[{"embeddable":true,"href":"https:\/\/luxuryprojects.vn\/vi\/wp-json\/wp\/v2\/comments?post=540"}],"wp:featuredmedia":[{"embeddable":true,"href":"https:\/\/luxuryprojects.vn\/vi\/wp-json\/wp\/v2\/media\/539"}],"wp:attachment":[{"href":"https:\/\/luxuryprojects.vn\/vi\/wp-json\/wp\/v2\/media?parent=540"}],"wp:term":[{"taxonomy":"product_brand","embeddable":true,"href":"https:\/\/luxuryprojects.vn\/vi\/wp-json\/wp\/v2\/product_brand?post=540"},{"taxonomy":"product_cat","embeddable":true,"href":"https:\/\/luxuryprojects.vn\/vi\/wp-json\/wp\/v2\/product_cat?post=540"},{"taxonomy":"product_tag","embeddable":true,"href":"https:\/\/luxuryprojects.vn\/vi\/wp-json\/wp\/v2\/product_tag?post=540"}],"curies":[{"name":"wp","href":"https:\/\/api.w.org\/{rel}","templated":true}]}}