{"id":559,"date":"2025-08-16T02:03:23","date_gmt":"2025-08-16T02:03:23","guid":{"rendered":"https:\/\/luxuryprojects.vn\/?post_type=product&#038;p=559"},"modified":"2025-08-22T07:25:30","modified_gmt":"2025-08-22T07:25:30","slug":"luxury-villa-for-sale-in-hai-chau-district-6-bedrooms-8-bathrooms-elevator-150m%c2%b2-land-348m%c2%b2-gfa","status":"publish","type":"product","link":"https:\/\/luxuryprojects.vn\/vi\/projects\/luxury-villa-for-sale-in-hai-chau-district-6-bedrooms-8-bathrooms-elevator-150m%c2%b2-land-348m%c2%b2-gfa\/","title":{"rendered":"Bi\u1ec7t th\u1ef1 cao c\u1ea5p c\u1ea7n b\u00e1n t\u1ea1i qu\u1eadn H\u1ea3i Ch\u00e2u \u2013 6 ph\u00f2ng ng\u1ee7, 8 ph\u00f2ng t\u1eafm, thang m\u00e1y \u2013 Di\u1ec7n t\u00edch \u0111\u1ea5t 150m\u00b2, T\u1ed5ng di\u1ec7n t\u00edch s\u00e0n 348m\u00b2"},"content":{"rendered":"<div style=\"padding-left: 40px;\">C\u01a1 h\u1ed9i hi\u1ebfm c\u00f3 s\u1edf h\u1eefu bi\u1ec7t th\u1ef1 h\u1ea1ng sang t\u1ea1i qu\u1eadn H\u1ea3i Ch\u00e2u, \u0110\u00e0 N\u1eb5ng \u2013 v\u1ecb tr\u00ed trung t\u00e2m \u0111\u1eafc \u0111\u1ecba, thu\u1eadn ti\u1ec7n di chuy\u1ec3n \u0111\u1ebfn s\u00f4ng H\u00e0n, c\u00e1c trung t\u00e2m th\u01b0\u01a1ng m\u1ea1i v\u00e0 c\u00e1c ti\u1ec7n \u00edch h\u00e0ng \u0111\u1ea7u c\u1ee7a th\u00e0nh ph\u1ed1.<\/div>\n<ul>\n<li style=\"list-style-type: none;\">\n<ul>\n<li>Di\u1ec7n t\u00edch \u0111\u1ea5t: 150m\u00b2<\/li>\n<li>Di\u1ec7n t\u00edch x\u00e2y d\u1ef1ng: 78m\u00b2<\/li>\n<li>T\u1ed5ng di\u1ec7n t\u00edch s\u00e0n: 348m\u00b2 (4 t\u1ea7ng)<\/li>\n<li>Ph\u00f2ng ng\u1ee7: 6 ph\u00f2ng ng\u1ee7 r\u1ed9ng r\u00e3i, thi\u1ebft k\u1ebf sang tr\u1ecdng<\/li>\n<li>Ph\u00f2ng t\u1eafm: 8 ph\u00f2ng t\u1eafm \u0111\u1ea7y \u0111\u1ee7 ti\u1ec7n nghi<\/li>\n<li>Ti\u1ec7n \u00edch: thang m\u00e1y ri\u00eang, l\u00fd t\u01b0\u1edfng cho gia \u0111\u00ecnh nhi\u1ec1u th\u1ebf h\u1ec7 ho\u1eb7c k\u1ebft h\u1ee3p \u1edf v\u00e0 kinh doanh<\/li>\n<li>Phong c\u00e1ch thi\u1ebft k\u1ebf: ki\u1ebfn \u200b\u200btr\u00fac hi\u1ec7n \u0111\u1ea1i, b\u1ed1 tr\u00ed c\u00f4ng n\u0103ng h\u1ee3p l\u00fd, kh\u00f4ng gian s\u1ed1ng tho\u00e1ng \u0111\u00e3ng, tr\u00e0n ng\u1eadp \u00e1nh s\u00e1ng t\u1ef1 nhi\u00ean<\/li>\n<\/ul>\n<\/li>\n<\/ul>\n<div style=\"padding-left: 40px;\">T\u1ecda l\u1ea1c t\u1ea1i H\u1ea3i Ch\u00e2u \u2013 trung t\u00e2m s\u00f4i \u0111\u1ed9ng c\u1ee7a \u0110\u00e0 N\u1eb5ng \u2013 c\u0103n bi\u1ec7t th\u1ef1 n\u00e0y kh\u00f4ng ch\u1ec9 mang \u0111\u1ebfn kh\u00f4ng gian s\u1ed1ng \u0111\u1eb3ng c\u1ea5p m\u00e0 c\u00f2n s\u1edf h\u1eefu ti\u1ec1m n\u0103ng \u0111\u1ea7u t\u01b0 v\u01b0\u1ee3t tr\u1ed9i.<\/div>\n","protected":false},"excerpt":{"rendered":"<h3>Bi\u1ec7t th\u1ef1 sang tr\u1ecdng ngay trung t\u00e2m qu\u1eadn H\u1ea3i Ch\u00e2u, di\u1ec7n t\u00edch \u0111\u1ea5t 150m\u00b2, di\u1ec7n t\u00edch x\u00e2y d\u1ef1ng 78m\u00b2, t\u1ed5ng di\u1ec7n t\u00edch s\u00e0n 348m\u00b2. G\u1ed3m 6 ph\u00f2ng ng\u1ee7 r\u1ed9ng r\u00e3i, 8 ph\u00f2ng t\u1eafm v\u00e0 thang m\u00e1y ri\u00eang.<\/h3>\n","protected":false},"featured_media":560,"comment_status":"open","ping_status":"closed","template":"","meta":[],"product_brand":[],"product_cat":[15],"product_tag":[],"class_list":{"0":"post-559","1":"product","2":"type-product","3":"status-publish","4":"has-post-thumbnail","6":"product_cat-villa","8":"first","9":"instock","10":"taxable","11":"shipping-taxable","12":"product-type-simple"},"yoast_head":"<!-- This site is optimized with the Yoast SEO Premium plugin v21.4 (Yoast SEO v24.9) - https:\/\/yoast.com\/wordpress\/plugins\/seo\/ -->\n<title>Bi\u1ec7t th\u1ef1 cao c\u1ea5p c\u1ea7n b\u00e1n t\u1ea1i qu\u1eadn H\u1ea3i Ch\u00e2u \u2013 6 ph\u00f2ng ng\u1ee7, 8 ph\u00f2ng t\u1eafm, thang m\u00e1y \u2013 Di\u1ec7n t\u00edch \u0111\u1ea5t 150m\u00b2, T\u1ed5ng di\u1ec7n t\u00edch s\u00e0n 348m\u00b2 - LUXURY PROJECTS<\/title>\n<meta name=\"robots\" content=\"index, follow, max-snippet:-1, max-image-preview:large, max-video-preview:-1\" \/>\n<link rel=\"canonical\" href=\"https:\/\/luxuryprojects.vn\/vi\/projects\/luxury-villa-for-sale-in-hai-chau-district-6-bedrooms-8-bathrooms-elevator-150m\u00b2-land-348m\u00b2-gfa\/\" \/>\n<meta property=\"og:locale\" content=\"vi_VN\" \/>\n<meta property=\"og:type\" content=\"article\" \/>\n<meta property=\"og:title\" content=\"Bi\u1ec7t th\u1ef1 cao c\u1ea5p c\u1ea7n b\u00e1n t\u1ea1i qu\u1eadn H\u1ea3i Ch\u00e2u \u2013 6 ph\u00f2ng ng\u1ee7, 8 ph\u00f2ng t\u1eafm, thang m\u00e1y \u2013 Di\u1ec7n t\u00edch \u0111\u1ea5t 150m\u00b2, T\u1ed5ng di\u1ec7n t\u00edch s\u00e0n 348m\u00b2\" \/>\n<meta property=\"og:description\" content=\"Bi\u1ec7t th\u1ef1 sang tr\u1ecdng ngay trung t\u00e2m qu\u1eadn H\u1ea3i Ch\u00e2u, di\u1ec7n t\u00edch \u0111\u1ea5t 150m\u00b2, di\u1ec7n t\u00edch x\u00e2y d\u1ef1ng 78m\u00b2, t\u1ed5ng di\u1ec7n t\u00edch s\u00e0n 348m\u00b2. G\u1ed3m 6 ph\u00f2ng ng\u1ee7 r\u1ed9ng r\u00e3i, 8 ph\u00f2ng t\u1eafm v\u00e0 thang m\u00e1y ri\u00eang.\" \/>\n<meta property=\"og:url\" content=\"https:\/\/luxuryprojects.vn\/vi\/projects\/luxury-villa-for-sale-in-hai-chau-district-6-bedrooms-8-bathrooms-elevator-150m\u00b2-land-348m\u00b2-gfa\/\" \/>\n<meta property=\"og:site_name\" content=\"LUXURY PROJECTS\" \/>\n<meta property=\"article:modified_time\" content=\"2025-08-22T07:25:30+00:00\" \/>\n<meta property=\"og:image\" content=\"https:\/\/luxuryprojects.vn\/vi\/wp-content\/uploads\/2025\/08\/Noi-dung-doan-van-ban-cua-ban-6.png\" \/>\n\t<meta property=\"og:image:width\" content=\"1020\" \/>\n\t<meta property=\"og:image:height\" content=\"1020\" \/>\n\t<meta property=\"og:image:type\" content=\"image\/png\" \/>\n<meta name=\"twitter:card\" content=\"summary_large_image\" \/>\n<meta name=\"twitter:label1\" content=\"\u01af\u1edbc t\u00ednh th\u1eddi gian \u0111\u1ecdc\" \/>\n\t<meta name=\"twitter:data1\" content=\"2 ph\u00fat\" \/>\n<script type=\"application\/ld+json\" class=\"yoast-schema-graph\">{\"@context\":\"https:\/\/schema.org\",\"@graph\":[{\"@type\":\"WebPage\",\"@id\":\"https:\/\/luxuryprojects.vn\/vi\/projects\/luxury-villa-for-sale-in-hai-chau-district-6-bedrooms-8-bathrooms-elevator-150m%c2%b2-land-348m%c2%b2-gfa\/\",\"url\":\"https:\/\/luxuryprojects.vn\/vi\/projects\/luxury-villa-for-sale-in-hai-chau-district-6-bedrooms-8-bathrooms-elevator-150m%c2%b2-land-348m%c2%b2-gfa\/\",\"name\":\"Bi\u1ec7t th\u1ef1 cao c\u1ea5p c\u1ea7n b\u00e1n t\u1ea1i qu\u1eadn H\u1ea3i Ch\u00e2u \u2013 6 ph\u00f2ng ng\u1ee7, 8 ph\u00f2ng t\u1eafm, thang m\u00e1y \u2013 Di\u1ec7n t\u00edch \u0111\u1ea5t 150m\u00b2, T\u1ed5ng di\u1ec7n t\u00edch s\u00e0n 348m\u00b2 - LUXURY PROJECTS\",\"isPartOf\":{\"@id\":\"https:\/\/luxuryprojects.vn\/vi\/#website\"},\"primaryImageOfPage\":{\"@id\":\"https:\/\/luxuryprojects.vn\/vi\/projects\/luxury-villa-for-sale-in-hai-chau-district-6-bedrooms-8-bathrooms-elevator-150m%c2%b2-land-348m%c2%b2-gfa\/#primaryimage\"},\"image\":{\"@id\":\"https:\/\/luxuryprojects.vn\/vi\/projects\/luxury-villa-for-sale-in-hai-chau-district-6-bedrooms-8-bathrooms-elevator-150m%c2%b2-land-348m%c2%b2-gfa\/#primaryimage\"},\"thumbnailUrl\":\"https:\/\/luxuryprojects.vn\/vi\/wp-content\/uploads\/2025\/08\/Noi-dung-doan-van-ban-cua-ban-6.png\",\"datePublished\":\"2025-08-16T02:03:23+00:00\",\"dateModified\":\"2025-08-22T07:25:30+00:00\",\"breadcrumb\":{\"@id\":\"https:\/\/luxuryprojects.vn\/vi\/projects\/luxury-villa-for-sale-in-hai-chau-district-6-bedrooms-8-bathrooms-elevator-150m%c2%b2-land-348m%c2%b2-gfa\/#breadcrumb\"},\"inLanguage\":\"vi\",\"potentialAction\":[{\"@type\":\"ReadAction\",\"target\":[\"https:\/\/luxuryprojects.vn\/vi\/projects\/luxury-villa-for-sale-in-hai-chau-district-6-bedrooms-8-bathrooms-elevator-150m%c2%b2-land-348m%c2%b2-gfa\/\"]}]},{\"@type\":\"ImageObject\",\"inLanguage\":\"vi\",\"@id\":\"https:\/\/luxuryprojects.vn\/vi\/projects\/luxury-villa-for-sale-in-hai-chau-district-6-bedrooms-8-bathrooms-elevator-150m%c2%b2-land-348m%c2%b2-gfa\/#primaryimage\",\"url\":\"https:\/\/luxuryprojects.vn\/vi\/wp-content\/uploads\/2025\/08\/Noi-dung-doan-van-ban-cua-ban-6.png\",\"contentUrl\":\"https:\/\/luxuryprojects.vn\/vi\/wp-content\/uploads\/2025\/08\/Noi-dung-doan-van-ban-cua-ban-6.png\",\"width\":2000,\"height\":2000},{\"@type\":\"BreadcrumbList\",\"@id\":\"https:\/\/luxuryprojects.vn\/vi\/projects\/luxury-villa-for-sale-in-hai-chau-district-6-bedrooms-8-bathrooms-elevator-150m%c2%b2-land-348m%c2%b2-gfa\/#breadcrumb\",\"itemListElement\":[{\"@type\":\"ListItem\",\"position\":1,\"name\":\"Home\",\"item\":\"https:\/\/luxuryprojects.vn\/vi\/\"},{\"@type\":\"ListItem\",\"position\":2,\"name\":\"T\u1ea5t c\u1ea3\",\"item\":\"https:\/\/luxuryprojects.vn\/vi\/projects\/\"},{\"@type\":\"ListItem\",\"position\":3,\"name\":\"Bi\u1ec7t th\u1ef1 cao c\u1ea5p c\u1ea7n b\u00e1n t\u1ea1i qu\u1eadn H\u1ea3i Ch\u00e2u \u2013 6 ph\u00f2ng ng\u1ee7, 8 ph\u00f2ng t\u1eafm, thang m\u00e1y \u2013 Di\u1ec7n t\u00edch \u0111\u1ea5t 150m\u00b2, T\u1ed5ng di\u1ec7n t\u00edch s\u00e0n 348m\u00b2\"}]},{\"@type\":\"WebSite\",\"@id\":\"https:\/\/luxuryprojects.vn\/vi\/#website\",\"url\":\"https:\/\/luxuryprojects.vn\/vi\/\",\"name\":\"LUXURY PROJECTS\",\"description\":\"Turning Dreams Into Addresses\",\"potentialAction\":[{\"@type\":\"SearchAction\",\"target\":{\"@type\":\"EntryPoint\",\"urlTemplate\":\"https:\/\/luxuryprojects.vn\/vi\/?s={search_term_string}\"},\"query-input\":{\"@type\":\"PropertyValueSpecification\",\"valueRequired\":true,\"valueName\":\"search_term_string\"}}],\"inLanguage\":\"vi\"}]}<\/script>\n<!-- \/ Yoast SEO Premium plugin. -->","yoast_head_json":{"title":"Bi\u1ec7t th\u1ef1 cao c\u1ea5p c\u1ea7n b\u00e1n t\u1ea1i qu\u1eadn H\u1ea3i Ch\u00e2u \u2013 6 ph\u00f2ng ng\u1ee7, 8 ph\u00f2ng t\u1eafm, thang m\u00e1y \u2013 Di\u1ec7n t\u00edch \u0111\u1ea5t 150m\u00b2, T\u1ed5ng di\u1ec7n t\u00edch s\u00e0n 348m\u00b2 - LUXURY PROJECTS","robots":{"index":"index","follow":"follow","max-snippet":"max-snippet:-1","max-image-preview":"max-image-preview:large","max-video-preview":"max-video-preview:-1"},"canonical":"https:\/\/luxuryprojects.vn\/vi\/projects\/luxury-villa-for-sale-in-hai-chau-district-6-bedrooms-8-bathrooms-elevator-150m\u00b2-land-348m\u00b2-gfa\/","og_locale":"vi_VN","og_type":"article","og_title":"Bi\u1ec7t th\u1ef1 cao c\u1ea5p c\u1ea7n b\u00e1n t\u1ea1i qu\u1eadn H\u1ea3i Ch\u00e2u \u2013 6 ph\u00f2ng ng\u1ee7, 8 ph\u00f2ng t\u1eafm, thang m\u00e1y \u2013 Di\u1ec7n t\u00edch \u0111\u1ea5t 150m\u00b2, T\u1ed5ng di\u1ec7n t\u00edch s\u00e0n 348m\u00b2","og_description":"Bi\u1ec7t th\u1ef1 sang tr\u1ecdng ngay trung t\u00e2m qu\u1eadn H\u1ea3i Ch\u00e2u, di\u1ec7n t\u00edch \u0111\u1ea5t 150m\u00b2, di\u1ec7n t\u00edch x\u00e2y d\u1ef1ng 78m\u00b2, t\u1ed5ng di\u1ec7n t\u00edch s\u00e0n 348m\u00b2. G\u1ed3m 6 ph\u00f2ng ng\u1ee7 r\u1ed9ng r\u00e3i, 8 ph\u00f2ng t\u1eafm v\u00e0 thang m\u00e1y ri\u00eang.","og_url":"https:\/\/luxuryprojects.vn\/vi\/projects\/luxury-villa-for-sale-in-hai-chau-district-6-bedrooms-8-bathrooms-elevator-150m\u00b2-land-348m\u00b2-gfa\/","og_site_name":"LUXURY PROJECTS","article_modified_time":"2025-08-22T07:25:30+00:00","og_image":[{"url":"https:\/\/luxuryprojects.vn\/vi\/wp-content\/uploads\/2025\/08\/Noi-dung-doan-van-ban-cua-ban-6.png","width":1020,"height":1020,"type":"image\/png"}],"twitter_card":"summary_large_image","twitter_misc":{"\u01af\u1edbc t\u00ednh th\u1eddi gian \u0111\u1ecdc":"2 ph\u00fat"},"schema":{"@context":"https:\/\/schema.org","@graph":[{"@type":"WebPage","@id":"https:\/\/luxuryprojects.vn\/vi\/projects\/luxury-villa-for-sale-in-hai-chau-district-6-bedrooms-8-bathrooms-elevator-150m%c2%b2-land-348m%c2%b2-gfa\/","url":"https:\/\/luxuryprojects.vn\/vi\/projects\/luxury-villa-for-sale-in-hai-chau-district-6-bedrooms-8-bathrooms-elevator-150m%c2%b2-land-348m%c2%b2-gfa\/","name":"Bi\u1ec7t th\u1ef1 cao c\u1ea5p c\u1ea7n b\u00e1n t\u1ea1i qu\u1eadn H\u1ea3i Ch\u00e2u \u2013 6 ph\u00f2ng ng\u1ee7, 8 ph\u00f2ng t\u1eafm, thang m\u00e1y \u2013 Di\u1ec7n t\u00edch \u0111\u1ea5t 150m\u00b2, T\u1ed5ng di\u1ec7n t\u00edch s\u00e0n 348m\u00b2 - LUXURY PROJECTS","isPartOf":{"@id":"https:\/\/luxuryprojects.vn\/vi\/#website"},"primaryImageOfPage":{"@id":"https:\/\/luxuryprojects.vn\/vi\/projects\/luxury-villa-for-sale-in-hai-chau-district-6-bedrooms-8-bathrooms-elevator-150m%c2%b2-land-348m%c2%b2-gfa\/#primaryimage"},"image":{"@id":"https:\/\/luxuryprojects.vn\/vi\/projects\/luxury-villa-for-sale-in-hai-chau-district-6-bedrooms-8-bathrooms-elevator-150m%c2%b2-land-348m%c2%b2-gfa\/#primaryimage"},"thumbnailUrl":"https:\/\/luxuryprojects.vn\/vi\/wp-content\/uploads\/2025\/08\/Noi-dung-doan-van-ban-cua-ban-6.png","datePublished":"2025-08-16T02:03:23+00:00","dateModified":"2025-08-22T07:25:30+00:00","breadcrumb":{"@id":"https:\/\/luxuryprojects.vn\/vi\/projects\/luxury-villa-for-sale-in-hai-chau-district-6-bedrooms-8-bathrooms-elevator-150m%c2%b2-land-348m%c2%b2-gfa\/#breadcrumb"},"inLanguage":"vi","potentialAction":[{"@type":"ReadAction","target":["https:\/\/luxuryprojects.vn\/vi\/projects\/luxury-villa-for-sale-in-hai-chau-district-6-bedrooms-8-bathrooms-elevator-150m%c2%b2-land-348m%c2%b2-gfa\/"]}]},{"@type":"ImageObject","inLanguage":"vi","@id":"https:\/\/luxuryprojects.vn\/vi\/projects\/luxury-villa-for-sale-in-hai-chau-district-6-bedrooms-8-bathrooms-elevator-150m%c2%b2-land-348m%c2%b2-gfa\/#primaryimage","url":"https:\/\/luxuryprojects.vn\/vi\/wp-content\/uploads\/2025\/08\/Noi-dung-doan-van-ban-cua-ban-6.png","contentUrl":"https:\/\/luxuryprojects.vn\/vi\/wp-content\/uploads\/2025\/08\/Noi-dung-doan-van-ban-cua-ban-6.png","width":2000,"height":2000},{"@type":"BreadcrumbList","@id":"https:\/\/luxuryprojects.vn\/vi\/projects\/luxury-villa-for-sale-in-hai-chau-district-6-bedrooms-8-bathrooms-elevator-150m%c2%b2-land-348m%c2%b2-gfa\/#breadcrumb","itemListElement":[{"@type":"ListItem","position":1,"name":"Home","item":"https:\/\/luxuryprojects.vn\/vi\/"},{"@type":"ListItem","position":2,"name":"T\u1ea5t c\u1ea3","item":"https:\/\/luxuryprojects.vn\/vi\/projects\/"},{"@type":"ListItem","position":3,"name":"Bi\u1ec7t th\u1ef1 cao c\u1ea5p c\u1ea7n b\u00e1n t\u1ea1i qu\u1eadn H\u1ea3i Ch\u00e2u \u2013 6 ph\u00f2ng ng\u1ee7, 8 ph\u00f2ng t\u1eafm, thang m\u00e1y \u2013 Di\u1ec7n t\u00edch \u0111\u1ea5t 150m\u00b2, T\u1ed5ng di\u1ec7n t\u00edch s\u00e0n 348m\u00b2"}]},{"@type":"WebSite","@id":"https:\/\/luxuryprojects.vn\/vi\/#website","url":"https:\/\/luxuryprojects.vn\/vi\/","name":"LUXURY PROJECTS","description":"Turning Dreams Into Addresses","potentialAction":[{"@type":"SearchAction","target":{"@type":"EntryPoint","urlTemplate":"https:\/\/luxuryprojects.vn\/vi\/?s={search_term_string}"},"query-input":{"@type":"PropertyValueSpecification","valueRequired":true,"valueName":"search_term_string"}}],"inLanguage":"vi"}]}},"_links":{"self":[{"href":"https:\/\/luxuryprojects.vn\/vi\/wp-json\/wp\/v2\/product\/559","targetHints":{"allow":["GET"]}}],"collection":[{"href":"https:\/\/luxuryprojects.vn\/vi\/wp-json\/wp\/v2\/product"}],"about":[{"href":"https:\/\/luxuryprojects.vn\/vi\/wp-json\/wp\/v2\/types\/product"}],"replies":[{"embeddable":true,"href":"https:\/\/luxuryprojects.vn\/vi\/wp-json\/wp\/v2\/comments?post=559"}],"wp:featuredmedia":[{"embeddable":true,"href":"https:\/\/luxuryprojects.vn\/vi\/wp-json\/wp\/v2\/media\/560"}],"wp:attachment":[{"href":"https:\/\/luxuryprojects.vn\/vi\/wp-json\/wp\/v2\/media?parent=559"}],"wp:term":[{"taxonomy":"product_brand","embeddable":true,"href":"https:\/\/luxuryprojects.vn\/vi\/wp-json\/wp\/v2\/product_brand?post=559"},{"taxonomy":"product_cat","embeddable":true,"href":"https:\/\/luxuryprojects.vn\/vi\/wp-json\/wp\/v2\/product_cat?post=559"},{"taxonomy":"product_tag","embeddable":true,"href":"https:\/\/luxuryprojects.vn\/vi\/wp-json\/wp\/v2\/product_tag?post=559"}],"curies":[{"name":"wp","href":"https:\/\/api.w.org\/{rel}","templated":true}]}}