{"id":571,"date":"2025-08-16T02:14:07","date_gmt":"2025-08-16T02:14:07","guid":{"rendered":"https:\/\/luxuryprojects.vn\/?post_type=product&#038;p=571"},"modified":"2025-08-22T07:20:40","modified_gmt":"2025-08-22T07:20:40","slug":"riverside-luxury-villa-for-sale-cam-le-da-nang-8-bedrooms-4-floors-367m%c2%b2-land","status":"publish","type":"product","link":"https:\/\/luxuryprojects.vn\/vi\/projects\/riverside-luxury-villa-for-sale-cam-le-da-nang-8-bedrooms-4-floors-367m%c2%b2-land\/","title":{"rendered":"Bi\u1ec7t th\u1ef1 cao c\u1ea5p ven s\u00f4ng c\u1ea7n b\u00e1n \u2013 C\u1ea9m L\u1ec7, \u0110\u00e0 N\u1eb5ng \u2013 8 ph\u00f2ng ng\u1ee7, 4 t\u1ea7ng, di\u1ec7n t\u00edch \u0111\u1ea5t 367m\u00b2"},"content":{"rendered":"<p style=\"padding-left: 40px;\">Bi\u1ec7t th\u1ef1 ven s\u00f4ng cao c\u1ea5p t\u1ea1i C\u1ea9m L\u1ec7, \u0110\u00e0 N\u1eb5ng n\u00e0y l\u00e0 c\u01a1 h\u1ed9i hi\u1ebfm c\u00f3 cho c\u1ea3 cu\u1ed9c s\u1ed1ng sang tr\u1ecdng v\u00e0 \u0111\u1ea7u t\u01b0:<\/p>\n<ul>\n<li style=\"list-style-type: none;\">\n<ul>\n<li>Di\u1ec7n t\u00edch \u0111\u1ea5t: 367m\u00b2<\/li>\n<li>T\u1ed5ng di\u1ec7n t\u00edch x\u00e2y d\u1ef1ng: 600m\u00b2<\/li>\n<li>S\u1ed1 t\u1ea7ng: 4<\/li>\n<li>Ph\u00f2ng ng\u1ee7: 8 ph\u00f2ng ng\u1ee7 r\u1ed9ng r\u00e3i, thi\u1ebft k\u1ebf tinh t\u1ebf<\/li>\n<li>Ph\u00f2ng t\u1eafm: nhi\u1ec1u ph\u00f2ng t\u1eafm \u0111\u1ea7y \u0111\u1ee7 ti\u1ec7n nghi (l\u00fd t\u01b0\u1edfng cho gia \u0111\u00ecnh ho\u1eb7c cho thu\u00ea)<\/li>\n<li>T\u1ea7m nh\u00ecn: to\u00e0n c\u1ea3nh s\u00f4ng n\u01b0\u1edbc<\/li>\n<li>V\u1ecb tr\u00ed: T\u1ecda l\u1ea1c t\u1ea1i khu v\u1ef1c c\u00f9 lao C\u1ea9m L\u1ec7, mang \u0111\u1ebfn s\u1ef1 ri\u00eang t\u01b0 v\u00e0 d\u1ec5 d\u00e0ng di chuy\u1ec3n \u0111\u1ebfn trung t\u00e2m th\u00e0nh ph\u1ed1<\/li>\n<\/ul>\n<\/li>\n<\/ul>\n<p style=\"padding-left: 40px;\">\u0110\u01b0\u1ee3c thi\u1ebft k\u1ebf theo phong c\u00e1ch ki\u1ebfn \u200b\u200btr\u00fac hi\u1ec7n \u0111\u1ea1i, bi\u1ec7t th\u1ef1 n\u00e0y k\u1ebft h\u1ee3p gi\u1eefa s\u1ef1 ti\u1ec7n nghi, sang tr\u1ecdng v\u00e0 c\u00f4ng n\u0103ng s\u1eed d\u1ee5ng. Ho\u00e0n h\u1ea3o cho m\u1ed9t n\u01a1i \u1edf gia \u0111\u00ecnh \u0111\u00f4ng ng\u01b0\u1eddi, homestay sang tr\u1ecdng ho\u1eb7c \u0111\u1ea7u t\u01b0 d\u00e0i h\u1ea1n tr\u00ean th\u1ecb tr\u01b0\u1eddng b\u1ea5t \u0111\u1ed9ng s\u1ea3n \u0111ang b\u00f9ng n\u1ed5 t\u1ea1i \u0110\u00e0 N\u1eb5ng.<\/p>\n","protected":false},"excerpt":{"rendered":"<p>Bi\u1ec7t th\u1ef1 \u0111\u1ed9c quy\u1ec1n t\u1ecda l\u1ea1c t\u1ea1i khu v\u1ef1c c\u00f9 lao C\u1ea9m L\u1ec7, \u0110\u00e0 N\u1eb5ng. Di\u1ec7n t\u00edch \u0111\u1ea5t 367m\u00b2, di\u1ec7n t\u00edch x\u00e2y d\u1ef1ng 600m\u00b2, 4 t\u1ea7ng v\u1edbi 8 ph\u00f2ng ng\u1ee7 r\u1ed9ng r\u00e3i, t\u1ea7m nh\u00ecn h\u01b0\u1edbng s\u00f4ng tuy\u1ec7t \u0111\u1eb9p.<\/p>\n","protected":false},"featured_media":574,"comment_status":"open","ping_status":"closed","template":"","meta":[],"product_brand":[],"product_cat":[15],"product_tag":[],"class_list":{"0":"post-571","1":"product","2":"type-product","3":"status-publish","4":"has-post-thumbnail","6":"product_cat-villa","8":"first","9":"instock","10":"taxable","11":"shipping-taxable","12":"product-type-simple"},"yoast_head":"<!-- This site is optimized with the Yoast SEO Premium plugin v21.4 (Yoast SEO v24.9) - https:\/\/yoast.com\/wordpress\/plugins\/seo\/ -->\n<title>Bi\u1ec7t th\u1ef1 cao c\u1ea5p ven s\u00f4ng c\u1ea7n b\u00e1n \u2013 C\u1ea9m L\u1ec7, \u0110\u00e0 N\u1eb5ng \u2013 8 ph\u00f2ng ng\u1ee7, 4 t\u1ea7ng, di\u1ec7n t\u00edch \u0111\u1ea5t 367m\u00b2 - LUXURY PROJECTS<\/title>\n<meta name=\"robots\" content=\"index, follow, max-snippet:-1, max-image-preview:large, max-video-preview:-1\" \/>\n<link rel=\"canonical\" href=\"https:\/\/luxuryprojects.vn\/vi\/projects\/riverside-luxury-villa-for-sale-cam-le-da-nang-8-bedrooms-4-floors-367m\u00b2-land\/\" \/>\n<meta property=\"og:locale\" content=\"vi_VN\" \/>\n<meta property=\"og:type\" content=\"article\" \/>\n<meta property=\"og:title\" content=\"Bi\u1ec7t th\u1ef1 cao c\u1ea5p ven s\u00f4ng c\u1ea7n b\u00e1n \u2013 C\u1ea9m L\u1ec7, \u0110\u00e0 N\u1eb5ng \u2013 8 ph\u00f2ng ng\u1ee7, 4 t\u1ea7ng, di\u1ec7n t\u00edch \u0111\u1ea5t 367m\u00b2\" \/>\n<meta property=\"og:description\" content=\"Bi\u1ec7t th\u1ef1 \u0111\u1ed9c quy\u1ec1n t\u1ecda l\u1ea1c t\u1ea1i khu v\u1ef1c c\u00f9 lao C\u1ea9m L\u1ec7, \u0110\u00e0 N\u1eb5ng. Di\u1ec7n t\u00edch \u0111\u1ea5t 367m\u00b2, di\u1ec7n t\u00edch x\u00e2y d\u1ef1ng 600m\u00b2, 4 t\u1ea7ng v\u1edbi 8 ph\u00f2ng ng\u1ee7 r\u1ed9ng r\u00e3i, t\u1ea7m nh\u00ecn h\u01b0\u1edbng s\u00f4ng tuy\u1ec7t \u0111\u1eb9p.\" \/>\n<meta property=\"og:url\" content=\"https:\/\/luxuryprojects.vn\/vi\/projects\/riverside-luxury-villa-for-sale-cam-le-da-nang-8-bedrooms-4-floors-367m\u00b2-land\/\" \/>\n<meta property=\"og:site_name\" content=\"LUXURY PROJECTS\" \/>\n<meta property=\"article:modified_time\" content=\"2025-08-22T07:20:40+00:00\" \/>\n<meta property=\"og:image\" content=\"https:\/\/luxuryprojects.vn\/vi\/wp-content\/uploads\/2025\/08\/Noi-dung-doan-van-ban-cua-ban-7.png\" \/>\n\t<meta property=\"og:image:width\" content=\"1020\" \/>\n\t<meta property=\"og:image:height\" content=\"1020\" \/>\n\t<meta property=\"og:image:type\" content=\"image\/png\" \/>\n<meta name=\"twitter:card\" content=\"summary_large_image\" \/>\n<meta name=\"twitter:label1\" content=\"\u01af\u1edbc t\u00ednh th\u1eddi gian \u0111\u1ecdc\" \/>\n\t<meta name=\"twitter:data1\" content=\"2 ph\u00fat\" \/>\n<script type=\"application\/ld+json\" class=\"yoast-schema-graph\">{\"@context\":\"https:\/\/schema.org\",\"@graph\":[{\"@type\":\"WebPage\",\"@id\":\"https:\/\/luxuryprojects.vn\/vi\/projects\/riverside-luxury-villa-for-sale-cam-le-da-nang-8-bedrooms-4-floors-367m%c2%b2-land\/\",\"url\":\"https:\/\/luxuryprojects.vn\/vi\/projects\/riverside-luxury-villa-for-sale-cam-le-da-nang-8-bedrooms-4-floors-367m%c2%b2-land\/\",\"name\":\"Bi\u1ec7t th\u1ef1 cao c\u1ea5p ven s\u00f4ng c\u1ea7n b\u00e1n \u2013 C\u1ea9m L\u1ec7, \u0110\u00e0 N\u1eb5ng \u2013 8 ph\u00f2ng ng\u1ee7, 4 t\u1ea7ng, di\u1ec7n t\u00edch \u0111\u1ea5t 367m\u00b2 - LUXURY PROJECTS\",\"isPartOf\":{\"@id\":\"https:\/\/luxuryprojects.vn\/vi\/#website\"},\"primaryImageOfPage\":{\"@id\":\"https:\/\/luxuryprojects.vn\/vi\/projects\/riverside-luxury-villa-for-sale-cam-le-da-nang-8-bedrooms-4-floors-367m%c2%b2-land\/#primaryimage\"},\"image\":{\"@id\":\"https:\/\/luxuryprojects.vn\/vi\/projects\/riverside-luxury-villa-for-sale-cam-le-da-nang-8-bedrooms-4-floors-367m%c2%b2-land\/#primaryimage\"},\"thumbnailUrl\":\"https:\/\/luxuryprojects.vn\/vi\/wp-content\/uploads\/2025\/08\/Noi-dung-doan-van-ban-cua-ban-7.png\",\"datePublished\":\"2025-08-16T02:14:07+00:00\",\"dateModified\":\"2025-08-22T07:20:40+00:00\",\"breadcrumb\":{\"@id\":\"https:\/\/luxuryprojects.vn\/vi\/projects\/riverside-luxury-villa-for-sale-cam-le-da-nang-8-bedrooms-4-floors-367m%c2%b2-land\/#breadcrumb\"},\"inLanguage\":\"vi\",\"potentialAction\":[{\"@type\":\"ReadAction\",\"target\":[\"https:\/\/luxuryprojects.vn\/vi\/projects\/riverside-luxury-villa-for-sale-cam-le-da-nang-8-bedrooms-4-floors-367m%c2%b2-land\/\"]}]},{\"@type\":\"ImageObject\",\"inLanguage\":\"vi\",\"@id\":\"https:\/\/luxuryprojects.vn\/vi\/projects\/riverside-luxury-villa-for-sale-cam-le-da-nang-8-bedrooms-4-floors-367m%c2%b2-land\/#primaryimage\",\"url\":\"https:\/\/luxuryprojects.vn\/vi\/wp-content\/uploads\/2025\/08\/Noi-dung-doan-van-ban-cua-ban-7.png\",\"contentUrl\":\"https:\/\/luxuryprojects.vn\/vi\/wp-content\/uploads\/2025\/08\/Noi-dung-doan-van-ban-cua-ban-7.png\",\"width\":2000,\"height\":2000},{\"@type\":\"BreadcrumbList\",\"@id\":\"https:\/\/luxuryprojects.vn\/vi\/projects\/riverside-luxury-villa-for-sale-cam-le-da-nang-8-bedrooms-4-floors-367m%c2%b2-land\/#breadcrumb\",\"itemListElement\":[{\"@type\":\"ListItem\",\"position\":1,\"name\":\"Home\",\"item\":\"https:\/\/luxuryprojects.vn\/vi\/\"},{\"@type\":\"ListItem\",\"position\":2,\"name\":\"T\u1ea5t c\u1ea3\",\"item\":\"https:\/\/luxuryprojects.vn\/vi\/projects\/\"},{\"@type\":\"ListItem\",\"position\":3,\"name\":\"Bi\u1ec7t th\u1ef1 cao c\u1ea5p ven s\u00f4ng c\u1ea7n b\u00e1n \u2013 C\u1ea9m L\u1ec7, \u0110\u00e0 N\u1eb5ng \u2013 8 ph\u00f2ng ng\u1ee7, 4 t\u1ea7ng, di\u1ec7n t\u00edch \u0111\u1ea5t 367m\u00b2\"}]},{\"@type\":\"WebSite\",\"@id\":\"https:\/\/luxuryprojects.vn\/vi\/#website\",\"url\":\"https:\/\/luxuryprojects.vn\/vi\/\",\"name\":\"LUXURY PROJECTS\",\"description\":\"Turning Dreams Into Addresses\",\"potentialAction\":[{\"@type\":\"SearchAction\",\"target\":{\"@type\":\"EntryPoint\",\"urlTemplate\":\"https:\/\/luxuryprojects.vn\/vi\/?s={search_term_string}\"},\"query-input\":{\"@type\":\"PropertyValueSpecification\",\"valueRequired\":true,\"valueName\":\"search_term_string\"}}],\"inLanguage\":\"vi\"}]}<\/script>\n<!-- \/ Yoast SEO Premium plugin. -->","yoast_head_json":{"title":"Bi\u1ec7t th\u1ef1 cao c\u1ea5p ven s\u00f4ng c\u1ea7n b\u00e1n \u2013 C\u1ea9m L\u1ec7, \u0110\u00e0 N\u1eb5ng \u2013 8 ph\u00f2ng ng\u1ee7, 4 t\u1ea7ng, di\u1ec7n t\u00edch \u0111\u1ea5t 367m\u00b2 - LUXURY PROJECTS","robots":{"index":"index","follow":"follow","max-snippet":"max-snippet:-1","max-image-preview":"max-image-preview:large","max-video-preview":"max-video-preview:-1"},"canonical":"https:\/\/luxuryprojects.vn\/vi\/projects\/riverside-luxury-villa-for-sale-cam-le-da-nang-8-bedrooms-4-floors-367m\u00b2-land\/","og_locale":"vi_VN","og_type":"article","og_title":"Bi\u1ec7t th\u1ef1 cao c\u1ea5p ven s\u00f4ng c\u1ea7n b\u00e1n \u2013 C\u1ea9m L\u1ec7, \u0110\u00e0 N\u1eb5ng \u2013 8 ph\u00f2ng ng\u1ee7, 4 t\u1ea7ng, di\u1ec7n t\u00edch \u0111\u1ea5t 367m\u00b2","og_description":"Bi\u1ec7t th\u1ef1 \u0111\u1ed9c quy\u1ec1n t\u1ecda l\u1ea1c t\u1ea1i khu v\u1ef1c c\u00f9 lao C\u1ea9m L\u1ec7, \u0110\u00e0 N\u1eb5ng. Di\u1ec7n t\u00edch \u0111\u1ea5t 367m\u00b2, di\u1ec7n t\u00edch x\u00e2y d\u1ef1ng 600m\u00b2, 4 t\u1ea7ng v\u1edbi 8 ph\u00f2ng ng\u1ee7 r\u1ed9ng r\u00e3i, t\u1ea7m nh\u00ecn h\u01b0\u1edbng s\u00f4ng tuy\u1ec7t \u0111\u1eb9p.","og_url":"https:\/\/luxuryprojects.vn\/vi\/projects\/riverside-luxury-villa-for-sale-cam-le-da-nang-8-bedrooms-4-floors-367m\u00b2-land\/","og_site_name":"LUXURY PROJECTS","article_modified_time":"2025-08-22T07:20:40+00:00","og_image":[{"url":"https:\/\/luxuryprojects.vn\/vi\/wp-content\/uploads\/2025\/08\/Noi-dung-doan-van-ban-cua-ban-7.png","width":1020,"height":1020,"type":"image\/png"}],"twitter_card":"summary_large_image","twitter_misc":{"\u01af\u1edbc t\u00ednh th\u1eddi gian \u0111\u1ecdc":"2 ph\u00fat"},"schema":{"@context":"https:\/\/schema.org","@graph":[{"@type":"WebPage","@id":"https:\/\/luxuryprojects.vn\/vi\/projects\/riverside-luxury-villa-for-sale-cam-le-da-nang-8-bedrooms-4-floors-367m%c2%b2-land\/","url":"https:\/\/luxuryprojects.vn\/vi\/projects\/riverside-luxury-villa-for-sale-cam-le-da-nang-8-bedrooms-4-floors-367m%c2%b2-land\/","name":"Bi\u1ec7t th\u1ef1 cao c\u1ea5p ven s\u00f4ng c\u1ea7n b\u00e1n \u2013 C\u1ea9m L\u1ec7, \u0110\u00e0 N\u1eb5ng \u2013 8 ph\u00f2ng ng\u1ee7, 4 t\u1ea7ng, di\u1ec7n t\u00edch \u0111\u1ea5t 367m\u00b2 - LUXURY PROJECTS","isPartOf":{"@id":"https:\/\/luxuryprojects.vn\/vi\/#website"},"primaryImageOfPage":{"@id":"https:\/\/luxuryprojects.vn\/vi\/projects\/riverside-luxury-villa-for-sale-cam-le-da-nang-8-bedrooms-4-floors-367m%c2%b2-land\/#primaryimage"},"image":{"@id":"https:\/\/luxuryprojects.vn\/vi\/projects\/riverside-luxury-villa-for-sale-cam-le-da-nang-8-bedrooms-4-floors-367m%c2%b2-land\/#primaryimage"},"thumbnailUrl":"https:\/\/luxuryprojects.vn\/vi\/wp-content\/uploads\/2025\/08\/Noi-dung-doan-van-ban-cua-ban-7.png","datePublished":"2025-08-16T02:14:07+00:00","dateModified":"2025-08-22T07:20:40+00:00","breadcrumb":{"@id":"https:\/\/luxuryprojects.vn\/vi\/projects\/riverside-luxury-villa-for-sale-cam-le-da-nang-8-bedrooms-4-floors-367m%c2%b2-land\/#breadcrumb"},"inLanguage":"vi","potentialAction":[{"@type":"ReadAction","target":["https:\/\/luxuryprojects.vn\/vi\/projects\/riverside-luxury-villa-for-sale-cam-le-da-nang-8-bedrooms-4-floors-367m%c2%b2-land\/"]}]},{"@type":"ImageObject","inLanguage":"vi","@id":"https:\/\/luxuryprojects.vn\/vi\/projects\/riverside-luxury-villa-for-sale-cam-le-da-nang-8-bedrooms-4-floors-367m%c2%b2-land\/#primaryimage","url":"https:\/\/luxuryprojects.vn\/vi\/wp-content\/uploads\/2025\/08\/Noi-dung-doan-van-ban-cua-ban-7.png","contentUrl":"https:\/\/luxuryprojects.vn\/vi\/wp-content\/uploads\/2025\/08\/Noi-dung-doan-van-ban-cua-ban-7.png","width":2000,"height":2000},{"@type":"BreadcrumbList","@id":"https:\/\/luxuryprojects.vn\/vi\/projects\/riverside-luxury-villa-for-sale-cam-le-da-nang-8-bedrooms-4-floors-367m%c2%b2-land\/#breadcrumb","itemListElement":[{"@type":"ListItem","position":1,"name":"Home","item":"https:\/\/luxuryprojects.vn\/vi\/"},{"@type":"ListItem","position":2,"name":"T\u1ea5t c\u1ea3","item":"https:\/\/luxuryprojects.vn\/vi\/projects\/"},{"@type":"ListItem","position":3,"name":"Bi\u1ec7t th\u1ef1 cao c\u1ea5p ven s\u00f4ng c\u1ea7n b\u00e1n \u2013 C\u1ea9m L\u1ec7, \u0110\u00e0 N\u1eb5ng \u2013 8 ph\u00f2ng ng\u1ee7, 4 t\u1ea7ng, di\u1ec7n t\u00edch \u0111\u1ea5t 367m\u00b2"}]},{"@type":"WebSite","@id":"https:\/\/luxuryprojects.vn\/vi\/#website","url":"https:\/\/luxuryprojects.vn\/vi\/","name":"LUXURY PROJECTS","description":"Turning Dreams Into Addresses","potentialAction":[{"@type":"SearchAction","target":{"@type":"EntryPoint","urlTemplate":"https:\/\/luxuryprojects.vn\/vi\/?s={search_term_string}"},"query-input":{"@type":"PropertyValueSpecification","valueRequired":true,"valueName":"search_term_string"}}],"inLanguage":"vi"}]}},"_links":{"self":[{"href":"https:\/\/luxuryprojects.vn\/vi\/wp-json\/wp\/v2\/product\/571","targetHints":{"allow":["GET"]}}],"collection":[{"href":"https:\/\/luxuryprojects.vn\/vi\/wp-json\/wp\/v2\/product"}],"about":[{"href":"https:\/\/luxuryprojects.vn\/vi\/wp-json\/wp\/v2\/types\/product"}],"replies":[{"embeddable":true,"href":"https:\/\/luxuryprojects.vn\/vi\/wp-json\/wp\/v2\/comments?post=571"}],"wp:featuredmedia":[{"embeddable":true,"href":"https:\/\/luxuryprojects.vn\/vi\/wp-json\/wp\/v2\/media\/574"}],"wp:attachment":[{"href":"https:\/\/luxuryprojects.vn\/vi\/wp-json\/wp\/v2\/media?parent=571"}],"wp:term":[{"taxonomy":"product_brand","embeddable":true,"href":"https:\/\/luxuryprojects.vn\/vi\/wp-json\/wp\/v2\/product_brand?post=571"},{"taxonomy":"product_cat","embeddable":true,"href":"https:\/\/luxuryprojects.vn\/vi\/wp-json\/wp\/v2\/product_cat?post=571"},{"taxonomy":"product_tag","embeddable":true,"href":"https:\/\/luxuryprojects.vn\/vi\/wp-json\/wp\/v2\/product_tag?post=571"}],"curies":[{"name":"wp","href":"https:\/\/api.w.org\/{rel}","templated":true}]}}